{"id":1584,"date":"2025-02-07T16:18:24","date_gmt":"2025-02-07T16:18:24","guid":{"rendered":"https:\/\/pecedubovec.sk\/eshop\/?page_id=1584"},"modified":"2025-02-07T16:19:38","modified_gmt":"2025-02-07T16:19:38","slug":"kontakt","status":"publish","type":"page","link":"https:\/\/pecedubovec.sk\/eshop\/kontakt\/","title":{"rendered":"Kontakt"},"content":{"rendered":"<h3>Peter Dubovec<\/h3>\n<p>                        <a href=\"tel:+421 904 17 41 96\"> <\/p>\n<p>0904 17 41 96<\/p>\n<p><\/a><br \/>\n                        <a href=\"mailto:+pecedubovec@pecedubovec.sk\"> <\/p>\n<p>pecedubovec@pecedubovec.sk<\/p>\n<p><\/a><\/p>\n<p>Na Ple\u0161 349\/8,<\/p>\n<p>Lietavsk\u00e1 Lu\u010dka 01311<\/p>\n<p>I\u010cO: 40741397<\/p>\n","protected":false},"excerpt":{"rendered":"<p>Peter Dubovec 0904 17 41 96 pecedubovec@pecedubovec.sk Na Ple\u0161 349\/8, Lietavsk\u00e1 Lu\u010dka 01311 I\u010cO: 40741397<\/p>\n","protected":false},"author":1,"featured_media":0,"parent":0,"menu_order":0,"comment_status":"closed","ping_status":"closed","template":"","meta":{"footnotes":""},"class_list":["post-1584","page","type-page","status-publish","hentry"],"_links":{"self":[{"href":"https:\/\/pecedubovec.sk\/eshop\/wp-json\/wp\/v2\/pages\/1584","targetHints":{"allow":["GET"]}}],"collection":[{"href":"https:\/\/pecedubovec.sk\/eshop\/wp-json\/wp\/v2\/pages"}],"about":[{"href":"https:\/\/pecedubovec.sk\/eshop\/wp-json\/wp\/v2\/types\/page"}],"author":[{"embeddable":true,"href":"https:\/\/pecedubovec.sk\/eshop\/wp-json\/wp\/v2\/users\/1"}],"replies":[{"embeddable":true,"href":"https:\/\/pecedubovec.sk\/eshop\/wp-json\/wp\/v2\/comments?post=1584"}],"version-history":[{"count":2,"href":"https:\/\/pecedubovec.sk\/eshop\/wp-json\/wp\/v2\/pages\/1584\/revisions"}],"predecessor-version":[{"id":1588,"href":"https:\/\/pecedubovec.sk\/eshop\/wp-json\/wp\/v2\/pages\/1584\/revisions\/1588"}],"wp:attachment":[{"href":"https:\/\/pecedubovec.sk\/eshop\/wp-json\/wp\/v2\/media?parent=1584"}],"curies":[{"name":"wp","href":"https:\/\/api.w.org\/{rel}","templated":true}]}}