{"id":1926,"date":"2025-06-05T14:08:55","date_gmt":"2025-06-05T14:08:55","guid":{"rendered":"https:\/\/pecedubovec.sk\/eshop\/?page_id=1926"},"modified":"2025-06-05T14:16:14","modified_gmt":"2025-06-05T14:16:14","slug":"farba-kachlic","status":"publish","type":"page","link":"https:\/\/pecedubovec.sk\/eshop\/farba-kachlic\/","title":{"rendered":"Farba kachlic"},"content":{"rendered":"<p>Prezentovan\u00e9 farby dla\u017ed\u00edc sa m\u00f4\u017eu mierne l\u00ed\u0161i\u0165 od skuto\u010dn\u00fdch farieb. <\/p>\n<p>* pri transparentn\u00fdch glaz\u00farach m\u00f4\u017ee d\u00f4js\u0165 k odfarbeniu a matovaniu, \u010do je prirodzen\u00e1 vlastnos\u0165.<\/p>\n<p>Prev\u00e1dzkujete krbov\u00fd sal\u00f3n alebo ste projektant, mont\u00e9r, dod\u00e1vate\u013e kachl\u00ed a krbov\u00fdch vlo\u017eiek? Srde\u010dne v\u00e1m odpor\u00fa\u010dame zak\u00fapi\u0165 si sadu vzorkovn\u00edkov \u2013 na tento \u00fa\u010del n\u00e1s pros\u00edm kontaktujte.<\/p><figure class=\"wp-block-image size-large\"><img loading=\"lazy\" decoding=\"async\" width=\"1024\" height=\"541\" src=\"https:\/\/pecedubovec.sk\/eshop\/wp-content\/uploads\/2025\/06\/01-1024x541.png\" alt=\"\" class=\"wp-image-1929\" srcset=\"https:\/\/pecedubovec.sk\/eshop\/wp-content\/uploads\/2025\/06\/01-1024x541.png 1024w, https:\/\/pecedubovec.sk\/eshop\/wp-content\/uploads\/2025\/06\/01-300x158.png 300w, https:\/\/pecedubovec.sk\/eshop\/wp-content\/uploads\/2025\/06\/01-768x406.png 768w, https:\/\/pecedubovec.sk\/eshop\/wp-content\/uploads\/2025\/06\/01-416x220.png 416w, https:\/\/pecedubovec.sk\/eshop\/wp-content\/uploads\/2025\/06\/01.png 1276w\" sizes=\"auto, (max-width: 1024px) 100vw, 1024px\" \/><\/figure><figure class=\"wp-block-image size-large\"><img loading=\"lazy\" decoding=\"async\" width=\"1024\" height=\"692\" src=\"https:\/\/pecedubovec.sk\/eshop\/wp-content\/uploads\/2025\/06\/02-1024x692.png\" alt=\"\" class=\"wp-image-1930\" srcset=\"https:\/\/pecedubovec.sk\/eshop\/wp-content\/uploads\/2025\/06\/02-1024x692.png 1024w, https:\/\/pecedubovec.sk\/eshop\/wp-content\/uploads\/2025\/06\/02-300x203.png 300w, https:\/\/pecedubovec.sk\/eshop\/wp-content\/uploads\/2025\/06\/02-768x519.png 768w, https:\/\/pecedubovec.sk\/eshop\/wp-content\/uploads\/2025\/06\/02-416x281.png 416w, https:\/\/pecedubovec.sk\/eshop\/wp-content\/uploads\/2025\/06\/02.png 1276w\" sizes=\"auto, (max-width: 1024px) 100vw, 1024px\" \/><\/figure><figure class=\"wp-block-image size-large\"><img loading=\"lazy\" decoding=\"async\" width=\"1024\" height=\"496\" src=\"https:\/\/pecedubovec.sk\/eshop\/wp-content\/uploads\/2025\/06\/03-1024x496.png\" alt=\"\" class=\"wp-image-1931\" srcset=\"https:\/\/pecedubovec.sk\/eshop\/wp-content\/uploads\/2025\/06\/03-1024x496.png 1024w, https:\/\/pecedubovec.sk\/eshop\/wp-content\/uploads\/2025\/06\/03-300x145.png 300w, https:\/\/pecedubovec.sk\/eshop\/wp-content\/uploads\/2025\/06\/03-768x372.png 768w, https:\/\/pecedubovec.sk\/eshop\/wp-content\/uploads\/2025\/06\/03-416x201.png 416w, https:\/\/pecedubovec.sk\/eshop\/wp-content\/uploads\/2025\/06\/03.png 1270w\" sizes=\"auto, (max-width: 1024px) 100vw, 1024px\" \/><\/figure><figure class=\"wp-block-image size-large\"><img loading=\"lazy\" decoding=\"async\" width=\"1024\" height=\"542\" src=\"https:\/\/pecedubovec.sk\/eshop\/wp-content\/uploads\/2025\/06\/04-1024x542.png\" alt=\"\" class=\"wp-image-1932\" srcset=\"https:\/\/pecedubovec.sk\/eshop\/wp-content\/uploads\/2025\/06\/04-1024x542.png 1024w, https:\/\/pecedubovec.sk\/eshop\/wp-content\/uploads\/2025\/06\/04-300x159.png 300w, https:\/\/pecedubovec.sk\/eshop\/wp-content\/uploads\/2025\/06\/04-768x406.png 768w, https:\/\/pecedubovec.sk\/eshop\/wp-content\/uploads\/2025\/06\/04-416x220.png 416w, https:\/\/pecedubovec.sk\/eshop\/wp-content\/uploads\/2025\/06\/04.png 1278w\" sizes=\"auto, (max-width: 1024px) 100vw, 1024px\" \/><\/figure><figure class=\"wp-block-image size-large\"><img loading=\"lazy\" decoding=\"async\" width=\"1024\" height=\"692\" src=\"https:\/\/pecedubovec.sk\/eshop\/wp-content\/uploads\/2025\/06\/05-1024x692.png\" alt=\"\" class=\"wp-image-1933\" srcset=\"https:\/\/pecedubovec.sk\/eshop\/wp-content\/uploads\/2025\/06\/05-1024x692.png 1024w, https:\/\/pecedubovec.sk\/eshop\/wp-content\/uploads\/2025\/06\/05-300x203.png 300w, https:\/\/pecedubovec.sk\/eshop\/wp-content\/uploads\/2025\/06\/05-768x519.png 768w, https:\/\/pecedubovec.sk\/eshop\/wp-content\/uploads\/2025\/06\/05-416x281.png 416w, https:\/\/pecedubovec.sk\/eshop\/wp-content\/uploads\/2025\/06\/05.png 1276w\" sizes=\"auto, (max-width: 1024px) 100vw, 1024px\" \/><\/figure><figure class=\"wp-block-image size-large\"><img loading=\"lazy\" decoding=\"async\" width=\"1024\" height=\"328\" src=\"https:\/\/pecedubovec.sk\/eshop\/wp-content\/uploads\/2025\/06\/06-1024x328.png\" alt=\"\" class=\"wp-image-1934\" srcset=\"https:\/\/pecedubovec.sk\/eshop\/wp-content\/uploads\/2025\/06\/06-1024x328.png 1024w, https:\/\/pecedubovec.sk\/eshop\/wp-content\/uploads\/2025\/06\/06-300x96.png 300w, https:\/\/pecedubovec.sk\/eshop\/wp-content\/uploads\/2025\/06\/06-768x246.png 768w, https:\/\/pecedubovec.sk\/eshop\/wp-content\/uploads\/2025\/06\/06-416x133.png 416w, https:\/\/pecedubovec.sk\/eshop\/wp-content\/uploads\/2025\/06\/06.png 1269w\" sizes=\"auto, (max-width: 1024px) 100vw, 1024px\" \/><\/figure><figure class=\"wp-block-image size-large\"><img loading=\"lazy\" decoding=\"async\" width=\"1024\" height=\"639\" src=\"https:\/\/pecedubovec.sk\/eshop\/wp-content\/uploads\/2025\/06\/07-1024x639.png\" alt=\"\" class=\"wp-image-1935\" srcset=\"https:\/\/pecedubovec.sk\/eshop\/wp-content\/uploads\/2025\/06\/07-1024x639.png 1024w, https:\/\/pecedubovec.sk\/eshop\/wp-content\/uploads\/2025\/06\/07-300x187.png 300w, https:\/\/pecedubovec.sk\/eshop\/wp-content\/uploads\/2025\/06\/07-768x479.png 768w, https:\/\/pecedubovec.sk\/eshop\/wp-content\/uploads\/2025\/06\/07-416x260.png 416w, https:\/\/pecedubovec.sk\/eshop\/wp-content\/uploads\/2025\/06\/07.png 1280w\" sizes=\"auto, (max-width: 1024px) 100vw, 1024px\" \/><\/figure>","protected":false},"excerpt":{"rendered":"<p>Prezentovan\u00e9 farby dla\u017ed\u00edc sa m\u00f4\u017eu mierne l\u00ed\u0161i\u0165 od skuto\u010dn\u00fdch farieb. * pri transparentn\u00fdch glaz\u00farach m\u00f4\u017ee d\u00f4js\u0165 k odfarbeniu a matovaniu, \u010do je prirodzen\u00e1 vlastnos\u0165. Prev\u00e1dzkujete krbov\u00fd sal\u00f3n alebo ste projektant, mont\u00e9r, dod\u00e1vate\u013e kachl\u00ed a krbov\u00fdch vlo\u017eiek? Srde\u010dne v\u00e1m odpor\u00fa\u010dame zak\u00fapi\u0165 si sadu vzorkovn\u00edkov \u2013 na tento \u00fa\u010del n\u00e1s pros\u00edm kontaktujte.<\/p>\n","protected":false},"author":1,"featured_media":0,"parent":0,"menu_order":0,"comment_status":"closed","ping_status":"closed","template":"","meta":{"footnotes":""},"class_list":["post-1926","page","type-page","status-publish","hentry"],"_links":{"self":[{"href":"https:\/\/pecedubovec.sk\/eshop\/wp-json\/wp\/v2\/pages\/1926","targetHints":{"allow":["GET"]}}],"collection":[{"href":"https:\/\/pecedubovec.sk\/eshop\/wp-json\/wp\/v2\/pages"}],"about":[{"href":"https:\/\/pecedubovec.sk\/eshop\/wp-json\/wp\/v2\/types\/page"}],"author":[{"embeddable":true,"href":"https:\/\/pecedubovec.sk\/eshop\/wp-json\/wp\/v2\/users\/1"}],"replies":[{"embeddable":true,"href":"https:\/\/pecedubovec.sk\/eshop\/wp-json\/wp\/v2\/comments?post=1926"}],"version-history":[{"count":3,"href":"https:\/\/pecedubovec.sk\/eshop\/wp-json\/wp\/v2\/pages\/1926\/revisions"}],"predecessor-version":[{"id":1936,"href":"https:\/\/pecedubovec.sk\/eshop\/wp-json\/wp\/v2\/pages\/1926\/revisions\/1936"}],"wp:attachment":[{"href":"https:\/\/pecedubovec.sk\/eshop\/wp-json\/wp\/v2\/media?parent=1926"}],"curies":[{"name":"wp","href":"https:\/\/api.w.org\/{rel}","templated":true}]}}