{"id":9,"date":"2024-10-02T11:43:33","date_gmt":"2024-10-02T11:43:33","guid":{"rendered":"https:\/\/pecedubovec.sk\/eshop\/kosik\/"},"modified":"2024-10-02T11:43:33","modified_gmt":"2024-10-02T11:43:33","slug":"kosik","status":"publish","type":"page","link":"https:\/\/pecedubovec.sk\/eshop\/kosik\/","title":{"rendered":"Ko\u0161\u00edk"},"content":{"rendered":"<div data-block-name=\"woocommerce\/cart\" class=\"wp-block-woocommerce-cart alignwide is-loading\"><div data-block-name=\"woocommerce\/filled-cart-block\" class=\"wp-block-woocommerce-filled-cart-block\"><div data-block-name=\"woocommerce\/cart-items-block\" class=\"wp-block-woocommerce-cart-items-block\"><div data-block-name=\"woocommerce\/cart-line-items-block\" class=\"wp-block-woocommerce-cart-line-items-block\"><\/div>\n\n<div data-block-name=\"woocommerce\/cart-cross-sells-block\" class=\"wp-block-woocommerce-cart-cross-sells-block\"><h2 class=\"wp-block-heading has-large-font-size\">Mohlo by v\u00e1s zauj\u00edma\u0165&#8230;<\/h2>\n\n<div data-block-name=\"woocommerce\/cart-cross-sells-products-block\" class=\"wp-block-woocommerce-cart-cross-sells-products-block\"><\/div><\/div><\/div>\n\n<div data-block-name=\"woocommerce\/cart-totals-block\" class=\"wp-block-woocommerce-cart-totals-block\"><div data-block-name=\"woocommerce\/cart-order-summary-block\" class=\"wp-block-woocommerce-cart-order-summary-block\"><div data-block-name=\"woocommerce\/cart-order-summary-heading-block\" class=\"wp-block-woocommerce-cart-order-summary-heading-block\"><\/div><div data-block-name=\"woocommerce\/cart-order-summary-coupon-form-block\" class=\"wp-block-woocommerce-cart-order-summary-coupon-form-block\"><\/div><div data-block-name=\"woocommerce\/cart-order-summary-totals-block\" class=\"wp-block-woocommerce-cart-order-summary-totals-block\">\n<div data-block-name=\"woocommerce\/cart-order-summary-subtotal-block\" class=\"wp-block-woocommerce-cart-order-summary-subtotal-block\"><\/div>\n<div data-block-name=\"woocommerce\/cart-order-summary-discount-block\" class=\"wp-block-woocommerce-cart-order-summary-discount-block\"><\/div>\n<div data-block-name=\"woocommerce\/cart-order-summary-fee-block\" class=\"wp-block-woocommerce-cart-order-summary-fee-block\"><\/div>\n<div data-block-name=\"woocommerce\/cart-order-summary-shipping-block\" class=\"wp-block-woocommerce-cart-order-summary-shipping-block\"><\/div>\n<div data-block-name=\"woocommerce\/cart-order-summary-taxes-block\" class=\"wp-block-woocommerce-cart-order-summary-taxes-block\"><\/div><\/div><\/div>\n\n<div data-block-name=\"woocommerce\/cart-express-payment-block\" class=\"wp-block-woocommerce-cart-express-payment-block\"><\/div>\n\n<div data-block-name=\"woocommerce\/proceed-to-checkout-block\" class=\"wp-block-woocommerce-proceed-to-checkout-block\"><\/div>\n\n<div data-block-name=\"woocommerce\/cart-accepted-payment-methods-block\" class=\"wp-block-woocommerce-cart-accepted-payment-methods-block\"><\/div><\/div><\/div>\n\n<div data-block-name=\"woocommerce\/empty-cart-block\" class=\"wp-block-woocommerce-empty-cart-block\"><h2 class=\"wp-block-heading has-text-align-center with-empty-cart-icon wc-block-cart__empty-cart__title\">V\u00e1\u0161 ko\u0161\u00edk je moment\u00e1lne pr\u00e1zdny!<\/h2>\n\n<hr class=\"wp-block-separator has-alpha-channel-opacity is-style-dots\"\/>\n\n<h2 class=\"wp-block-heading has-text-align-center\">Novinky v obchode<\/h2>\n\n<div data-block-name=\"woocommerce\/product-new\" data-columns=\"4\" data-rows=\"1\" class=\"wc-block-grid wp-block-product-new wc-block-product-new has-4-columns\"><ul class=\"wc-block-grid__products\"><li class=\"wc-block-grid__product\">\n\t\t\t\t<a href=\"https:\/\/pecedubovec.sk\/eshop\/produkt\/f01_omega-vetracia-skridla-vyrobena-na-mieru\/\" class=\"wc-block-grid__product-link\">\n\t\t\t\t\t\n\t\t\t\t\t<div class=\"wc-block-grid__product-image\"><img loading=\"lazy\" decoding=\"async\" width=\"324\" height=\"324\" src=\"https:\/\/pecedubovec.sk\/eshop\/wp-content\/uploads\/2025\/06\/F01-324x324.webp\" class=\"attachment-woocommerce_thumbnail size-woocommerce_thumbnail\" alt=\"F01_Omega - vetracia \u0161kridla vyroben\u00e1 na mieru\" srcset=\"https:\/\/pecedubovec.sk\/eshop\/wp-content\/uploads\/2025\/06\/F01-324x324.webp 324w, https:\/\/pecedubovec.sk\/eshop\/wp-content\/uploads\/2025\/06\/F01-300x300.webp 300w, https:\/\/pecedubovec.sk\/eshop\/wp-content\/uploads\/2025\/06\/F01-150x150.webp 150w, https:\/\/pecedubovec.sk\/eshop\/wp-content\/uploads\/2025\/06\/F01-416x416.webp 416w, https:\/\/pecedubovec.sk\/eshop\/wp-content\/uploads\/2025\/06\/F01-100x100.webp 100w, https:\/\/pecedubovec.sk\/eshop\/wp-content\/uploads\/2025\/06\/F01.webp 480w\" sizes=\"auto, (max-width: 324px) 100vw, 324px\" \/><\/div>\n\t\t\t\t\t<div class=\"wc-block-grid__product-title\">F01_Omega &#8211; vetracia \u0161kridla vyroben\u00e1 na mieru<\/div>\n\t\t\t\t<\/a>\n\t\t\t\t<div class=\"wc-block-grid__product-price price\"><span class=\"woocommerce-Price-amount amount\">58.00&nbsp;<span class=\"woocommerce-Price-currencySymbol\">&euro;<\/span><\/span><\/div>\n\t\t\t\t\n\t\t\t\t<div class=\"wp-block-button wc-block-grid__product-add-to-cart\"><a href=\"?add-to-cart=1993\" aria-label=\"Add to cart: &ldquo;F01_Omega - vetracia \u0161kridla vyroben\u00e1 na mieru&rdquo;\" data-quantity=\"1\" data-product_id=\"1993\" data-product_sku=\"\" data-price=\"58\" rel=\"nofollow\" class=\"wp-block-button__link  add_to_cart_button ajax_add_to_cart\">Prida\u0165 do ko\u0161\u00edka<\/a><\/div>\n\t\t\t<\/li><li class=\"wc-block-grid__product\">\n\t\t\t\t<a href=\"https:\/\/pecedubovec.sk\/eshop\/produkt\/ko14p_centralna-skridla-ko03-s-vyrezom-pre-dymovod-o190\/\" class=\"wc-block-grid__product-link\">\n\t\t\t\t\t\n\t\t\t\t\t<div class=\"wc-block-grid__product-image\"><img loading=\"lazy\" decoding=\"async\" width=\"324\" height=\"324\" src=\"https:\/\/pecedubovec.sk\/eshop\/wp-content\/uploads\/2025\/06\/Ko14-324x324.webp\" class=\"attachment-woocommerce_thumbnail size-woocommerce_thumbnail\" alt=\"Ko14P_Centr\u00e1lna \u0161kridla Ko03 s v\u00fdrezom pre dymovod \u00d8190\" srcset=\"https:\/\/pecedubovec.sk\/eshop\/wp-content\/uploads\/2025\/06\/Ko14-324x324.webp 324w, https:\/\/pecedubovec.sk\/eshop\/wp-content\/uploads\/2025\/06\/Ko14-300x300.webp 300w, https:\/\/pecedubovec.sk\/eshop\/wp-content\/uploads\/2025\/06\/Ko14-150x150.webp 150w, https:\/\/pecedubovec.sk\/eshop\/wp-content\/uploads\/2025\/06\/Ko14-416x416.webp 416w, https:\/\/pecedubovec.sk\/eshop\/wp-content\/uploads\/2025\/06\/Ko14-100x100.webp 100w, https:\/\/pecedubovec.sk\/eshop\/wp-content\/uploads\/2025\/06\/Ko14.webp 480w\" sizes=\"auto, (max-width: 324px) 100vw, 324px\" \/><\/div>\n\t\t\t\t\t<div class=\"wc-block-grid__product-title\">Ko14P_Centr\u00e1lna \u0161kridla Ko03 s v\u00fdrezom pre dymovod \u00d8190<\/div>\n\t\t\t\t<\/a>\n\t\t\t\t<div class=\"wc-block-grid__product-price price\"><span class=\"woocommerce-Price-amount amount\">64.00&nbsp;<span class=\"woocommerce-Price-currencySymbol\">&euro;<\/span><\/span><\/div>\n\t\t\t\t\n\t\t\t\t<div class=\"wp-block-button wc-block-grid__product-add-to-cart\"><a href=\"?add-to-cart=1990\" aria-label=\"Add to cart: &ldquo;Ko14P_Centr\u00e1lna \u0161kridla Ko03 s v\u00fdrezom pre dymovod \u00d8190&rdquo;\" data-quantity=\"1\" data-product_id=\"1990\" data-product_sku=\"\" data-price=\"64\" rel=\"nofollow\" class=\"wp-block-button__link  add_to_cart_button ajax_add_to_cart\">Prida\u0165 do ko\u0161\u00edka<\/a><\/div>\n\t\t\t<\/li><li class=\"wc-block-grid__product\">\n\t\t\t\t<a href=\"https:\/\/pecedubovec.sk\/eshop\/produkt\/l07_ovalny-podstavec\/\" class=\"wc-block-grid__product-link\">\n\t\t\t\t\t\n\t\t\t\t\t<div class=\"wc-block-grid__product-image\"><img loading=\"lazy\" decoding=\"async\" width=\"324\" height=\"324\" src=\"https:\/\/pecedubovec.sk\/eshop\/wp-content\/uploads\/2025\/06\/L07-324x324.webp\" class=\"attachment-woocommerce_thumbnail size-woocommerce_thumbnail\" alt=\"L07_Ov\u00e1lny podstavec\" srcset=\"https:\/\/pecedubovec.sk\/eshop\/wp-content\/uploads\/2025\/06\/L07-324x324.webp 324w, https:\/\/pecedubovec.sk\/eshop\/wp-content\/uploads\/2025\/06\/L07-300x300.webp 300w, https:\/\/pecedubovec.sk\/eshop\/wp-content\/uploads\/2025\/06\/L07-150x150.webp 150w, https:\/\/pecedubovec.sk\/eshop\/wp-content\/uploads\/2025\/06\/L07-416x416.webp 416w, https:\/\/pecedubovec.sk\/eshop\/wp-content\/uploads\/2025\/06\/L07-100x100.webp 100w, https:\/\/pecedubovec.sk\/eshop\/wp-content\/uploads\/2025\/06\/L07.webp 479w\" sizes=\"auto, (max-width: 324px) 100vw, 324px\" \/><\/div>\n\t\t\t\t\t<div class=\"wc-block-grid__product-title\">L07_Ov\u00e1lny podstavec<\/div>\n\t\t\t\t<\/a>\n\t\t\t\t<div class=\"wc-block-grid__product-price price\"><span class=\"woocommerce-Price-amount amount\">23.00&nbsp;<span class=\"woocommerce-Price-currencySymbol\">&euro;<\/span><\/span><\/div>\n\t\t\t\t\n\t\t\t\t<div class=\"wp-block-button wc-block-grid__product-add-to-cart\"><a href=\"?add-to-cart=1987\" aria-label=\"Add to cart: &ldquo;L07_Ov\u00e1lny podstavec&rdquo;\" data-quantity=\"1\" data-product_id=\"1987\" data-product_sku=\"\" data-price=\"23\" rel=\"nofollow\" class=\"wp-block-button__link  add_to_cart_button ajax_add_to_cart\">Prida\u0165 do ko\u0161\u00edka<\/a><\/div>\n\t\t\t<\/li><li class=\"wc-block-grid__product\">\n\t\t\t\t<a href=\"https:\/\/pecedubovec.sk\/eshop\/produkt\/l06_podstavec\/\" class=\"wc-block-grid__product-link\">\n\t\t\t\t\t\n\t\t\t\t\t<div class=\"wc-block-grid__product-image\"><img loading=\"lazy\" decoding=\"async\" width=\"324\" height=\"324\" src=\"https:\/\/pecedubovec.sk\/eshop\/wp-content\/uploads\/2025\/06\/L06-324x324.webp\" class=\"attachment-woocommerce_thumbnail size-woocommerce_thumbnail\" alt=\"L06_Podstavec\" srcset=\"https:\/\/pecedubovec.sk\/eshop\/wp-content\/uploads\/2025\/06\/L06-324x324.webp 324w, https:\/\/pecedubovec.sk\/eshop\/wp-content\/uploads\/2025\/06\/L06-300x300.webp 300w, https:\/\/pecedubovec.sk\/eshop\/wp-content\/uploads\/2025\/06\/L06-150x150.webp 150w, https:\/\/pecedubovec.sk\/eshop\/wp-content\/uploads\/2025\/06\/L06-416x416.webp 416w, https:\/\/pecedubovec.sk\/eshop\/wp-content\/uploads\/2025\/06\/L06-100x100.webp 100w, https:\/\/pecedubovec.sk\/eshop\/wp-content\/uploads\/2025\/06\/L06.webp 480w\" sizes=\"auto, (max-width: 324px) 100vw, 324px\" \/><\/div>\n\t\t\t\t\t<div class=\"wc-block-grid__product-title\">L06_Podstavec<\/div>\n\t\t\t\t<\/a>\n\t\t\t\t<div class=\"wc-block-grid__product-price price\"><span class=\"woocommerce-Price-amount amount\">46.00&nbsp;<span class=\"woocommerce-Price-currencySymbol\">&euro;<\/span><\/span><\/div>\n\t\t\t\t\n\t\t\t\t<div class=\"wp-block-button wc-block-grid__product-add-to-cart\"><a href=\"?add-to-cart=1984\" aria-label=\"Add to cart: &ldquo;L06_Podstavec&rdquo;\" data-quantity=\"1\" data-product_id=\"1984\" data-product_sku=\"\" data-price=\"46\" rel=\"nofollow\" class=\"wp-block-button__link  add_to_cart_button ajax_add_to_cart\">Prida\u0165 do ko\u0161\u00edka<\/a><\/div>\n\t\t\t<\/li><\/ul><\/div><\/div><\/div>","protected":false},"excerpt":{"rendered":"","protected":false},"author":1,"featured_media":0,"parent":0,"menu_order":0,"comment_status":"closed","ping_status":"closed","template":"","meta":{"footnotes":""},"class_list":["post-9","page","type-page","status-publish","hentry"],"_links":{"self":[{"href":"https:\/\/pecedubovec.sk\/eshop\/wp-json\/wp\/v2\/pages\/9","targetHints":{"allow":["GET"]}}],"collection":[{"href":"https:\/\/pecedubovec.sk\/eshop\/wp-json\/wp\/v2\/pages"}],"about":[{"href":"https:\/\/pecedubovec.sk\/eshop\/wp-json\/wp\/v2\/types\/page"}],"author":[{"embeddable":true,"href":"https:\/\/pecedubovec.sk\/eshop\/wp-json\/wp\/v2\/users\/1"}],"replies":[{"embeddable":true,"href":"https:\/\/pecedubovec.sk\/eshop\/wp-json\/wp\/v2\/comments?post=9"}],"version-history":[{"count":0,"href":"https:\/\/pecedubovec.sk\/eshop\/wp-json\/wp\/v2\/pages\/9\/revisions"}],"wp:attachment":[{"href":"https:\/\/pecedubovec.sk\/eshop\/wp-json\/wp\/v2\/media?parent=9"}],"curies":[{"name":"wp","href":"https:\/\/api.w.org\/{rel}","templated":true}]}}