{"id":1050,"date":"2024-10-02T11:56:44","date_gmt":"2024-10-02T11:56:44","guid":{"rendered":"https:\/\/pecedubovec.sk\/eshop\/?post_type=product&#038;p=1050"},"modified":"2024-10-02T11:56:50","modified_gmt":"2024-10-02T11:56:50","slug":"ramik-pre-trojstranne-kv-defro-home-intra-sm-c-uzky-2-cm-hlboky-8-8-cm-cierny-2","status":"publish","type":"product","link":"https:\/\/pecedubovec.sk\/eshop\/produkt\/ramik-pre-trojstranne-kv-defro-home-intra-sm-c-uzky-2-cm-hlboky-8-8-cm-cierny-2\/","title":{"rendered":"R\u00c1MIK PRE TROJSTRANN\u00c9 KV DEFRO HOME INTRA SM C, \u00daZKY 2 CM, HLBOK\u00dd 8.8 CM, \u010cIERNY"},"content":{"rendered":"<div class=\"section-title\"><strong>Technick\u00e9 \u00fadaje:<\/strong><\/div>\n<div class=\"row parameters\">\n<div class=\"col-md-6\">\n<dl>\n<dt>Farebn\u00e9 vyhotovenie: \u010dierna<\/dt>\n<dt>Hmotnos\u0165: 3 kg<\/dt>\n<\/dl>\n<\/div>\n<\/div>\n","protected":false},"excerpt":{"rendered":"<p>Technick\u00e9 \u00fadaje: Farebn\u00e9 vyhotovenie: \u010dierna Hmotnos\u0165: 3 kg<\/p>\n","protected":false},"featured_media":928,"template":"","meta":[],"product_cat":[],"product_tag":[],"class_list":{"0":"post-1050","1":"product","2":"type-product","3":"status-publish","4":"has-post-thumbnail","7":"first","8":"instock","9":"shipping-taxable","10":"purchasable","11":"product-type-simple"},"_links":{"self":[{"href":"https:\/\/pecedubovec.sk\/eshop\/wp-json\/wp\/v2\/product\/1050","targetHints":{"allow":["GET"]}}],"collection":[{"href":"https:\/\/pecedubovec.sk\/eshop\/wp-json\/wp\/v2\/product"}],"about":[{"href":"https:\/\/pecedubovec.sk\/eshop\/wp-json\/wp\/v2\/types\/product"}],"wp:featuredmedia":[{"embeddable":true,"href":"https:\/\/pecedubovec.sk\/eshop\/wp-json\/wp\/v2\/media\/928"}],"wp:attachment":[{"href":"https:\/\/pecedubovec.sk\/eshop\/wp-json\/wp\/v2\/media?parent=1050"}],"wp:term":[{"taxonomy":"product_cat","embeddable":true,"href":"https:\/\/pecedubovec.sk\/eshop\/wp-json\/wp\/v2\/product_cat?post=1050"},{"taxonomy":"product_tag","embeddable":true,"href":"https:\/\/pecedubovec.sk\/eshop\/wp-json\/wp\/v2\/product_tag?post=1050"}],"curies":[{"name":"wp","href":"https:\/\/api.w.org\/{rel}","templated":true}]}}