{"id":1053,"date":"2024-10-02T11:56:45","date_gmt":"2024-10-02T11:56:45","guid":{"rendered":"https:\/\/pecedubovec.sk\/eshop\/?post_type=product&#038;p=1053"},"modified":"2024-10-02T11:56:51","modified_gmt":"2024-10-02T11:56:51","slug":"ramik-pre-prave-rohove-s-vysuvom-kv-intra-me-bp-g-uzky-3-cm-hlboky-9-cm-cierny-2","status":"publish","type":"product","link":"https:\/\/pecedubovec.sk\/eshop\/produkt\/ramik-pre-prave-rohove-s-vysuvom-kv-intra-me-bp-g-uzky-3-cm-hlboky-9-cm-cierny-2\/","title":{"rendered":"R\u00c1MIK PRE PRAV\u00c9 ROHOV\u00c9 S V\u00ddSUVOM KV INTRA ME BP G, \u00daZKY 3 CM, HLBOK\u00dd 9 CM, \u010cIERNY"},"content":{"rendered":"<div class=\"section-title\"><strong>Technick\u00e9 \u00fadaje:<\/strong><\/div>\n<div class=\"row parameters\">\n<div class=\"col-md-6\">\n<dl>\n<dt>Farebn\u00e9 vyhotovenie: \u010dierna<\/dt>\n<dt>Hmotnos\u0165: 5 kg<\/dt>\n<\/dl>\n<\/div>\n<\/div>\n","protected":false},"excerpt":{"rendered":"<p>Technick\u00e9 \u00fadaje: Farebn\u00e9 vyhotovenie: \u010dierna Hmotnos\u0165: 5 kg<\/p>\n","protected":false},"featured_media":929,"template":"","meta":[],"product_cat":[],"product_tag":[],"class_list":{"0":"post-1053","1":"product","2":"type-product","3":"status-publish","4":"has-post-thumbnail","7":"first","8":"instock","9":"shipping-taxable","10":"purchasable","11":"product-type-simple"},"_links":{"self":[{"href":"https:\/\/pecedubovec.sk\/eshop\/wp-json\/wp\/v2\/product\/1053","targetHints":{"allow":["GET"]}}],"collection":[{"href":"https:\/\/pecedubovec.sk\/eshop\/wp-json\/wp\/v2\/product"}],"about":[{"href":"https:\/\/pecedubovec.sk\/eshop\/wp-json\/wp\/v2\/types\/product"}],"wp:featuredmedia":[{"embeddable":true,"href":"https:\/\/pecedubovec.sk\/eshop\/wp-json\/wp\/v2\/media\/929"}],"wp:attachment":[{"href":"https:\/\/pecedubovec.sk\/eshop\/wp-json\/wp\/v2\/media?parent=1053"}],"wp:term":[{"taxonomy":"product_cat","embeddable":true,"href":"https:\/\/pecedubovec.sk\/eshop\/wp-json\/wp\/v2\/product_cat?post=1053"},{"taxonomy":"product_tag","embeddable":true,"href":"https:\/\/pecedubovec.sk\/eshop\/wp-json\/wp\/v2\/product_tag?post=1053"}],"curies":[{"name":"wp","href":"https:\/\/api.w.org\/{rel}","templated":true}]}}