{"id":1075,"date":"2024-10-02T11:56:57","date_gmt":"2024-10-02T11:56:57","guid":{"rendered":"https:\/\/pecedubovec.sk\/eshop\/?post_type=product&#038;p=1075"},"modified":"2024-10-02T11:57:03","modified_gmt":"2024-10-02T11:57:03","slug":"kolekcia-boompy-2","status":"publish","type":"product","link":"https:\/\/pecedubovec.sk\/eshop\/produkt\/kolekcia-boompy-2\/","title":{"rendered":"Kolekcia Boompy"},"content":{"rendered":"<p>&nbsp;<\/p>\n<p><img loading=\"lazy\" decoding=\"async\" src=\"http:\/\/pecedubovec.sk\/wp-content\/uploads\/2023\/03\/Sn\u00edmka-obrazovky-2023-03-12-153505.jpgboompy.jpg\" alt=\"\" width=\"1068\" height=\"728\" class=\"alignnone size-full wp-image-3957\" \/><\/p>\n<p style=\"text-align: center;\"><strong>Farebn\u00e9 prevedenia:<\/strong><\/p>\n<p><img loading=\"lazy\" decoding=\"async\" src=\"http:\/\/pecedubovec.sk\/wp-content\/uploads\/2023\/03\/01.jpg\" alt=\"\" width=\"1009\" height=\"222\" class=\"size-full wp-image-4025 aligncenter\" \/><\/p>\n","protected":false},"excerpt":{"rendered":"<h3><span><strong>cena za 1 ks s DPH<\/strong><\/span><\/h3>\n<h3><span><em><u>Sladk\u00e9 spomienky<\/u><\/em><\/span><\/h3>\n<p><span>\u00a0pr\u00e1zdnin na vidieku sme si radi vytl\u00e1\u010dali med z pl\u00e1stu rovno do \u00fast.\u00a0Zlat\u00e1, hust\u00e1 ambr\u00f3zia mi stekala po prstoch, \u010do mi umo\u017enilo \u00faplne sa v tej chv\u00edli strati\u0165.\u00a0Tak\u00e9to zmyslov\u00e9 z\u00e1\u017eitky zost\u00e1vaj\u00fa nav\u017edy v pam\u00e4ti.\u00a0Ako dospel\u00ed sa so sentimentom vraciame k jednoduch\u00fdm radostiam t\u00fdch rokov.\u00a0Panel z kolekcie Boompy je pod\u013ea n\u00e1s ako Proustova Magdalenka, ktor\u00e1 vyvol\u00e1va tie najkraj\u0161ie spomienky.\u00a0Pri poh\u013eade na \u0161es\u0165uholn\u00edkov\u00e9 rezy s lesklou n\u00e1pl\u0148ou neskryjeme \u00fasmev, ktor\u00fd skr\u00fdva t\u00fa\u017ebu po troche sladkosti.\u00a0M\u00f4\u017eete ma\u0165 tak\u00e9 chv\u00edle straty, ktor\u00e9 v\u00e1s prived\u00fa do meditat\u00edvneho stavu \u00fa\u013eavy ka\u017ed\u00fd de\u0148 vo va\u0161ej ob\u00fdva\u010dke, kancel\u00e1rii, hoteli.\u00a0Stena z keramick\u00fdch panelov p\u00f4sob\u00ed vo svojej jednoduchosti elegantne aj nevinne.\u00a0Panel je univerz\u00e1lny a hod\u00ed sa do ka\u017ed\u00e9ho interi\u00e9ru.<\/span><\/p>\n<div class=\"wymiary\">\n<div class=\"wymiary-icon\"><img loading=\"lazy\" decoding=\"async\" src=\"https:\/\/ceramicwall.pl\/storage\/photos\/shares\/Inne\/ID.svg\" width=\"25\" height=\"25\" \/><\/div>\n<div class=\"wymiary-name\"><span>Symbol:<\/span><\/div>\n<div class=\"wymiary-value\"><span>Bo66.01<\/span><\/div>\n<\/div>\n<div class=\"wymiary\">\n<div class=\"wymiary-icon\"><img decoding=\"async\" src=\"https:\/\/ceramicwall.pl\/storage\/photos\/shares\/reduce.svg\" \/><\/div>\n<div class=\"wymiary-name\"><span>Rozmery:<\/span><\/div>\n<div class=\"wymiary-value\"><span>660 x 220 x 22 mm<\/span><\/div>\n<\/div>\n<div class=\"wymiary\">\n<div class=\"wymiary-icon\"><img decoding=\"async\" src=\"https:\/\/ceramicwall.pl\/storage\/photos\/shares\/fabric%20(2).svg\" \/><\/div>\n<div class=\"wymiary-name\"><span>Materi\u00e1l:<\/span><\/div>\n<div class=\"wymiary-value\"><span>Keramika<\/span><\/div>\n<\/div>\n<div class=\"wymiary\">\n<div class=\"wymiary-icon\"><img loading=\"lazy\" decoding=\"async\" src=\"https:\/\/ceramicwall.pl\/storage\/photos\/shares\/Inne\/Waga2.png\" width=\"25\" height=\"25\" \/><\/div>\n<div class=\"wymiary-name\"><span>V\u00e1hy:<\/span><\/div>\n<div class=\"wymiary-value\"><span>6,12 kg<\/span><\/div>\n<div><img decoding=\"async\" src=\"https:\/\/ceramicwall.pl\/storage\/photos\/shares\/KOLEKCJE\/Boompy\/Boompy%20Przekroje.webp\" \/><\/div>\n<\/div>\n<p><strong><a href=\"http:\/\/pecedubovec.sk\/?page_id=3924\"><button type=\"submit\">Farebn\u00e9 prevedenia TU!<\/button><\/a><\/strong><\/p>\n","protected":false},"featured_media":996,"template":"","meta":[],"product_cat":[51],"product_tag":[],"class_list":{"0":"post-1075","1":"product","2":"type-product","3":"status-publish","4":"has-post-thumbnail","6":"product_cat-keramicke-obklady-na-krby-a-pece","8":"first","9":"instock","10":"shipping-taxable","11":"purchasable","12":"product-type-simple"},"_links":{"self":[{"href":"https:\/\/pecedubovec.sk\/eshop\/wp-json\/wp\/v2\/product\/1075","targetHints":{"allow":["GET"]}}],"collection":[{"href":"https:\/\/pecedubovec.sk\/eshop\/wp-json\/wp\/v2\/product"}],"about":[{"href":"https:\/\/pecedubovec.sk\/eshop\/wp-json\/wp\/v2\/types\/product"}],"wp:featuredmedia":[{"embeddable":true,"href":"https:\/\/pecedubovec.sk\/eshop\/wp-json\/wp\/v2\/media\/996"}],"wp:attachment":[{"href":"https:\/\/pecedubovec.sk\/eshop\/wp-json\/wp\/v2\/media?parent=1075"}],"wp:term":[{"taxonomy":"product_cat","embeddable":true,"href":"https:\/\/pecedubovec.sk\/eshop\/wp-json\/wp\/v2\/product_cat?post=1075"},{"taxonomy":"product_tag","embeddable":true,"href":"https:\/\/pecedubovec.sk\/eshop\/wp-json\/wp\/v2\/product_tag?post=1075"}],"curies":[{"name":"wp","href":"https:\/\/api.w.org\/{rel}","templated":true}]}}