{"id":1076,"date":"2024-10-02T11:56:57","date_gmt":"2024-10-02T11:56:57","guid":{"rendered":"https:\/\/pecedubovec.sk\/eshop\/?post_type=product&#038;p=1076"},"modified":"2024-10-02T11:57:03","modified_gmt":"2024-10-02T11:57:03","slug":"kolekcia-tin-2","status":"publish","type":"product","link":"https:\/\/pecedubovec.sk\/eshop\/produkt\/kolekcia-tin-2\/","title":{"rendered":"Kolekcia T\u00edn"},"content":{"rendered":"<p><img loading=\"lazy\" decoding=\"async\" src=\"http:\/\/pecedubovec.sk\/wp-content\/uploads\/2023\/03\/cin.jpg\" alt=\"\" width=\"1183\" height=\"728\" class=\"alignnone size-full wp-image-3959\" \/><\/p>\n<p style=\"text-align: center;\"><strong>Farebn\u00e9 prevedenia:<\/strong><\/p>\n<p><img loading=\"lazy\" decoding=\"async\" src=\"http:\/\/pecedubovec.sk\/wp-content\/uploads\/2023\/03\/02-1.jpg\" alt=\"\" width=\"1045\" height=\"240\" class=\"alignnone size-full wp-image-4027\" \/><\/p>\n","protected":false},"excerpt":{"rendered":"<h3><span><strong>cena za 1 ks s DPH<\/strong><\/span><\/h3>\n<h3><span><em><u>Charakter skryt\u00fd v jednoduchosti<\/u><\/em><\/span><\/h3>\n<p><span>Kolekcia je skvel\u00e1 vo svojej jednoduchosti a v\u0161estrannosti.\u00a0Vertik\u00e1lne panely vertikalizuj\u00fa a opticky pozdvihuj\u00fa interi\u00e9r av z\u00e1vislosti od farby prin\u00e1\u0161aj\u00fa r\u00f4zne asoci\u00e1cie.\u00a0Niekedy to m\u00f4\u017eu by\u0165 stre\u0161n\u00e9 \u0161kridly stredomorsk\u00fdch miest, inokedy vlny jemne sa l\u00e1maj\u00face o pobre\u017eie alebo piesok v dun\u00e1ch.\u00a0Zaoblenia prin\u00e1\u0161aj\u00fa do interi\u00e9ru \u00fatulnos\u0165, jemnos\u0165 a harm\u00f3niu.\u00a0Panely s\u00fa mimoriadne charakteristick\u00fdm prvkom interi\u00e9ru.\u00a0S\u00fastredia sa na seba, tak\u017ee zvy\u0161ok m\u00f4\u017ee zosta\u0165 neutr\u00e1lnej\u0161\u00ed a pokojnej\u0161\u00ed.<\/span><\/p>\n<div class=\"wymiary\">\n<div class=\"wymiary-icon\"><img loading=\"lazy\" decoding=\"async\" src=\"https:\/\/ceramicwall.pl\/storage\/photos\/shares\/Inne\/ID.svg\" width=\"25\" height=\"25\" \/><\/div>\n<div class=\"wymiary-name\"><span>Symbol:<\/span><\/div>\n<div class=\"wymiary-value\"><span>Ti44.01<\/span><\/div>\n<\/div>\n<div class=\"wymiary\">\n<div class=\"wymiary-icon\"><img decoding=\"async\" src=\"https:\/\/ceramicwall.pl\/storage\/photos\/shares\/reduce.svg\" \/><\/div>\n<div class=\"wymiary-name\"><span>Rozmery:<\/span><\/div>\n<div class=\"wymiary-value\"><span>440 x 220 x 32 mm<\/span><\/div>\n<\/div>\n<div class=\"wymiary\">\n<div class=\"wymiary-icon\"><img decoding=\"async\" src=\"https:\/\/ceramicwall.pl\/storage\/photos\/shares\/fabric%20(2).svg\" \/><\/div>\n<div class=\"wymiary-name\"><span>Materi\u00e1l:<\/span><\/div>\n<div class=\"wymiary-value\"><span>Keramika<\/span><\/div>\n<\/div>\n<div class=\"wymiary\">\n<div class=\"wymiary-icon\"><img loading=\"lazy\" decoding=\"async\" src=\"https:\/\/ceramicwall.pl\/storage\/photos\/shares\/Inne\/Waga2.png\" width=\"25\" height=\"25\" \/><\/div>\n<div class=\"wymiary-name\"><span>V\u00e1hy:<\/span><\/div>\n<div class=\"wymiary-value\"><span>3,45 kg<\/span><\/div>\n<div><img decoding=\"async\" src=\"https:\/\/ceramicwall.pl\/storage\/photos\/shares\/KOLEKCJE\/Tin\/Tin%20Przekroje.webp\" \/><\/div>\n<\/div>\n<p><strong><a href=\"http:\/\/pecedubovec.sk\/?page_id=3924\"><button type=\"submit\">Farebn\u00e9 prevedenia TU!<\/button><\/a><\/strong><\/p>\n","protected":false},"featured_media":997,"template":"","meta":[],"product_cat":[51],"product_tag":[],"class_list":{"0":"post-1076","1":"product","2":"type-product","3":"status-publish","4":"has-post-thumbnail","6":"product_cat-keramicke-obklady-na-krby-a-pece","8":"first","9":"instock","10":"shipping-taxable","11":"purchasable","12":"product-type-simple"},"_links":{"self":[{"href":"https:\/\/pecedubovec.sk\/eshop\/wp-json\/wp\/v2\/product\/1076","targetHints":{"allow":["GET"]}}],"collection":[{"href":"https:\/\/pecedubovec.sk\/eshop\/wp-json\/wp\/v2\/product"}],"about":[{"href":"https:\/\/pecedubovec.sk\/eshop\/wp-json\/wp\/v2\/types\/product"}],"wp:featuredmedia":[{"embeddable":true,"href":"https:\/\/pecedubovec.sk\/eshop\/wp-json\/wp\/v2\/media\/997"}],"wp:attachment":[{"href":"https:\/\/pecedubovec.sk\/eshop\/wp-json\/wp\/v2\/media?parent=1076"}],"wp:term":[{"taxonomy":"product_cat","embeddable":true,"href":"https:\/\/pecedubovec.sk\/eshop\/wp-json\/wp\/v2\/product_cat?post=1076"},{"taxonomy":"product_tag","embeddable":true,"href":"https:\/\/pecedubovec.sk\/eshop\/wp-json\/wp\/v2\/product_tag?post=1076"}],"curies":[{"name":"wp","href":"https:\/\/api.w.org\/{rel}","templated":true}]}}