{"id":1082,"date":"2024-10-02T11:56:58","date_gmt":"2024-10-02T11:56:58","guid":{"rendered":"https:\/\/pecedubovec.sk\/eshop\/?post_type=product&#038;p=1082"},"modified":"2024-10-02T11:57:05","modified_gmt":"2024-10-02T11:57:05","slug":"kolekcia-jazz-2","status":"publish","type":"product","link":"https:\/\/pecedubovec.sk\/eshop\/produkt\/kolekcia-jazz-2\/","title":{"rendered":"Kolekcia jazz"},"content":{"rendered":"<p><img loading=\"lazy\" decoding=\"async\" src=\"http:\/\/pecedubovec.sk\/wp-content\/uploads\/2023\/03\/jazz.jpg\" alt=\"\" width=\"1060\" height=\"730\" class=\"alignnone size-full wp-image-3978\" \/><\/p>\n","protected":false},"excerpt":{"rendered":"<p><span><strong>cena za 1 ks s DPH<\/strong><\/span><\/p>\n<p><span>Kolekcia, ako ob\u013e\u00faben\u00e9 hudobn\u00e9 smerovanie fan\u00fa\u0161ikov po celom svete, syntetizuje r\u00f4zne vplyvy, zaujme non\u0161alantnos\u0165ou a improviz\u00e1ciou.\u00a0<\/span><span>Charakteristick\u00fd rytmus panelov v\u0161etko organizuje do celku, ktor\u00fd v\u0161ak nesie znaky vari\u00e1cie a \u017eivosti.\u00a0<\/span><span>Ned\u00e1 sa za\u0161katu\u013ekova\u0165, unik\u00e1 predv\u00eddate\u013enosti.\u00a0<\/span><span>Panely prin\u00e1\u0161aj\u00fa do interi\u00e9ru energiu a ve\u013ekomestsk\u00fd hluk.\u00a0<\/span><span>Omladzuj\u00fa priestor, \u017emurkaj\u00fa na\u0148.<\/span><\/p>\n<div class=\"wymiary\">\n<div class=\"wymiary-icon\"><\/div>\n<div class=\"wymiary-name\"><span>Symbol:<\/span><\/div>\n<div class=\"wymiary-value\"><span>I44.01<\/span><\/div>\n<\/div>\n<div class=\"wymiary\">\n<div class=\"wymiary-icon\"><\/div>\n<div class=\"wymiary-name\"><span>Rozmery:<\/span><\/div>\n<div class=\"wymiary-value\"><span>440 x 220 x 27 mm<\/span><\/div>\n<\/div>\n<div class=\"wymiary\">\n<div class=\"wymiary-icon\"><\/div>\n<div class=\"wymiary-name\"><span>Materi\u00e1l:<\/span><\/div>\n<div class=\"wymiary-value\"><span>Keramika<\/span><\/div>\n<\/div>\n<div class=\"wymiary\">\n<div class=\"wymiary-icon\"><\/div>\n<div class=\"wymiary-name\"><span>V\u00e1hy:<\/span><\/div>\n<div class=\"wymiary-value\"><span>2,83 kg<\/span><\/div>\n<div><img decoding=\"async\" src=\"https:\/\/ceramicwall.pl\/storage\/photos\/shares\/KOLEKCJE\/Jazz\/Jazz%20Przekroje.webp\" \/><\/div>\n<\/div>\n<p><strong><a href=\"http:\/\/pecedubovec.sk\/?page_id=3924\"><button type=\"submit\">Farebn\u00e9 prevedenia TU!<\/button><\/a><\/strong><\/p>\n<p><img loading=\"lazy\" decoding=\"async\" src=\"http:\/\/pecedubovec.sk\/wp-content\/uploads\/2023\/03\/54.jpg\" alt=\"\" width=\"810\" height=\"194\" class=\"alignnone size-full wp-image-4039\" \/><\/p>\n","protected":false},"featured_media":1007,"template":"","meta":[],"product_cat":[51],"product_tag":[],"class_list":{"0":"post-1082","1":"product","2":"type-product","3":"status-publish","4":"has-post-thumbnail","6":"product_cat-keramicke-obklady-na-krby-a-pece","8":"first","9":"instock","10":"shipping-taxable","11":"purchasable","12":"product-type-simple"},"_links":{"self":[{"href":"https:\/\/pecedubovec.sk\/eshop\/wp-json\/wp\/v2\/product\/1082","targetHints":{"allow":["GET"]}}],"collection":[{"href":"https:\/\/pecedubovec.sk\/eshop\/wp-json\/wp\/v2\/product"}],"about":[{"href":"https:\/\/pecedubovec.sk\/eshop\/wp-json\/wp\/v2\/types\/product"}],"wp:featuredmedia":[{"embeddable":true,"href":"https:\/\/pecedubovec.sk\/eshop\/wp-json\/wp\/v2\/media\/1007"}],"wp:attachment":[{"href":"https:\/\/pecedubovec.sk\/eshop\/wp-json\/wp\/v2\/media?parent=1082"}],"wp:term":[{"taxonomy":"product_cat","embeddable":true,"href":"https:\/\/pecedubovec.sk\/eshop\/wp-json\/wp\/v2\/product_cat?post=1082"},{"taxonomy":"product_tag","embeddable":true,"href":"https:\/\/pecedubovec.sk\/eshop\/wp-json\/wp\/v2\/product_tag?post=1082"}],"curies":[{"name":"wp","href":"https:\/\/api.w.org\/{rel}","templated":true}]}}