{"id":1091,"date":"2024-10-02T11:57:00","date_gmt":"2024-10-02T11:57:00","guid":{"rendered":"https:\/\/pecedubovec.sk\/eshop\/?post_type=product&#038;p=1091"},"modified":"2024-10-02T11:57:18","modified_gmt":"2024-10-02T11:57:18","slug":"prisma-kh","status":"publish","type":"product","link":"https:\/\/pecedubovec.sk\/eshop\/produkt\/prisma-kh\/","title":{"rendered":"PRISMA Kh"},"content":{"rendered":"<p><img loading=\"lazy\" decoding=\"async\" src=\"https:\/\/snot.sk\/wp-content\/uploads\/2023\/11\/TECHNICKE-UDAJE-Prisma-Kh_page-0001-212x300.jpg\" alt=\"\" width=\"212\" height=\"300\" class=\"alignnone size-medium wp-image-3422\" \/><\/p>\n","protected":false},"excerpt":{"rendered":"<h3>Spolo\u010dnos\u0165 Hajduk je popredn\u00fdm eur\u00f3pskym pr\u00e9miov\u00fdm v\u00fdrobcom krbov\u00fdch vlo\u017eiek<\/h3>\n","protected":false},"featured_media":1100,"template":"","meta":[],"product_cat":[],"product_tag":[],"class_list":{"0":"post-1091","1":"product","2":"type-product","3":"status-publish","4":"has-post-thumbnail","7":"first","8":"instock","9":"shipping-taxable","10":"purchasable","11":"product-type-simple"},"_links":{"self":[{"href":"https:\/\/pecedubovec.sk\/eshop\/wp-json\/wp\/v2\/product\/1091","targetHints":{"allow":["GET"]}}],"collection":[{"href":"https:\/\/pecedubovec.sk\/eshop\/wp-json\/wp\/v2\/product"}],"about":[{"href":"https:\/\/pecedubovec.sk\/eshop\/wp-json\/wp\/v2\/types\/product"}],"wp:featuredmedia":[{"embeddable":true,"href":"https:\/\/pecedubovec.sk\/eshop\/wp-json\/wp\/v2\/media\/1100"}],"wp:attachment":[{"href":"https:\/\/pecedubovec.sk\/eshop\/wp-json\/wp\/v2\/media?parent=1091"}],"wp:term":[{"taxonomy":"product_cat","embeddable":true,"href":"https:\/\/pecedubovec.sk\/eshop\/wp-json\/wp\/v2\/product_cat?post=1091"},{"taxonomy":"product_tag","embeddable":true,"href":"https:\/\/pecedubovec.sk\/eshop\/wp-json\/wp\/v2\/product_tag?post=1091"}],"curies":[{"name":"wp","href":"https:\/\/api.w.org\/{rel}","templated":true}]}}