{"id":1121,"date":"2024-10-02T11:57:25","date_gmt":"2024-10-02T11:57:25","guid":{"rendered":"https:\/\/pecedubovec.sk\/eshop\/?post_type=product&#038;p=1121"},"modified":"2024-10-02T11:58:02","modified_gmt":"2024-10-02T11:58:02","slug":"volcano-1vt-s","status":"publish","type":"product","link":"https:\/\/pecedubovec.sk\/eshop\/produkt\/volcano-1vt-s\/","title":{"rendered":"VOLCANO 1VT s"},"content":{"rendered":"<p><img loading=\"lazy\" decoding=\"async\" src=\"https:\/\/snot.sk\/wp-content\/uploads\/2023\/11\/TECHNICKE-UDAJE-Volcano-1VT-S_page-0001-212x300.jpg\" alt=\"\" width=\"300\" height=\"425\" class=\"alignnone wp-image-3501\" \/><\/p>\n","protected":false},"excerpt":{"rendered":"<h3>Spolo\u010dnos\u0165 Hajduk je popredn\u00fdm eur\u00f3pskym pr\u00e9miov\u00fdm v\u00fdrobcom krbov\u00fdch vlo\u017eiek<\/h3>\n","protected":false},"featured_media":1165,"template":"","meta":[],"product_cat":[],"product_tag":[],"class_list":{"0":"post-1121","1":"product","2":"type-product","3":"status-publish","4":"has-post-thumbnail","7":"first","8":"instock","9":"shipping-taxable","10":"purchasable","11":"product-type-simple"},"_links":{"self":[{"href":"https:\/\/pecedubovec.sk\/eshop\/wp-json\/wp\/v2\/product\/1121","targetHints":{"allow":["GET"]}}],"collection":[{"href":"https:\/\/pecedubovec.sk\/eshop\/wp-json\/wp\/v2\/product"}],"about":[{"href":"https:\/\/pecedubovec.sk\/eshop\/wp-json\/wp\/v2\/types\/product"}],"wp:featuredmedia":[{"embeddable":true,"href":"https:\/\/pecedubovec.sk\/eshop\/wp-json\/wp\/v2\/media\/1165"}],"wp:attachment":[{"href":"https:\/\/pecedubovec.sk\/eshop\/wp-json\/wp\/v2\/media?parent=1121"}],"wp:term":[{"taxonomy":"product_cat","embeddable":true,"href":"https:\/\/pecedubovec.sk\/eshop\/wp-json\/wp\/v2\/product_cat?post=1121"},{"taxonomy":"product_tag","embeddable":true,"href":"https:\/\/pecedubovec.sk\/eshop\/wp-json\/wp\/v2\/product_tag?post=1121"}],"curies":[{"name":"wp","href":"https:\/\/api.w.org\/{rel}","templated":true}]}}