{"id":1291,"date":"2024-10-17T14:09:48","date_gmt":"2024-10-17T14:09:48","guid":{"rendered":"https:\/\/pecedubovec.sk\/eshop\/?post_type=product&#038;p=1291"},"modified":"2025-02-11T10:54:38","modified_gmt":"2025-02-11T10:54:38","slug":"kv-intra-sm-u-g-ocel-cierna-trojstranne-presklenie-vysuvne-dvierka-cpv","status":"publish","type":"product","link":"https:\/\/pecedubovec.sk\/eshop\/produkt\/kv-intra-sm-u-g-ocel-cierna-trojstranne-presklenie-vysuvne-dvierka-cpv\/","title":{"rendered":"KV INTRA SM U G, oce\u013e \u010dierna, trojstrann\u00e9 presklenie, v\u00fdsuvn\u00e9 dvierka, CPV"},"content":{"rendered":"<p>Dostupnos\u0165:\u00a0na objedn\u00e1vku &#8211; overte zavolan\u00edm na +421 904 174 196<\/p>\n<div class=\"section-title\">Technick\u00e9 \u00fadaje:<\/div>\n<div class=\"row parameters\">\n<div class=\"col-md-6\">\n<dl>\n<dt>Minim\u00e1lny v\u00fdkon<\/dt>\n<dd>6.4 kW<\/dd>\n<\/dl>\n<dl>\n<dt>Maxim\u00e1lny v\u00fdkon<\/dt>\n<dd>19.2 kW<\/dd>\n<\/dl>\n<dl>\n<dt>Menovit\u00fd v\u00fdkon<\/dt>\n<dd>16 kW<\/dd>\n<\/dl>\n<dl>\n<dt>\u00da\u010dinnos\u0165<\/dt>\n<dd>83.3%<\/dd>\n<\/dl>\n<dl>\n<dt>V\u00fdvod dymovodu<\/dt>\n<dd>horn\u00fd<\/dd>\n<\/dl>\n<dl>\n<dt>Priemer dymovodu<\/dt>\n<dd>200 mm<\/dd>\n<\/dl>\n<\/div>\n<div class=\"col-md-6\">\n<dl>\n<dt>Palivo<\/dt>\n<dd>drevo, dreven\u00e9 brikety<\/dd>\n<\/dl>\n<dl>\n<dt>Farebn\u00e9 vyhotovenie<\/dt>\n<dd>\u010dierna<\/dd>\n<\/dl>\n<dl>\n<dt>Hmotnos\u0165<\/dt>\n<dd>190 kg<\/dd>\n<\/dl>\n<dl>\n<dt>\u0160\u00edrka<\/dt>\n<dd>674 mm<\/dd>\n<\/dl>\n<dl>\n<dt>V\u00fd\u0161ka<\/dt>\n<dd>1515 mm<\/dd>\n<\/dl>\n<dl>\n<dt>H\u013abka<\/dt>\n<dd>597 mm<\/dd>\n<\/dl>\n<\/div>\n<\/div>\n","protected":false},"excerpt":{"rendered":"<p>Dostupnos\u0165:\u00a0na objedn\u00e1vku &#8211; overte zavolan\u00edm na +421 904 174 196 Technick\u00e9 \u00fadaje: Minim\u00e1lny v\u00fdkon 6.4 kW Maxim\u00e1lny v\u00fdkon 19.2 kW Menovit\u00fd v\u00fdkon 16 kW \u00da\u010dinnos\u0165 83.3% V\u00fdvod dymovodu horn\u00fd Priemer dymovodu 200 mm Palivo drevo, dreven\u00e9 brikety Farebn\u00e9 vyhotovenie \u010dierna Hmotnos\u0165 190 kg \u0160\u00edrka 674 mm V\u00fd\u0161ka 1515 mm H\u013abka 597 mm<\/p>\n","protected":false},"featured_media":1290,"template":"","meta":[],"product_cat":[58],"product_tag":[],"class_list":{"0":"post-1291","1":"product","2":"type-product","3":"status-publish","4":"has-post-thumbnail","6":"product_cat-defro-home","8":"first","9":"instock","10":"shipping-taxable","11":"purchasable","12":"product-type-simple"},"_links":{"self":[{"href":"https:\/\/pecedubovec.sk\/eshop\/wp-json\/wp\/v2\/product\/1291","targetHints":{"allow":["GET"]}}],"collection":[{"href":"https:\/\/pecedubovec.sk\/eshop\/wp-json\/wp\/v2\/product"}],"about":[{"href":"https:\/\/pecedubovec.sk\/eshop\/wp-json\/wp\/v2\/types\/product"}],"wp:featuredmedia":[{"embeddable":true,"href":"https:\/\/pecedubovec.sk\/eshop\/wp-json\/wp\/v2\/media\/1290"}],"wp:attachment":[{"href":"https:\/\/pecedubovec.sk\/eshop\/wp-json\/wp\/v2\/media?parent=1291"}],"wp:term":[{"taxonomy":"product_cat","embeddable":true,"href":"https:\/\/pecedubovec.sk\/eshop\/wp-json\/wp\/v2\/product_cat?post=1291"},{"taxonomy":"product_tag","embeddable":true,"href":"https:\/\/pecedubovec.sk\/eshop\/wp-json\/wp\/v2\/product_tag?post=1291"}],"curies":[{"name":"wp","href":"https:\/\/api.w.org\/{rel}","templated":true}]}}