{"id":1433,"date":"2024-11-06T11:20:13","date_gmt":"2024-11-06T11:20:13","guid":{"rendered":"https:\/\/pecedubovec.sk\/eshop\/?post_type=product&#038;p=1433"},"modified":"2025-02-12T15:57:59","modified_gmt":"2025-02-12T15:57:59","slug":"kv-intra-sm-bl-mini-ocel-cierna-cierny-ceramiton-lave-rohove-presklenie-cpv","status":"publish","type":"product","link":"https:\/\/pecedubovec.sk\/eshop\/produkt\/kv-intra-sm-bl-mini-ocel-cierna-cierny-ceramiton-lave-rohove-presklenie-cpv\/","title":{"rendered":"KV INTRA SM BL MINI, oce\u013e \u010dierna, \u010dierny ceramiton, \u013eav\u00e9 rohov\u00e9 presklenie, CPV"},"content":{"rendered":"<p>Dostupnos\u0165:\u00a0na objedn\u00e1vku &#8211; overte zavolan\u00edm na +421 904 174 196<\/p>\n<div class=\"detail-text\">Doporu\u010den\u00e9 mno\u017estvo akumula\u010dnej sady umiestnenej na zadnej strane krbovej vlo\u017eky s\u00fa 2 ks a na bo\u010dnej strane je 1 ks.<br \/>\nDoporu\u010den\u00e9 mno\u017estvo akumula\u010dnej sady umiestnenej v hornej \u010dasti krbovej vlo\u017eky s\u00fa 4 ks.<\/div>\n<div class=\"section-title\">Technick\u00e9 \u00fadaje:<\/div>\n<div class=\"row parameters\">\n<div class=\"col-md-6\">\n<dl>\n<dt>Menovit\u00fd v\u00fdkon<\/dt>\n<dd>10 kW<\/dd>\n<\/dl>\n<dl>\n<dt>Vyhrievan\u00fd priestor<\/dt>\n<dd>145 m<sup>3<\/sup><\/dd>\n<\/dl>\n<dl>\n<dt>\u00da\u010dinnos\u0165<\/dt>\n<dd>80.1%<\/dd>\n<\/dl>\n<dl>\n<dt>V\u00fdvod dymovodu<\/dt>\n<dd>horn\u00fd<\/dd>\n<\/dl>\n<dl>\n<dt>Priemer dymovodu<\/dt>\n<dd>200 mm<\/dd>\n<\/dl>\n<\/div>\n<div class=\"col-md-6\">\n<dl>\n<dt>Palivo<\/dt>\n<dd>drevo, dreven\u00e9 brikety<\/dd>\n<\/dl>\n<dl>\n<dt>Farebn\u00e9 vyhotovenie<\/dt>\n<dd>\u010dierna<\/dd>\n<\/dl>\n<dl>\n<dt>Hmotnos\u0165<\/dt>\n<dd>177 kg<\/dd>\n<\/dl>\n<dl>\n<dt>\u0160\u00edrka<\/dt>\n<dd>667 mm<\/dd>\n<\/dl>\n<dl>\n<dt>V\u00fd\u0161ka<\/dt>\n<dd>1407 mm<\/dd>\n<\/dl>\n<dl>\n<dt>H\u013abka<\/dt>\n<dd>451 mm<\/dd>\n<dd><\/dd>\n<\/dl>\n<\/div>\n<\/div>\n","protected":false},"excerpt":{"rendered":"<p>Dostupnos\u0165:\u00a0na objedn\u00e1vku &#8211; overte zavolan\u00edm na +421 904 174 196 Doporu\u010den\u00e9 mno\u017estvo akumula\u010dnej sady umiestnenej na zadnej strane krbovej vlo\u017eky s\u00fa 2 ks a na bo\u010dnej strane je 1 ks. Doporu\u010den\u00e9 mno\u017estvo akumula\u010dnej sady umiestnenej v hornej \u010dasti krbovej vlo\u017eky s\u00fa 4 ks. Technick\u00e9 \u00fadaje: Menovit\u00fd v\u00fdkon 10 kW Vyhrievan\u00fd priestor 145 m3 \u00da\u010dinnos\u0165 80.1% [&hellip;]<\/p>\n","protected":false},"featured_media":1434,"template":"","meta":[],"product_cat":[58],"product_tag":[],"class_list":{"0":"post-1433","1":"product","2":"type-product","3":"status-publish","4":"has-post-thumbnail","6":"product_cat-defro-home","8":"first","9":"instock","10":"shipping-taxable","11":"purchasable","12":"product-type-simple"},"_links":{"self":[{"href":"https:\/\/pecedubovec.sk\/eshop\/wp-json\/wp\/v2\/product\/1433","targetHints":{"allow":["GET"]}}],"collection":[{"href":"https:\/\/pecedubovec.sk\/eshop\/wp-json\/wp\/v2\/product"}],"about":[{"href":"https:\/\/pecedubovec.sk\/eshop\/wp-json\/wp\/v2\/types\/product"}],"wp:featuredmedia":[{"embeddable":true,"href":"https:\/\/pecedubovec.sk\/eshop\/wp-json\/wp\/v2\/media\/1434"}],"wp:attachment":[{"href":"https:\/\/pecedubovec.sk\/eshop\/wp-json\/wp\/v2\/media?parent=1433"}],"wp:term":[{"taxonomy":"product_cat","embeddable":true,"href":"https:\/\/pecedubovec.sk\/eshop\/wp-json\/wp\/v2\/product_cat?post=1433"},{"taxonomy":"product_tag","embeddable":true,"href":"https:\/\/pecedubovec.sk\/eshop\/wp-json\/wp\/v2\/product_tag?post=1433"}],"curies":[{"name":"wp","href":"https:\/\/api.w.org\/{rel}","templated":true}]}}