{"id":1452,"date":"2024-11-06T14:25:11","date_gmt":"2024-11-06T14:25:11","guid":{"rendered":"https:\/\/pecedubovec.sk\/eshop\/?post_type=product&#038;p=1452"},"modified":"2025-02-12T15:39:12","modified_gmt":"2025-02-12T15:39:12","slug":"kv-intra-me-slim-ocel-cierna-rovne-presklenie-cpv","status":"publish","type":"product","link":"https:\/\/pecedubovec.sk\/eshop\/produkt\/kv-intra-me-slim-ocel-cierna-rovne-presklenie-cpv\/","title":{"rendered":"KV INTRA ME SLIM, oce\u013e \u010dierna, rovn\u00e9 presklenie, CPV"},"content":{"rendered":"<p>Dostupnos\u0165:\u00a0na objedn\u00e1vku &#8211; overte zavolan\u00edm na +421 904 174 196<\/p>\n<div class=\"detail-text\">Doporu\u010den\u00e9 mno\u017estvo akumula\u010dnej sady umiestnenej na zadnej strane krbovej vlo\u017eky s\u00fa 2 ks a na bo\u010dnej strane s\u00fa 2 ks.<br \/>\nDoporu\u010den\u00e9 mno\u017estvo akumula\u010dnej sady umiestnenej v hornej \u010dasti krbovej vlo\u017eky je 6 ks.<\/div>\n<div class=\"section-title\">Technick\u00e9 \u00fadaje:<\/div>\n<div class=\"row parameters\">\n<div class=\"col-md-6\">\n<dl>\n<dt>Menovit\u00fd v\u00fdkon<\/dt>\n<dd>8 kW<\/dd>\n<\/dl>\n<dl>\n<dt>Vyhrievan\u00fd priestor<\/dt>\n<dd>115 m<sup>3<\/sup><\/dd>\n<\/dl>\n<dl>\n<dt>\u00da\u010dinnos\u0165<\/dt>\n<dd>80.1%<\/dd>\n<\/dl>\n<dl>\n<dt>V\u00fdvod dymovodu<\/dt>\n<dd>horn\u00fd<\/dd>\n<\/dl>\n<dl>\n<dt>Priemer dymovodu<\/dt>\n<dd>200 mm<\/dd>\n<\/dl>\n<\/div>\n<div class=\"col-md-6\">\n<dl>\n<dt>Palivo<\/dt>\n<dd>drevo, dreven\u00e9 brikety<\/dd>\n<\/dl>\n<dl>\n<dt>Farebn\u00e9 vyhotovenie<\/dt>\n<dd>\u010dierna<\/dd>\n<\/dl>\n<dl>\n<dt>Hmotnos\u0165<\/dt>\n<dd>181 kg<\/dd>\n<\/dl>\n<dl>\n<dt>\u0160\u00edrka<\/dt>\n<dd>846 mm<\/dd>\n<\/dl>\n<dl>\n<dt>V\u00fd\u0161ka<\/dt>\n<dd>1210 mm<\/dd>\n<\/dl>\n<dl>\n<dt>H\u013abka<\/dt>\n<dd>366 mm<\/dd>\n<dd><strong>Popis krbovej vlo\u017eky INTRA ME SLIM :<\/strong><\/p>\n<ul>\n<li>je ur\u010den\u00e1 pro teplovzdu\u0161n\u00fa prev\u00e1dzku a je vhodn\u00e1 pre n\u00edzkoenergetick\u00e9 a aj pas\u00edvne domy<\/li>\n<li>men\u0161ia h\u013abka obostavby<\/li>\n<li>MULTIFLOW &#8211; patentovan\u00e9 rie\u0161enie dod\u00e1van\u00e9 vzduchu pre horenie\/dvojit\u00e9 spa\u013eovanie prepracovan\u00fd syst\u00e9m oplachu skla<\/li>\n<li>BLACK LINE &#8211; dizajnov\u00e9 delen\u00e9 sklo s \u010diernou potla\u010dou<\/li>\n<li>CERAMITON &#8211; ohnisko z mas\u00edvneho akumula\u010dn\u00e9ho materi\u00e1lu, ktor\u00e9 je vystu\u017een\u00e9 \u0161peci\u00e1lnymi oce\u013eov\u00fdmi dr\u00f4tikmi<\/li>\n<li>COOL&amp;TOUCH &#8211; studen\u00e1 k\u013eu\u010dka, ktor\u00e1 je vyroben\u00e1 z nehrdzavej\u00facej ocele najvy\u0161\u0161ej kvality a so \u0161peci\u00e1lnou perfor\u00e1ciou umo\u017e\u0148uje jej prirodzen\u00e9 ochladzovanie<\/li>\n<li>THERMOBLOK &#8211; mo\u017en\u00e1 in\u0161tal\u00e1cia akumula\u010dnej sady pre zv\u00fd\u0161enie tepeln\u00e9ho v\u00fdkonu<\/li>\n<li>\u0161irok\u00fd v\u00fdber obostavan\u00fdch r\u00e1mikov<\/li>\n<li>\u0161peci\u00e1lny box umo\u017e\u0148uj\u00faci pripojenie hadice pr\u00edvodu vzduchu ku KV s mo\u017enos\u0165ou napojenia zo strany<\/li>\n<li>syst\u00e9m tr\u00fabkov\u00fdch prieduchov, ktor\u00e9 zvy\u0161uj\u00fa efektivitu krbovej vlo\u017eky<\/li>\n<li>nastavite\u013en\u00e9 no\u017ei\u010dky v rozsahu nastavenia od 0 do 100 mm<\/li>\n<li>sp\u013a\u0148a normy Blmsch V Stufe2 a program Eko design<\/li>\n<\/ul>\n<\/dd>\n<\/dl>\n<\/div>\n<\/div>\n","protected":false},"excerpt":{"rendered":"<p>Dostupnos\u0165:\u00a0na objedn\u00e1vku &#8211; overte zavolan\u00edm na +421 904 174 196 Doporu\u010den\u00e9 mno\u017estvo akumula\u010dnej sady umiestnenej na zadnej strane krbovej vlo\u017eky s\u00fa 2 ks a na bo\u010dnej strane s\u00fa 2 ks. Doporu\u010den\u00e9 mno\u017estvo akumula\u010dnej sady umiestnenej v hornej \u010dasti krbovej vlo\u017eky je 6 ks. Technick\u00e9 \u00fadaje: Menovit\u00fd v\u00fdkon 8 kW Vyhrievan\u00fd priestor 115 m3 \u00da\u010dinnos\u0165 80.1% [&hellip;]<\/p>\n","protected":false},"featured_media":1453,"template":"","meta":[],"product_cat":[58],"product_tag":[],"class_list":{"0":"post-1452","1":"product","2":"type-product","3":"status-publish","4":"has-post-thumbnail","6":"product_cat-defro-home","8":"first","9":"instock","10":"shipping-taxable","11":"purchasable","12":"product-type-simple"},"_links":{"self":[{"href":"https:\/\/pecedubovec.sk\/eshop\/wp-json\/wp\/v2\/product\/1452","targetHints":{"allow":["GET"]}}],"collection":[{"href":"https:\/\/pecedubovec.sk\/eshop\/wp-json\/wp\/v2\/product"}],"about":[{"href":"https:\/\/pecedubovec.sk\/eshop\/wp-json\/wp\/v2\/types\/product"}],"wp:featuredmedia":[{"embeddable":true,"href":"https:\/\/pecedubovec.sk\/eshop\/wp-json\/wp\/v2\/media\/1453"}],"wp:attachment":[{"href":"https:\/\/pecedubovec.sk\/eshop\/wp-json\/wp\/v2\/media?parent=1452"}],"wp:term":[{"taxonomy":"product_cat","embeddable":true,"href":"https:\/\/pecedubovec.sk\/eshop\/wp-json\/wp\/v2\/product_cat?post=1452"},{"taxonomy":"product_tag","embeddable":true,"href":"https:\/\/pecedubovec.sk\/eshop\/wp-json\/wp\/v2\/product_tag?post=1452"}],"curies":[{"name":"wp","href":"https:\/\/api.w.org\/{rel}","templated":true}]}}