{"id":1469,"date":"2024-11-07T09:43:42","date_gmt":"2024-11-07T09:43:42","guid":{"rendered":"https:\/\/pecedubovec.sk\/eshop\/?post_type=product&#038;p=1469"},"modified":"2025-02-12T15:21:41","modified_gmt":"2025-02-12T15:21:41","slug":"kv-impuls-me-bp-ocel-cierna-prave-rohove-presklenie-potlac-skla-black-line-cpv","status":"publish","type":"product","link":"https:\/\/pecedubovec.sk\/eshop\/produkt\/kv-impuls-me-bp-ocel-cierna-prave-rohove-presklenie-potlac-skla-black-line-cpv\/","title":{"rendered":"KV IMPULS ME BP, oce\u013e \u010dierna, prav\u00e9 rohov\u00e9 presklenie, potla\u010d skla Black Line, CPV"},"content":{"rendered":"<p>Dostupnos\u0165:\u00a0na objedn\u00e1vku &#8211; overte zavolan\u00edm na +421 904 174 196<\/p>\n<div class=\"section-title\">Technick\u00e9 \u00fadaje:<\/div>\n<div class=\"row parameters\">\n<div class=\"col-md-6\">\n<dl>\n<dt>Menovit\u00fd v\u00fdkon<\/dt>\n<dd>10 kW<\/dd>\n<\/dl>\n<dl>\n<dt>Vyhrievan\u00fd priestor<\/dt>\n<dd>145 m<sup>3<\/sup><\/dd>\n<\/dl>\n<dl>\n<dt>\u00da\u010dinnos\u0165<\/dt>\n<dd>80%<\/dd>\n<\/dl>\n<dl>\n<dt>V\u00fdvod dymovodu<\/dt>\n<dd>horn\u00fd<\/dd>\n<\/dl>\n<dl>\n<dt>Priemer dymovodu<\/dt>\n<dd>200 mm<\/dd>\n<\/dl>\n<\/div>\n<div class=\"col-md-6\">\n<dl>\n<dt>Palivo<\/dt>\n<dd>drevo, dreven\u00e9 brikety<\/dd>\n<\/dl>\n<dl>\n<dt>Farebn\u00e9 vyhotovenie<\/dt>\n<dd>\u010dierna<\/dd>\n<\/dl>\n<dl>\n<dt>Hmotnos\u0165<\/dt>\n<dd>175 kg<\/dd>\n<\/dl>\n<dl>\n<dt>\u0160\u00edrka<\/dt>\n<dd>794 mm<\/dd>\n<\/dl>\n<dl>\n<dt>V\u00fd\u0161ka<\/dt>\n<dd>1068 mm<\/dd>\n<\/dl>\n<dl>\n<dt>H\u013abka<\/dt>\n<dd>410 mm<\/dd>\n<dd><\/dd>\n<\/dl>\n<\/div>\n<\/div>\n","protected":false},"excerpt":{"rendered":"<p>Dostupnos\u0165:\u00a0na objedn\u00e1vku &#8211; overte zavolan\u00edm na +421 904 174 196 Technick\u00e9 \u00fadaje: Menovit\u00fd v\u00fdkon 10 kW Vyhrievan\u00fd priestor 145 m3 \u00da\u010dinnos\u0165 80% V\u00fdvod dymovodu horn\u00fd Priemer dymovodu 200 mm Palivo drevo, dreven\u00e9 brikety Farebn\u00e9 vyhotovenie \u010dierna Hmotnos\u0165 175 kg \u0160\u00edrka 794 mm V\u00fd\u0161ka 1068 mm H\u013abka 410 mm<\/p>\n","protected":false},"featured_media":1470,"template":"","meta":[],"product_cat":[58],"product_tag":[],"class_list":{"0":"post-1469","1":"product","2":"type-product","3":"status-publish","4":"has-post-thumbnail","6":"product_cat-defro-home","8":"first","9":"instock","10":"shipping-taxable","11":"purchasable","12":"product-type-simple"},"_links":{"self":[{"href":"https:\/\/pecedubovec.sk\/eshop\/wp-json\/wp\/v2\/product\/1469","targetHints":{"allow":["GET"]}}],"collection":[{"href":"https:\/\/pecedubovec.sk\/eshop\/wp-json\/wp\/v2\/product"}],"about":[{"href":"https:\/\/pecedubovec.sk\/eshop\/wp-json\/wp\/v2\/types\/product"}],"wp:featuredmedia":[{"embeddable":true,"href":"https:\/\/pecedubovec.sk\/eshop\/wp-json\/wp\/v2\/media\/1470"}],"wp:attachment":[{"href":"https:\/\/pecedubovec.sk\/eshop\/wp-json\/wp\/v2\/media?parent=1469"}],"wp:term":[{"taxonomy":"product_cat","embeddable":true,"href":"https:\/\/pecedubovec.sk\/eshop\/wp-json\/wp\/v2\/product_cat?post=1469"},{"taxonomy":"product_tag","embeddable":true,"href":"https:\/\/pecedubovec.sk\/eshop\/wp-json\/wp\/v2\/product_tag?post=1469"}],"curies":[{"name":"wp","href":"https:\/\/api.w.org\/{rel}","templated":true}]}}