{"id":1502,"date":"2024-11-07T13:09:45","date_gmt":"2024-11-07T13:09:45","guid":{"rendered":"https:\/\/pecedubovec.sk\/eshop\/?post_type=product&#038;p=1502"},"modified":"2025-02-12T14:00:52","modified_gmt":"2025-02-12T14:00:52","slug":"kv-impuls-sm-bp-ocel-cierna-prave-rohove-presklenie-cpv-3","status":"publish","type":"product","link":"https:\/\/pecedubovec.sk\/eshop\/produkt\/kv-impuls-sm-bp-ocel-cierna-prave-rohove-presklenie-cpv-3\/","title":{"rendered":"KV IMPULS SM BP, oce\u013e \u010dierna, prav\u00e9 rohov\u00e9 presklenie, CPV"},"content":{"rendered":"<p>Dostupnos\u0165:\u00a0na objedn\u00e1vku &#8211; overte zavolan\u00edm na +421 904 174 196<\/p>\n<div class=\"section-title\">Technick\u00e9 \u00fadaje:<\/div>\n<div class=\"row parameters\">\n<div class=\"col-md-6\">\n<dl>\n<dt>Menovit\u00fd v\u00fdkon<\/dt>\n<dd>8 kW<\/dd>\n<\/dl>\n<dl>\n<dt>Vyhrievan\u00fd priestor<\/dt>\n<dd>115 m<sup>3<\/sup><\/dd>\n<\/dl>\n<dl>\n<dt>\u00da\u010dinnos\u0165<\/dt>\n<dd>80.2%<\/dd>\n<\/dl>\n<dl>\n<dt>V\u00fdvod dymovodu<\/dt>\n<dd>horn\u00fd<\/dd>\n<\/dl>\n<dl>\n<dt>Priemer dymovodu<\/dt>\n<dd>200 mm<\/dd>\n<\/dl>\n<\/div>\n<div class=\"col-md-6\">\n<dl>\n<dt>Palivo<\/dt>\n<dd>drevo, dreven\u00e9 brikety<\/dd>\n<\/dl>\n<dl>\n<dt>Farebn\u00e9 vyhotovenie<\/dt>\n<dd>\u010dierna<\/dd>\n<\/dl>\n<dl>\n<dt>Hmotnos\u0165<\/dt>\n<dd>170 kg<\/dd>\n<\/dl>\n<dl>\n<dt>\u0160\u00edrka<\/dt>\n<dd>694 mm<\/dd>\n<\/dl>\n<dl>\n<dt>V\u00fd\u0161ka<\/dt>\n<dd>1068 mm<\/dd>\n<\/dl>\n<dl>\n<dt>H\u013abka<\/dt>\n<dd>400 mm<\/dd>\n<dd><strong>Popis krbovej vlo\u017eky IMPULS ME :<\/strong><\/p>\n<ul>\n<li>je ur\u010den\u00e1 pro teplovzdu\u0161n\u00fa prev\u00e1dzku<\/li>\n<li>centr\u00e1lny pr\u00edvod vzduchu<\/li>\n<li>MULTIFLOW &#8211; patentovan\u00e9 rie\u0161enie dod\u00e1van\u00e9 vzduchu pre horenie<\/li>\n<li>prepracovan\u00fd syst\u00e9m oplachu skla<\/li>\n<li>CERAMITON &#8211; ohnisko z mas\u00edvneho akumula\u010dn\u00e9ho materi\u00e1lu<\/li>\n<li>nastavite\u013en\u00e9 no\u017ei\u010dky v rozsahu nastavenia od 0 do 100 mm<\/li>\n<li>sp\u013a\u0148a normy Blmsch V Stufe2 a program Eko design<\/li>\n<\/ul>\n<\/dd>\n<\/dl>\n<\/div>\n<\/div>\n","protected":false},"excerpt":{"rendered":"<p>Dostupnos\u0165:\u00a0na objedn\u00e1vku &#8211; overte zavolan\u00edm na +421 904 174 196 Technick\u00e9 \u00fadaje: Menovit\u00fd v\u00fdkon 8 kW Vyhrievan\u00fd priestor 115 m3 \u00da\u010dinnos\u0165 80.2% V\u00fdvod dymovodu horn\u00fd Priemer dymovodu 200 mm Palivo drevo, dreven\u00e9 brikety Farebn\u00e9 vyhotovenie \u010dierna Hmotnos\u0165 170 kg \u0160\u00edrka 694 mm V\u00fd\u0161ka 1068 mm H\u013abka 400 mm Popis krbovej vlo\u017eky IMPULS ME : je [&hellip;]<\/p>\n","protected":false},"featured_media":1503,"template":"","meta":[],"product_cat":[58],"product_tag":[],"class_list":{"0":"post-1502","1":"product","2":"type-product","3":"status-publish","4":"has-post-thumbnail","6":"product_cat-defro-home","8":"first","9":"instock","10":"shipping-taxable","11":"purchasable","12":"product-type-simple"},"_links":{"self":[{"href":"https:\/\/pecedubovec.sk\/eshop\/wp-json\/wp\/v2\/product\/1502","targetHints":{"allow":["GET"]}}],"collection":[{"href":"https:\/\/pecedubovec.sk\/eshop\/wp-json\/wp\/v2\/product"}],"about":[{"href":"https:\/\/pecedubovec.sk\/eshop\/wp-json\/wp\/v2\/types\/product"}],"wp:featuredmedia":[{"embeddable":true,"href":"https:\/\/pecedubovec.sk\/eshop\/wp-json\/wp\/v2\/media\/1503"}],"wp:attachment":[{"href":"https:\/\/pecedubovec.sk\/eshop\/wp-json\/wp\/v2\/media?parent=1502"}],"wp:term":[{"taxonomy":"product_cat","embeddable":true,"href":"https:\/\/pecedubovec.sk\/eshop\/wp-json\/wp\/v2\/product_cat?post=1502"},{"taxonomy":"product_tag","embeddable":true,"href":"https:\/\/pecedubovec.sk\/eshop\/wp-json\/wp\/v2\/product_tag?post=1502"}],"curies":[{"name":"wp","href":"https:\/\/api.w.org\/{rel}","templated":true}]}}