{"id":16,"date":"2024-10-02T11:48:11","date_gmt":"2024-10-02T11:48:11","guid":{"rendered":"https:\/\/pecedubovec.sk\/eshop\/?post_type=product&#038;p=16"},"modified":"2024-10-02T11:49:10","modified_gmt":"2024-10-02T11:49:10","slug":"sdm6-steny-stropy-drevo","status":"publish","type":"product","link":"https:\/\/pecedubovec.sk\/eshop\/produkt\/sdm6-steny-stropy-drevo\/","title":{"rendered":"SDM6 \u2013 STENY, STROPY &#8211; DREVO"},"content":{"rendered":"","protected":false},"excerpt":{"rendered":"<h3>Tovar je mo\u017en\u00e9 objedna\u0165 po telefonickom rozhovore!<\/h3>\n<h2><span style=\"color: #ff6600;\"><strong>Volajte<\/strong>: <a style=\"color: #ff6600;\" href=\"tel:+421 904 174 196\">+421 904 174 196<\/a><\/span><\/h2>\n<p><strong>Balenie obsahuje:<\/strong><\/p>\n<p>36ks mont\u00e1\u017enych tanierov<\/p>\n<p>36 ks samorezn\u00e9 hmo\u017edinky do dreva<\/p>\n<p>150 ks \u0161r\u00f3by do sadrok\u00e1rt\u00f3nu<\/p>\n<p><strong><a href=\"https:\/\/snot.sk\/kalkulacia-ceny\/\" target=\"_blank\" rel=\"noopener\">Neviete ko\u013eko kusov potrebujete? Sk\u00faste na\u0161u kalkula\u010dku TU!<\/a><\/strong><\/p>\n<p><strong><a href=\"https:\/\/snot.sk\/o-produkte\/\">Balenie neobsahuje n\u00e1vod! Video n\u00e1vod n\u00e1jdete na na\u0161om webe TU!<\/a><\/strong><\/p>\n","protected":false},"featured_media":51,"template":"","meta":[],"product_cat":[],"product_tag":[],"class_list":{"0":"post-16","1":"product","2":"type-product","3":"status-publish","4":"has-post-thumbnail","7":"first","8":"outofstock","9":"shipping-taxable","10":"purchasable","11":"product-type-simple"},"_links":{"self":[{"href":"https:\/\/pecedubovec.sk\/eshop\/wp-json\/wp\/v2\/product\/16","targetHints":{"allow":["GET"]}}],"collection":[{"href":"https:\/\/pecedubovec.sk\/eshop\/wp-json\/wp\/v2\/product"}],"about":[{"href":"https:\/\/pecedubovec.sk\/eshop\/wp-json\/wp\/v2\/types\/product"}],"wp:featuredmedia":[{"embeddable":true,"href":"https:\/\/pecedubovec.sk\/eshop\/wp-json\/wp\/v2\/media\/51"}],"wp:attachment":[{"href":"https:\/\/pecedubovec.sk\/eshop\/wp-json\/wp\/v2\/media?parent=16"}],"wp:term":[{"taxonomy":"product_cat","embeddable":true,"href":"https:\/\/pecedubovec.sk\/eshop\/wp-json\/wp\/v2\/product_cat?post=16"},{"taxonomy":"product_tag","embeddable":true,"href":"https:\/\/pecedubovec.sk\/eshop\/wp-json\/wp\/v2\/product_tag?post=16"}],"curies":[{"name":"wp","href":"https:\/\/api.w.org\/{rel}","templated":true}]}}