{"id":1608,"date":"2025-02-11T13:30:14","date_gmt":"2025-02-11T13:30:14","guid":{"rendered":"https:\/\/pecedubovec.sk\/eshop\/?post_type=product&#038;p=1608"},"modified":"2025-02-11T13:30:14","modified_gmt":"2025-02-11T13:30:14","slug":"krbove-kachle-dea-ocel-cierna-boky-cierne-rovne-presklenie-cpv","status":"publish","type":"product","link":"https:\/\/pecedubovec.sk\/eshop\/produkt\/krbove-kachle-dea-ocel-cierna-boky-cierne-rovne-presklenie-cpv\/","title":{"rendered":"Krbov\u00e9 kachle DEA, oce\u013e \u010dierna, boky \u010dierne, rovn\u00e9 presklenie, CPV"},"content":{"rendered":"<p><b>Dostupnos\u0165: na objedn\u00e1vku &#8211; overte zavolan\u00edm na +421 904 174 196<\/b>.<\/p>\n<div class=\"section-title\">Technick\u00e9 \u00fadaje:<\/div>\n<div class=\"row parameters\">\n<div class=\"col-md-6\">\n<dl>\n<dt>Minim\u00e1lny v\u00fdkon<\/dt>\n<dd><span style=\"vertical-align: inherit;\"><span style=\"vertical-align: inherit;\">3,6 kW<\/span><\/span><\/dd>\n<\/dl>\n<dl>\n<dt>Maxim\u00e1lny v\u00fdkon<\/dt>\n<dd><span style=\"vertical-align: inherit;\"><span style=\"vertical-align: inherit;\">10,8 kW<\/span><\/span><\/dd>\n<\/dl>\n<dl>\n<dt>Menovit\u00fd v\u00fdkon<\/dt>\n<dd><span style=\"vertical-align: inherit;\"><span style=\"vertical-align: inherit;\">6,6 kW<\/span><\/span><\/dd>\n<\/dl>\n<dl>\n<dt>\u00da\u010dinnos\u0165<\/dt>\n<dd><span style=\"vertical-align: inherit;\"><span style=\"vertical-align: inherit;\">75,5 %<\/span><\/span><\/dd>\n<\/dl>\n<dl>\n<dt>V\u00fdvod dymovodu<\/dt>\n<dd>horn\u00fd, zadn\u00fd<\/dd>\n<\/dl>\n<dl>\n<dt>Priemer dymovodu<\/dt>\n<dd><span style=\"vertical-align: inherit;\"><span style=\"vertical-align: inherit;\">150 mm<\/span><\/span><\/dd>\n<\/dl>\n<\/div>\n<div class=\"col-md-6\">\n<dl>\n<dt>Palivo<\/dt>\n<dd>drevo, dreven\u00e9 brikety<\/dd>\n<\/dl>\n<dl>\n<dt>Farebn\u00e9 vyhotovenie<\/dt>\n<dd>\u010dierna<\/dd>\n<\/dl>\n<dl>\n<dt>Hmotnos\u0165<\/dt>\n<dd><span style=\"vertical-align: inherit;\"><span style=\"vertical-align: inherit;\">191 kg<\/span><\/span><\/dd>\n<\/dl>\n<dl>\n<dt>\u0160\u00edrka<\/dt>\n<dd><span style=\"vertical-align: inherit;\"><span style=\"vertical-align: inherit;\">601 mm<\/span><\/span><\/dd>\n<\/dl>\n<dl>\n<dt>V\u00fd\u0161ka<\/dt>\n<dd><span style=\"vertical-align: inherit;\"><span style=\"vertical-align: inherit;\">1198 mm<\/span><\/span><\/dd>\n<\/dl>\n<dl>\n<dt>H\u013abka<\/dt>\n<dd><span style=\"vertical-align: inherit;\"><span style=\"vertical-align: inherit;\">531 mm<\/span><\/span><\/dd>\n<dd><\/dd>\n<\/dl>\n<\/div>\n<\/div>\n","protected":false},"excerpt":{"rendered":"<p>Dostupnos\u0165: na objedn\u00e1vku &#8211; overte zavolan\u00edm na +421 904 174 196. Technick\u00e9 \u00fadaje: Minim\u00e1lny v\u00fdkon 3,6 kW Maxim\u00e1lny v\u00fdkon 10,8 kW Menovit\u00fd v\u00fdkon 6,6 kW \u00da\u010dinnos\u0165 75,5 % V\u00fdvod dymovodu horn\u00fd, zadn\u00fd Priemer dymovodu 150 mm Palivo drevo, dreven\u00e9 brikety Farebn\u00e9 vyhotovenie \u010dierna Hmotnos\u0165 191 kg \u0160\u00edrka 601 mm V\u00fd\u0161ka 1198 mm H\u013abka 531 mm<\/p>\n","protected":false},"featured_media":1609,"template":"","meta":[],"product_cat":[59],"product_tag":[],"class_list":{"0":"post-1608","1":"product","2":"type-product","3":"status-publish","4":"has-post-thumbnail","6":"product_cat-krbove-kachle-defro","8":"first","9":"instock","10":"shipping-taxable","11":"purchasable","12":"product-type-simple"},"_links":{"self":[{"href":"https:\/\/pecedubovec.sk\/eshop\/wp-json\/wp\/v2\/product\/1608","targetHints":{"allow":["GET"]}}],"collection":[{"href":"https:\/\/pecedubovec.sk\/eshop\/wp-json\/wp\/v2\/product"}],"about":[{"href":"https:\/\/pecedubovec.sk\/eshop\/wp-json\/wp\/v2\/types\/product"}],"wp:featuredmedia":[{"embeddable":true,"href":"https:\/\/pecedubovec.sk\/eshop\/wp-json\/wp\/v2\/media\/1609"}],"wp:attachment":[{"href":"https:\/\/pecedubovec.sk\/eshop\/wp-json\/wp\/v2\/media?parent=1608"}],"wp:term":[{"taxonomy":"product_cat","embeddable":true,"href":"https:\/\/pecedubovec.sk\/eshop\/wp-json\/wp\/v2\/product_cat?post=1608"},{"taxonomy":"product_tag","embeddable":true,"href":"https:\/\/pecedubovec.sk\/eshop\/wp-json\/wp\/v2\/product_tag?post=1608"}],"curies":[{"name":"wp","href":"https:\/\/api.w.org\/{rel}","templated":true}]}}