{"id":1702,"date":"2025-02-12T16:01:42","date_gmt":"2025-02-12T16:01:42","guid":{"rendered":"https:\/\/pecedubovec.sk\/eshop\/?post_type=product&#038;p=1702"},"modified":"2025-02-12T16:01:42","modified_gmt":"2025-02-12T16:01:42","slug":"ramik-pre-rohove-kv-intra-sm-bl-bp-mini-uzky-3-cm-hlboky-10-cm-cierny-3","status":"publish","type":"product","link":"https:\/\/pecedubovec.sk\/eshop\/produkt\/ramik-pre-rohove-kv-intra-sm-bl-bp-mini-uzky-3-cm-hlboky-10-cm-cierny-3\/","title":{"rendered":"R\u00e1mik pre rohov\u00e9 KV INTRA SM BL\/BP MINI, \u00fazky 3 cm, hlbok\u00fd 10 cm, \u010dierny"},"content":{"rendered":"","protected":false},"excerpt":{"rendered":"","protected":false},"featured_media":0,"template":"","meta":[],"product_cat":[60],"product_tag":[],"class_list":{"0":"post-1702","1":"product","2":"type-product","3":"status-publish","5":"product_cat-ramik-pre-krbove-vlozky-defro","7":"first","8":"instock","9":"shipping-taxable","10":"purchasable","11":"product-type-simple"},"_links":{"self":[{"href":"https:\/\/pecedubovec.sk\/eshop\/wp-json\/wp\/v2\/product\/1702","targetHints":{"allow":["GET"]}}],"collection":[{"href":"https:\/\/pecedubovec.sk\/eshop\/wp-json\/wp\/v2\/product"}],"about":[{"href":"https:\/\/pecedubovec.sk\/eshop\/wp-json\/wp\/v2\/types\/product"}],"wp:attachment":[{"href":"https:\/\/pecedubovec.sk\/eshop\/wp-json\/wp\/v2\/media?parent=1702"}],"wp:term":[{"taxonomy":"product_cat","embeddable":true,"href":"https:\/\/pecedubovec.sk\/eshop\/wp-json\/wp\/v2\/product_cat?post=1702"},{"taxonomy":"product_tag","embeddable":true,"href":"https:\/\/pecedubovec.sk\/eshop\/wp-json\/wp\/v2\/product_tag?post=1702"}],"curies":[{"name":"wp","href":"https:\/\/api.w.org\/{rel}","templated":true}]}}