{"id":1704,"date":"2025-02-13T09:51:48","date_gmt":"2025-02-13T09:51:48","guid":{"rendered":"https:\/\/pecedubovec.sk\/eshop\/?post_type=product&#038;p=1704"},"modified":"2025-02-13T09:51:49","modified_gmt":"2025-02-13T09:51:49","slug":"ramik-pre-rovne-kv-impuls-sm-g-uzky-3cm-hlbka-131-cm-cierny","status":"publish","type":"product","link":"https:\/\/pecedubovec.sk\/eshop\/produkt\/ramik-pre-rovne-kv-impuls-sm-g-uzky-3cm-hlbka-131-cm-cierny\/","title":{"rendered":"R\u00e1mik pre rovn\u00e9 KV IMPULS SM G, \u00fazky 3cm, h\u013abka 13,1 cm, \u010dierny"},"content":{"rendered":"","protected":false},"excerpt":{"rendered":"","protected":false},"featured_media":1705,"template":"","meta":[],"product_cat":[60],"product_tag":[],"class_list":{"0":"post-1704","1":"product","2":"type-product","3":"status-publish","4":"has-post-thumbnail","6":"product_cat-ramik-pre-krbove-vlozky-defro","8":"first","9":"instock","10":"shipping-taxable","11":"purchasable","12":"product-type-simple"},"_links":{"self":[{"href":"https:\/\/pecedubovec.sk\/eshop\/wp-json\/wp\/v2\/product\/1704","targetHints":{"allow":["GET"]}}],"collection":[{"href":"https:\/\/pecedubovec.sk\/eshop\/wp-json\/wp\/v2\/product"}],"about":[{"href":"https:\/\/pecedubovec.sk\/eshop\/wp-json\/wp\/v2\/types\/product"}],"wp:featuredmedia":[{"embeddable":true,"href":"https:\/\/pecedubovec.sk\/eshop\/wp-json\/wp\/v2\/media\/1705"}],"wp:attachment":[{"href":"https:\/\/pecedubovec.sk\/eshop\/wp-json\/wp\/v2\/media?parent=1704"}],"wp:term":[{"taxonomy":"product_cat","embeddable":true,"href":"https:\/\/pecedubovec.sk\/eshop\/wp-json\/wp\/v2\/product_cat?post=1704"},{"taxonomy":"product_tag","embeddable":true,"href":"https:\/\/pecedubovec.sk\/eshop\/wp-json\/wp\/v2\/product_tag?post=1704"}],"curies":[{"name":"wp","href":"https:\/\/api.w.org\/{rel}","templated":true}]}}