{"id":1739,"date":"2025-02-13T11:13:22","date_gmt":"2025-02-13T11:13:22","guid":{"rendered":"https:\/\/pecedubovec.sk\/eshop\/?post_type=product&#038;p=1739"},"modified":"2025-02-13T11:13:22","modified_gmt":"2025-02-13T11:13:22","slug":"ramik-pre-rovne-kv-intra-navi-sm-uzky-3-cm-hlboky-8-6-cm-cierny-4","status":"publish","type":"product","link":"https:\/\/pecedubovec.sk\/eshop\/produkt\/ramik-pre-rovne-kv-intra-navi-sm-uzky-3-cm-hlboky-8-6-cm-cierny-4\/","title":{"rendered":"R\u00e1mik pre rovn\u00e9 KV INTRA\/NAVI SM, \u00fazky 3 cm, hlbok\u00fd 8.6 cm, \u010dierny"},"content":{"rendered":"","protected":false},"excerpt":{"rendered":"","protected":false},"featured_media":0,"template":"","meta":[],"product_cat":[60],"product_tag":[],"class_list":{"0":"post-1739","1":"product","2":"type-product","3":"status-publish","5":"product_cat-ramik-pre-krbove-vlozky-defro","7":"first","8":"instock","9":"shipping-taxable","10":"purchasable","11":"product-type-simple"},"_links":{"self":[{"href":"https:\/\/pecedubovec.sk\/eshop\/wp-json\/wp\/v2\/product\/1739","targetHints":{"allow":["GET"]}}],"collection":[{"href":"https:\/\/pecedubovec.sk\/eshop\/wp-json\/wp\/v2\/product"}],"about":[{"href":"https:\/\/pecedubovec.sk\/eshop\/wp-json\/wp\/v2\/types\/product"}],"wp:attachment":[{"href":"https:\/\/pecedubovec.sk\/eshop\/wp-json\/wp\/v2\/media?parent=1739"}],"wp:term":[{"taxonomy":"product_cat","embeddable":true,"href":"https:\/\/pecedubovec.sk\/eshop\/wp-json\/wp\/v2\/product_cat?post=1739"},{"taxonomy":"product_tag","embeddable":true,"href":"https:\/\/pecedubovec.sk\/eshop\/wp-json\/wp\/v2\/product_tag?post=1739"}],"curies":[{"name":"wp","href":"https:\/\/api.w.org\/{rel}","templated":true}]}}