{"id":1753,"date":"2025-02-13T11:55:02","date_gmt":"2025-02-13T11:55:02","guid":{"rendered":"https:\/\/pecedubovec.sk\/eshop\/?post_type=product&#038;p=1753"},"modified":"2025-02-13T11:55:02","modified_gmt":"2025-02-13T11:55:02","slug":"ramik-pre-rovne-kv-intra-la-uzky-3-cm-hlboky-8-6-cm-cierny-3","status":"publish","type":"product","link":"https:\/\/pecedubovec.sk\/eshop\/produkt\/ramik-pre-rovne-kv-intra-la-uzky-3-cm-hlboky-8-6-cm-cierny-3\/","title":{"rendered":"R\u00e1mik pre rovn\u00e9 KV INTRA LA, \u00fazky 3 cm, hlbok\u00fd 8.6 cm, \u010dierny"},"content":{"rendered":"","protected":false},"excerpt":{"rendered":"","protected":false},"featured_media":1663,"template":"","meta":[],"product_cat":[60],"product_tag":[],"class_list":{"0":"post-1753","1":"product","2":"type-product","3":"status-publish","4":"has-post-thumbnail","6":"product_cat-ramik-pre-krbove-vlozky-defro","8":"first","9":"instock","10":"shipping-taxable","11":"purchasable","12":"product-type-simple"},"_links":{"self":[{"href":"https:\/\/pecedubovec.sk\/eshop\/wp-json\/wp\/v2\/product\/1753","targetHints":{"allow":["GET"]}}],"collection":[{"href":"https:\/\/pecedubovec.sk\/eshop\/wp-json\/wp\/v2\/product"}],"about":[{"href":"https:\/\/pecedubovec.sk\/eshop\/wp-json\/wp\/v2\/types\/product"}],"wp:featuredmedia":[{"embeddable":true,"href":"https:\/\/pecedubovec.sk\/eshop\/wp-json\/wp\/v2\/media\/1663"}],"wp:attachment":[{"href":"https:\/\/pecedubovec.sk\/eshop\/wp-json\/wp\/v2\/media?parent=1753"}],"wp:term":[{"taxonomy":"product_cat","embeddable":true,"href":"https:\/\/pecedubovec.sk\/eshop\/wp-json\/wp\/v2\/product_cat?post=1753"},{"taxonomy":"product_tag","embeddable":true,"href":"https:\/\/pecedubovec.sk\/eshop\/wp-json\/wp\/v2\/product_tag?post=1753"}],"curies":[{"name":"wp","href":"https:\/\/api.w.org\/{rel}","templated":true}]}}