{"id":1756,"date":"2025-02-13T12:07:20","date_gmt":"2025-02-13T12:07:20","guid":{"rendered":"https:\/\/pecedubovec.sk\/eshop\/?post_type=product&#038;p=1756"},"modified":"2025-02-13T12:16:55","modified_gmt":"2025-02-13T12:16:55","slug":"krbove-kachle-quadroom-ocel-cierna-rohove-presklenie-cpv","status":"publish","type":"product","link":"https:\/\/pecedubovec.sk\/eshop\/produkt\/krbove-kachle-quadroom-ocel-cierna-rohove-presklenie-cpv\/","title":{"rendered":"Krbov\u00e9 kachle QUADROOM, oce\u013e \u010dierna, rohov\u00e9 presklenie, CPV"},"content":{"rendered":"<div><b>Dostupnos\u0165: na objedn\u00e1vku &#8211; overte zavolan\u00edm na +421 904 174 196.<\/b>.<\/div>\n<div class=\"detail-text\">Vo\u013eno stojace krbov\u00e9 kachle QUADROM z najnov\u0161ej kolekcie DEFRO Home s rohov\u00fdm sklom vytv\u00e1ra jedine\u010dn\u00fd dojem. Kompaktn\u00e1 a nad\u010dasov\u00e1 oce\u013eov\u00e1 kon\u0161trukcia kachl\u00ed je zameran\u00e1 na interi\u00e9ry s jedine\u010dnou \u0161tyliz\u00e1ciou. Hranat\u00fd tvar zaru\u010duje mo\u017enos\u0165 pripojenia spotrebi\u010da v miestnosti s nedostatkom vo\u013en\u00e9ho priestoru. Kachle QUADROOM s\u00fa k dispoz\u00edcii v \u0161iestich farebn\u00fdch prevedeniach: \u010dierna, biela, \u010derven\u00e1, zlat\u00e1, hned\u00e1, grafitov\u00e1. Mo\u017enost pr\u00edvodu vzduchu do krbu zo spodnej a zadnej \u010d\u00e1sti spotrebi\u010da.<\/div>\n<div class=\"section-title\">Technick\u00e9 \u00fadaje:<\/div>\n<div class=\"row parameters\">\n<div class=\"col-md-6\">\n<dl>\n<dt>Menovit\u00fd v\u00fdkon<\/dt>\n<dd>9.6 kW<\/dd>\n<\/dl>\n<dl>\n<dt>Vyhrievan\u00fd priestor<\/dt>\n<dd>135 m<sup>3<\/sup><\/dd>\n<\/dl>\n<dl>\n<dt>\u00da\u010dinnos\u0165<\/dt>\n<dd>80.2%<\/dd>\n<\/dl>\n<dl>\n<dt>V\u00fdvod dymovodu<\/dt>\n<dd>horn\u00fd, zadn\u00fd<\/dd>\n<\/dl>\n<dl>\n<dt>Priemer dymovodu<\/dt>\n<dd>150 mm<\/dd>\n<\/dl>\n<\/div>\n<div class=\"col-md-6\">\n<dl>\n<dt>Palivo<\/dt>\n<dd>drevo, dreven\u00e9 brikety<\/dd>\n<\/dl>\n<dl>\n<dt>Farebn\u00e9 vyhotovenie<\/dt>\n<dd>\u010dierna<\/dd>\n<\/dl>\n<dl>\n<dt>Hmotnos\u0165<\/dt>\n<dd>170 kg<\/dd>\n<\/dl>\n<dl>\n<dt>\u0160\u00edrka<\/dt>\n<dd>472 mm<\/dd>\n<\/dl>\n<dl>\n<dt>V\u00fd\u0161ka<\/dt>\n<dd>1400 mm<\/dd>\n<\/dl>\n<dl>\n<dt>H\u013abka<\/dt>\n<dd>472 mm<\/dd>\n<dd><\/dd>\n<\/dl>\n<\/div>\n<\/div>\n","protected":false},"excerpt":{"rendered":"<p>Dostupnos\u0165: na objedn\u00e1vku &#8211; overte zavolan\u00edm na +421 904 174 196.. Vo\u013eno stojace krbov\u00e9 kachle QUADROM z najnov\u0161ej kolekcie DEFRO Home s rohov\u00fdm sklom vytv\u00e1ra jedine\u010dn\u00fd dojem. Kompaktn\u00e1 a nad\u010dasov\u00e1 oce\u013eov\u00e1 kon\u0161trukcia kachl\u00ed je zameran\u00e1 na interi\u00e9ry s jedine\u010dnou \u0161tyliz\u00e1ciou. Hranat\u00fd tvar zaru\u010duje mo\u017enos\u0165 pripojenia spotrebi\u010da v miestnosti s nedostatkom vo\u013en\u00e9ho priestoru. Kachle QUADROOM s\u00fa [&hellip;]<\/p>\n","protected":false},"featured_media":1757,"template":"","meta":[],"product_cat":[59],"product_tag":[],"class_list":{"0":"post-1756","1":"product","2":"type-product","3":"status-publish","4":"has-post-thumbnail","6":"product_cat-krbove-kachle-defro","8":"first","9":"instock","10":"shipping-taxable","11":"purchasable","12":"product-type-simple"},"_links":{"self":[{"href":"https:\/\/pecedubovec.sk\/eshop\/wp-json\/wp\/v2\/product\/1756","targetHints":{"allow":["GET"]}}],"collection":[{"href":"https:\/\/pecedubovec.sk\/eshop\/wp-json\/wp\/v2\/product"}],"about":[{"href":"https:\/\/pecedubovec.sk\/eshop\/wp-json\/wp\/v2\/types\/product"}],"wp:featuredmedia":[{"embeddable":true,"href":"https:\/\/pecedubovec.sk\/eshop\/wp-json\/wp\/v2\/media\/1757"}],"wp:attachment":[{"href":"https:\/\/pecedubovec.sk\/eshop\/wp-json\/wp\/v2\/media?parent=1756"}],"wp:term":[{"taxonomy":"product_cat","embeddable":true,"href":"https:\/\/pecedubovec.sk\/eshop\/wp-json\/wp\/v2\/product_cat?post=1756"},{"taxonomy":"product_tag","embeddable":true,"href":"https:\/\/pecedubovec.sk\/eshop\/wp-json\/wp\/v2\/product_tag?post=1756"}],"curies":[{"name":"wp","href":"https:\/\/api.w.org\/{rel}","templated":true}]}}