{"id":1783,"date":"2025-02-13T19:33:15","date_gmt":"2025-02-13T19:33:15","guid":{"rendered":"https:\/\/pecedubovec.sk\/eshop\/?post_type=product&#038;p=1783"},"modified":"2025-02-13T19:33:16","modified_gmt":"2025-02-13T19:33:16","slug":"krbove-kachle-solum-ocel-cierna-boky-cierne-rovne-presklenie-cpv","status":"publish","type":"product","link":"https:\/\/pecedubovec.sk\/eshop\/produkt\/krbove-kachle-solum-ocel-cierna-boky-cierne-rovne-presklenie-cpv\/","title":{"rendered":"Krbov\u00e9 kachle SOLUM, oce\u013e \u010dierna \/ boky \u010dierne, rovn\u00e9 presklenie, CPV"},"content":{"rendered":"<p><b>Dostupnos\u0165: na objedn\u00e1vku &#8211; overte zavolan\u00edm na +421 904 174 196.<\/b><\/p>\n<div class=\"detail-text\">Vynikaj\u00fac\u00ed interi\u00e9rov\u00fd dizajnov\u00fd prvok a kvalitn\u00fd spotrebi\u010d v jednom. SOLUM zaujme svojou jednoduchos\u0165ou a jedine\u010dn\u00fdm \u0161t\u00fdlom. Modern\u00e9 sklo k oce\u013eov\u00e9mu telu vytv\u00e1ra kompaktn\u00fd, zaoblen\u00fd tvar. Origin\u00e1lny dizajn a technologick\u00e1 zdatnos\u0165 zk\u00fasen\u00e9ho v\u00fdrobcu DEFRO obsiahnut\u00e9ho v jednom produkte. Kachle s\u00fa k dispoz\u00edcii v troch verziach: SOLUM- v kompaktnom kryte, TOP- na nohe a zakladn\u00e1 verzia LOG s boxom pre drevo. Mo\u017enost pr\u00edvodu vzduchu do krbu zo spodnej a zadnej \u010d\u00e1sti.<\/div>\n<div class=\"section-title\">Technick\u00e9 \u00fadaje:<\/div>\n<div class=\"row parameters\">\n<div class=\"col-md-6\">\n<dl>\n<dt>Menovit\u00fd v\u00fdkon<\/dt>\n<dd>9 kW<\/dd>\n<\/dl>\n<dl>\n<dt>Vyhrievan\u00fd priestor<\/dt>\n<dd>130 m<sup>3<\/sup><\/dd>\n<\/dl>\n<dl>\n<dt>\u00da\u010dinnos\u0165<\/dt>\n<dd>75.5%<\/dd>\n<\/dl>\n<dl>\n<dt>V\u00fdvod dymovodu<\/dt>\n<dd>zadn\u00fd<\/dd>\n<\/dl>\n<dl>\n<dt>Priemer dymovodu<\/dt>\n<dd>150 mm<\/dd>\n<\/dl>\n<\/div>\n<div class=\"col-md-6\">\n<dl>\n<dt>Palivo<\/dt>\n<dd>drevo, dreven\u00e9 brikety<\/dd>\n<\/dl>\n<dl>\n<dt>Farebn\u00e9 vyhotovenie<\/dt>\n<dd>\u010dierna<\/dd>\n<\/dl>\n<dl>\n<dt>Hmotnos\u0165<\/dt>\n<dd>157 kg<\/dd>\n<\/dl>\n<dl>\n<dt>\u0160\u00edrka<\/dt>\n<dd>599 mm<\/dd>\n<\/dl>\n<dl>\n<dt>V\u00fd\u0161ka<\/dt>\n<dd>1156 mm<\/dd>\n<\/dl>\n<dl>\n<dt>H\u013abka<\/dt>\n<dd>399 mm<\/dd>\n<dd><\/dd>\n<\/dl>\n<\/div>\n<\/div>\n<p>&nbsp;<\/p>\n","protected":false},"excerpt":{"rendered":"<p>Dostupnos\u0165: na objedn\u00e1vku &#8211; overte zavolan\u00edm na +421 904 174 196. Vynikaj\u00fac\u00ed interi\u00e9rov\u00fd dizajnov\u00fd prvok a kvalitn\u00fd spotrebi\u010d v jednom. SOLUM zaujme svojou jednoduchos\u0165ou a jedine\u010dn\u00fdm \u0161t\u00fdlom. Modern\u00e9 sklo k oce\u013eov\u00e9mu telu vytv\u00e1ra kompaktn\u00fd, zaoblen\u00fd tvar. Origin\u00e1lny dizajn a technologick\u00e1 zdatnos\u0165 zk\u00fasen\u00e9ho v\u00fdrobcu DEFRO obsiahnut\u00e9ho v jednom produkte. Kachle s\u00fa k dispoz\u00edcii v troch verziach: [&hellip;]<\/p>\n","protected":false},"featured_media":1784,"template":"","meta":[],"product_cat":[59],"product_tag":[],"class_list":{"0":"post-1783","1":"product","2":"type-product","3":"status-publish","4":"has-post-thumbnail","6":"product_cat-krbove-kachle-defro","8":"first","9":"instock","10":"shipping-taxable","11":"purchasable","12":"product-type-simple"},"_links":{"self":[{"href":"https:\/\/pecedubovec.sk\/eshop\/wp-json\/wp\/v2\/product\/1783","targetHints":{"allow":["GET"]}}],"collection":[{"href":"https:\/\/pecedubovec.sk\/eshop\/wp-json\/wp\/v2\/product"}],"about":[{"href":"https:\/\/pecedubovec.sk\/eshop\/wp-json\/wp\/v2\/types\/product"}],"wp:featuredmedia":[{"embeddable":true,"href":"https:\/\/pecedubovec.sk\/eshop\/wp-json\/wp\/v2\/media\/1784"}],"wp:attachment":[{"href":"https:\/\/pecedubovec.sk\/eshop\/wp-json\/wp\/v2\/media?parent=1783"}],"wp:term":[{"taxonomy":"product_cat","embeddable":true,"href":"https:\/\/pecedubovec.sk\/eshop\/wp-json\/wp\/v2\/product_cat?post=1783"},{"taxonomy":"product_tag","embeddable":true,"href":"https:\/\/pecedubovec.sk\/eshop\/wp-json\/wp\/v2\/product_tag?post=1783"}],"curies":[{"name":"wp","href":"https:\/\/api.w.org\/{rel}","templated":true}]}}