{"id":18,"date":"2024-10-02T11:48:12","date_gmt":"2024-10-02T11:48:12","guid":{"rendered":"https:\/\/pecedubovec.sk\/eshop\/?post_type=product&#038;p=18"},"modified":"2024-10-02T11:49:17","modified_gmt":"2024-10-02T11:49:17","slug":"leveling-svorky-100ks-bal","status":"publish","type":"product","link":"https:\/\/pecedubovec.sk\/eshop\/produkt\/leveling-svorky-100ks-bal\/","title":{"rendered":"LEVELING SVORKY 100ks\/bal."},"content":{"rendered":"","protected":false},"excerpt":{"rendered":"<h3>Tovar je mo\u017en\u00e9 objedna\u0165 po telefonickom rozhovore!<\/h3>\n<h2><span style=\"color: #ff6600;\"><strong>Volajte<\/strong>: <a style=\"color: #ff6600;\" href=\"tel:+421 904 174 196\">+421 904 174 196<\/a><\/span><\/h2>\n","protected":false},"featured_media":62,"template":"","meta":[],"product_cat":[],"product_tag":[],"class_list":{"0":"post-18","1":"product","2":"type-product","3":"status-publish","4":"has-post-thumbnail","7":"first","8":"outofstock","9":"shipping-taxable","10":"purchasable","11":"product-type-simple"},"_links":{"self":[{"href":"https:\/\/pecedubovec.sk\/eshop\/wp-json\/wp\/v2\/product\/18","targetHints":{"allow":["GET"]}}],"collection":[{"href":"https:\/\/pecedubovec.sk\/eshop\/wp-json\/wp\/v2\/product"}],"about":[{"href":"https:\/\/pecedubovec.sk\/eshop\/wp-json\/wp\/v2\/types\/product"}],"wp:featuredmedia":[{"embeddable":true,"href":"https:\/\/pecedubovec.sk\/eshop\/wp-json\/wp\/v2\/media\/62"}],"wp:attachment":[{"href":"https:\/\/pecedubovec.sk\/eshop\/wp-json\/wp\/v2\/media?parent=18"}],"wp:term":[{"taxonomy":"product_cat","embeddable":true,"href":"https:\/\/pecedubovec.sk\/eshop\/wp-json\/wp\/v2\/product_cat?post=18"},{"taxonomy":"product_tag","embeddable":true,"href":"https:\/\/pecedubovec.sk\/eshop\/wp-json\/wp\/v2\/product_tag?post=18"}],"curies":[{"name":"wp","href":"https:\/\/api.w.org\/{rel}","templated":true}]}}