{"id":537,"date":"2024-10-02T11:52:34","date_gmt":"2024-10-02T11:52:34","guid":{"rendered":"https:\/\/pecedubovec.sk\/eshop\/?post_type=product&#038;p=537"},"modified":"2024-10-02T11:52:45","modified_gmt":"2024-10-02T11:52:45","slug":"ostra-rohova-rimsa-dworskie-2","status":"publish","type":"product","link":"https:\/\/pecedubovec.sk\/eshop\/produkt\/ostra-rohova-rimsa-dworskie-2\/","title":{"rendered":"Ostr\u00e1 rohov\u00e1 r\u00edmsa &#8222;DWORSKIE&#8220;"},"content":{"rendered":"","protected":false},"excerpt":{"rendered":"<div><span>Cena bez DPH<\/span><\/div>\n<div><span>symbol:\u00a0<\/span><span>Dv09P\/1<\/span><\/div>\n<div><span>rozmery:\u00a0<\/span><span>220x220x165, 110x110x165<\/span><\/div>\n<div>\n<div><\/div>\n<div><strong>\u00a0<a href=\"https:\/\/snot.sk\/farba-kachlic\/\"><button type=\"submit\">Farba kachl\u00edc TU!<\/button><\/a><\/strong><\/div>\n<div><\/div>\n<div>Pre objedn\u00e1vku volajte\u00a0<strong><a href=\"tel:+421904174196\">0904 174 196<\/a><\/strong><\/div>\n<\/div>\n","protected":false},"featured_media":567,"template":"","meta":[],"product_cat":[42],"product_tag":[],"class_list":{"0":"post-537","1":"product","2":"type-product","3":"status-publish","4":"has-post-thumbnail","6":"product_cat-rimsy","8":"first","9":"instock","10":"shipping-taxable","11":"purchasable","12":"product-type-simple"},"_links":{"self":[{"href":"https:\/\/pecedubovec.sk\/eshop\/wp-json\/wp\/v2\/product\/537","targetHints":{"allow":["GET"]}}],"collection":[{"href":"https:\/\/pecedubovec.sk\/eshop\/wp-json\/wp\/v2\/product"}],"about":[{"href":"https:\/\/pecedubovec.sk\/eshop\/wp-json\/wp\/v2\/types\/product"}],"wp:featuredmedia":[{"embeddable":true,"href":"https:\/\/pecedubovec.sk\/eshop\/wp-json\/wp\/v2\/media\/567"}],"wp:attachment":[{"href":"https:\/\/pecedubovec.sk\/eshop\/wp-json\/wp\/v2\/media?parent=537"}],"wp:term":[{"taxonomy":"product_cat","embeddable":true,"href":"https:\/\/pecedubovec.sk\/eshop\/wp-json\/wp\/v2\/product_cat?post=537"},{"taxonomy":"product_tag","embeddable":true,"href":"https:\/\/pecedubovec.sk\/eshop\/wp-json\/wp\/v2\/product_tag?post=537"}],"curies":[{"name":"wp","href":"https:\/\/api.w.org\/{rel}","templated":true}]}}