{"id":650,"date":"2024-10-02T11:53:17","date_gmt":"2024-10-02T11:53:17","guid":{"rendered":"https:\/\/pecedubovec.sk\/eshop\/?post_type=product&#038;p=650"},"modified":"2025-05-29T17:57:42","modified_gmt":"2025-05-29T17:57:42","slug":"stredova-kachlica-ko03-s-vyrezom-na-dymovod-o190","status":"publish","type":"product","link":"https:\/\/pecedubovec.sk\/eshop\/produkt\/stredova-kachlica-ko03-s-vyrezom-na-dymovod-o190\/","title":{"rendered":"Stredov\u00e1 kachlica Ko03 s v\u00fdrezom na dymovod \u00d8190"},"content":{"rendered":"","protected":false},"excerpt":{"rendered":"<div><span>Cena bez DPH<\/span><\/div>\n<div><span>symbol:\u00a0<\/span><span>Ko14L<\/span><\/div>\n<div><span>rozmery:\u00a0<\/span><span>280 x 227, R ~370,<\/span><\/div>\n<div>\n<div><\/div>\n<div><strong>\u00a0<a href=\"https:\/\/snot.sk\/farba-kachlic\/\"><button type=\"submit\">Farba kachl\u00edc TU!<\/button><\/a><\/strong><\/div>\n<div><\/div>\n<div>Pre objedn\u00e1vku volajte\u00a0<strong><a href=\"tel:+421904174196\">0904 174 196<\/a><\/strong><\/div>\n<\/div>\n","protected":false},"featured_media":680,"template":"","meta":[],"product_cat":[45],"product_tag":[],"class_list":{"0":"post-650","1":"product","2":"type-product","3":"status-publish","4":"has-post-thumbnail","6":"product_cat-klasicke-okruhle-kachle","8":"first","9":"instock","10":"shipping-taxable","11":"purchasable","12":"product-type-simple"},"_links":{"self":[{"href":"https:\/\/pecedubovec.sk\/eshop\/wp-json\/wp\/v2\/product\/650","targetHints":{"allow":["GET"]}}],"collection":[{"href":"https:\/\/pecedubovec.sk\/eshop\/wp-json\/wp\/v2\/product"}],"about":[{"href":"https:\/\/pecedubovec.sk\/eshop\/wp-json\/wp\/v2\/types\/product"}],"wp:featuredmedia":[{"embeddable":true,"href":"https:\/\/pecedubovec.sk\/eshop\/wp-json\/wp\/v2\/media\/680"}],"wp:attachment":[{"href":"https:\/\/pecedubovec.sk\/eshop\/wp-json\/wp\/v2\/media?parent=650"}],"wp:term":[{"taxonomy":"product_cat","embeddable":true,"href":"https:\/\/pecedubovec.sk\/eshop\/wp-json\/wp\/v2\/product_cat?post=650"},{"taxonomy":"product_tag","embeddable":true,"href":"https:\/\/pecedubovec.sk\/eshop\/wp-json\/wp\/v2\/product_tag?post=650"}],"curies":[{"name":"wp","href":"https:\/\/api.w.org\/{rel}","templated":true}]}}