{"id":652,"date":"2024-10-02T11:53:17","date_gmt":"2024-10-02T11:53:17","guid":{"rendered":"https:\/\/pecedubovec.sk\/eshop\/?post_type=product&#038;p=652"},"modified":"2025-05-29T18:00:48","modified_gmt":"2025-05-29T18:00:48","slug":"suprava-vaz-vaza-podstavec-na-vazy-stolova-doska-podstavec-na-kachlice","status":"publish","type":"product","link":"https:\/\/pecedubovec.sk\/eshop\/produkt\/suprava-vaz-vaza-podstavec-na-vazy-stolova-doska-podstavec-na-kachlice\/","title":{"rendered":"S\u00faprava v\u00e1z (v\u00e1za, podstavec na v\u00e1zy, stolov\u00e1 doska, podstavec na kachlice)"},"content":{"rendered":"","protected":false},"excerpt":{"rendered":"<div><span>symbol:\u00a0<\/span><span>Ver.B<\/span><\/div>\n<div><span>rozmery:\u00a0<\/span><span>v\u00fd\u0161ka 560<\/span><\/div>\n<div>\n<div><\/div>\n<div><strong>\u00a0<a href=\"https:\/\/snot.sk\/farba-kachlic\/\"><button type=\"submit\">Farba kachl\u00edc TU!<\/button><\/a><\/strong><\/div>\n<div><\/div>\n<div>Pre objedn\u00e1vku volajte\u00a0<strong><a href=\"tel:+421904174196\">0904 174 196<\/a><\/strong><\/div>\n<\/div>\n","protected":false},"featured_media":682,"template":"","meta":[],"product_cat":[46],"product_tag":[],"class_list":{"0":"post-652","1":"product","2":"type-product","3":"status-publish","4":"has-post-thumbnail","6":"product_cat-ogarek-90-okruhle","8":"first","9":"instock","10":"shipping-taxable","11":"purchasable","12":"product-type-simple"},"_links":{"self":[{"href":"https:\/\/pecedubovec.sk\/eshop\/wp-json\/wp\/v2\/product\/652","targetHints":{"allow":["GET"]}}],"collection":[{"href":"https:\/\/pecedubovec.sk\/eshop\/wp-json\/wp\/v2\/product"}],"about":[{"href":"https:\/\/pecedubovec.sk\/eshop\/wp-json\/wp\/v2\/types\/product"}],"wp:featuredmedia":[{"embeddable":true,"href":"https:\/\/pecedubovec.sk\/eshop\/wp-json\/wp\/v2\/media\/682"}],"wp:attachment":[{"href":"https:\/\/pecedubovec.sk\/eshop\/wp-json\/wp\/v2\/media?parent=652"}],"wp:term":[{"taxonomy":"product_cat","embeddable":true,"href":"https:\/\/pecedubovec.sk\/eshop\/wp-json\/wp\/v2\/product_cat?post=652"},{"taxonomy":"product_tag","embeddable":true,"href":"https:\/\/pecedubovec.sk\/eshop\/wp-json\/wp\/v2\/product_tag?post=652"}],"curies":[{"name":"wp","href":"https:\/\/api.w.org\/{rel}","templated":true}]}}