{"id":659,"date":"2024-10-02T11:53:18","date_gmt":"2024-10-02T11:53:18","guid":{"rendered":"https:\/\/pecedubovec.sk\/eshop\/?post_type=product&#038;p=659"},"modified":"2025-05-29T18:04:27","modified_gmt":"2025-05-29T18:04:27","slug":"zakladna-pre-misu-a-vazu","status":"publish","type":"product","link":"https:\/\/pecedubovec.sk\/eshop\/produkt\/zakladna-pre-misu-a-vazu\/","title":{"rendered":"Z\u00e1klad\u0148a pre misu a v\u00e1zu"},"content":{"rendered":"","protected":false},"excerpt":{"rendered":"<div><span>Cena bez DPH<\/span><\/div>\n<div><span>symbol:\u00a0<\/span><span>Or07<\/span><\/div>\n<div><span>rozmery:\u00a0<\/span><span>R -370, v\u00fd\u0161ka 110<\/span><\/div>\n<div>\n<div><\/div>\n<div><strong>\u00a0<a href=\"https:\/\/snot.sk\/farba-kachlic\/\"><button type=\"submit\">Farba kachl\u00edc TU!<\/button><\/a><\/strong><\/div>\n<div><\/div>\n<div>Pre objedn\u00e1vku volajte\u00a0<strong><a href=\"tel:+421904174196\">0904 174 196<\/a><\/strong><\/div>\n<\/div>\n","protected":false},"featured_media":689,"template":"","meta":[],"product_cat":[46],"product_tag":[],"class_list":{"0":"post-659","1":"product","2":"type-product","3":"status-publish","4":"has-post-thumbnail","6":"product_cat-ogarek-90-okruhle","8":"first","9":"instock","10":"shipping-taxable","11":"purchasable","12":"product-type-simple"},"_links":{"self":[{"href":"https:\/\/pecedubovec.sk\/eshop\/wp-json\/wp\/v2\/product\/659","targetHints":{"allow":["GET"]}}],"collection":[{"href":"https:\/\/pecedubovec.sk\/eshop\/wp-json\/wp\/v2\/product"}],"about":[{"href":"https:\/\/pecedubovec.sk\/eshop\/wp-json\/wp\/v2\/types\/product"}],"wp:featuredmedia":[{"embeddable":true,"href":"https:\/\/pecedubovec.sk\/eshop\/wp-json\/wp\/v2\/media\/689"}],"wp:attachment":[{"href":"https:\/\/pecedubovec.sk\/eshop\/wp-json\/wp\/v2\/media?parent=659"}],"wp:term":[{"taxonomy":"product_cat","embeddable":true,"href":"https:\/\/pecedubovec.sk\/eshop\/wp-json\/wp\/v2\/product_cat?post=659"},{"taxonomy":"product_tag","embeddable":true,"href":"https:\/\/pecedubovec.sk\/eshop\/wp-json\/wp\/v2\/product_tag?post=659"}],"curies":[{"name":"wp","href":"https:\/\/api.w.org\/{rel}","templated":true}]}}