{"id":709,"date":"2024-10-02T11:53:39","date_gmt":"2024-10-02T11:53:39","guid":{"rendered":"https:\/\/pecedubovec.sk\/eshop\/?post_type=product&#038;p=709"},"modified":"2025-05-29T18:16:20","modified_gmt":"2025-05-29T18:16:20","slug":"korunovacna-rimsa-2","status":"publish","type":"product","link":"https:\/\/pecedubovec.sk\/eshop\/produkt\/korunovacna-rimsa-2\/","title":{"rendered":"Korunova\u010dn\u00e1 r\u00edmsa"},"content":{"rendered":"","protected":false},"excerpt":{"rendered":"<div><span>Cena bez DPH<\/span><\/div>\n<div><span>symbol:\u00a0<\/span><span>OrM03<\/span><\/div>\n<div><span>rozmery:\u00a0<\/span><span>287 x 120 x 66, R-380, R-330<\/span><\/div>\n<div>\n<div><\/div>\n<div><strong>\u00a0<a href=\"https:\/\/snot.sk\/farba-kachlic\/\"><button type=\"submit\">Farba kachl\u00edc TU!<\/button><\/a><\/strong><\/div>\n<div><\/div>\n<div>Pre objedn\u00e1vku volajte\u00a0<strong><a href=\"tel:+421904174196\">0904 174 196<\/a><\/strong><\/div>\n<\/div>\n","protected":false},"featured_media":739,"template":"","meta":[],"product_cat":[47],"product_tag":[],"class_list":{"0":"post-709","1":"product","2":"type-product","3":"status-publish","4":"has-post-thumbnail","6":"product_cat-ogarek-66-okruhle","8":"first","9":"instock","10":"shipping-taxable","11":"purchasable","12":"product-type-simple"},"_links":{"self":[{"href":"https:\/\/pecedubovec.sk\/eshop\/wp-json\/wp\/v2\/product\/709","targetHints":{"allow":["GET"]}}],"collection":[{"href":"https:\/\/pecedubovec.sk\/eshop\/wp-json\/wp\/v2\/product"}],"about":[{"href":"https:\/\/pecedubovec.sk\/eshop\/wp-json\/wp\/v2\/types\/product"}],"wp:featuredmedia":[{"embeddable":true,"href":"https:\/\/pecedubovec.sk\/eshop\/wp-json\/wp\/v2\/media\/739"}],"wp:attachment":[{"href":"https:\/\/pecedubovec.sk\/eshop\/wp-json\/wp\/v2\/media?parent=709"}],"wp:term":[{"taxonomy":"product_cat","embeddable":true,"href":"https:\/\/pecedubovec.sk\/eshop\/wp-json\/wp\/v2\/product_cat?post=709"},{"taxonomy":"product_tag","embeddable":true,"href":"https:\/\/pecedubovec.sk\/eshop\/wp-json\/wp\/v2\/product_tag?post=709"}],"curies":[{"name":"wp","href":"https:\/\/api.w.org\/{rel}","templated":true}]}}