{"id":821,"date":"2024-10-02T11:54:27","date_gmt":"2024-10-02T11:54:27","guid":{"rendered":"https:\/\/pecedubovec.sk\/eshop\/?post_type=product&#038;p=821"},"modified":"2025-02-11T12:36:55","modified_gmt":"2025-02-11T12:36:55","slug":"krbove-kachle-orti-ocel-cierna-boky-cierne-oble-presklenie-cpv","status":"publish","type":"product","link":"https:\/\/pecedubovec.sk\/eshop\/produkt\/krbove-kachle-orti-ocel-cierna-boky-cierne-oble-presklenie-cpv\/","title":{"rendered":"KRBOV\u00c9 KACHLE ORTI, OCE\u013d \u010cIERNA \/ BOKY \u010cIERNE, OBL\u00c9 PRESKLENIE, CPV"},"content":{"rendered":"<h4 class=\"section-title\"><strong>Technick\u00e9 \u00fadaje:<\/strong><\/h4>\n<div class=\"row parameters\">\n<div class=\"col-md-6\">\n<dl>\n<dt>Menovit\u00fd v\u00fdkon: 9 kW<\/dt>\n<\/dl>\n<dl>\n<dt>Vyhrievan\u00fd priestor: 130 m<sup>3<\/sup><\/dt>\n<\/dl>\n<dl>\n<dt>\u00da\u010dinnos\u0165: 75.5%<\/dt>\n<\/dl>\n<dl>\n<dt>V\u00fdvod dymovodu: zadn\u00fd<\/dt>\n<\/dl>\n<dl>\n<dt>Priemer dymovodu: 150 mm<\/dt>\n<\/dl>\n<\/div>\n<div class=\"col-md-6\">\n<dl>\n<dt>Palivo: drevo, dreven\u00e9 brikety<\/dt>\n<\/dl>\n<dl>\n<dt>Farebn\u00e9 vyhotovenie: \u010dierna<\/dt>\n<\/dl>\n<dl>\n<dt>Hmotnos\u0165: 170 kg<\/dt>\n<\/dl>\n<dl>\n<dt>\u0160\u00edrka: 560 mm<\/dt>\n<\/dl>\n<dl>\n<dt>V\u00fd\u0161ka: 1120 mm<\/dt>\n<\/dl>\n<dl>\n<dt>H\u013abka: 421 mm<\/dt>\n<\/dl>\n<\/div>\n<\/div>\n","protected":false},"excerpt":{"rendered":"<p>Kachle, ktor\u00e9\u00a0zmenia ak\u00fdko\u013evek interi\u00e9r, modern\u00fd dizajn z nov\u00e9 kolekcie\u00a0ORTI. Presklenie dvierok v\u00e1m umo\u017e\u0148uje n\u00e1dhern\u00fd poh\u013ead na ohe\u0148. Rysy na prednej strane kachl\u00ed vytv\u00e1raj\u00fa r\u00e1m\u010dek, \u010do zaru\u010duje kompaktn\u00fd, pr\u00edjemn\u00fd dojem. Modern\u00fd a kompaktn\u00fd \u0161t\u00fdl e\u0161te vyzdvihuje dizajn a funk\u010dnos\u0165 tohto modelu. Mo\u017enos\u0165\u00a0pr\u00edvodu vzduchu do krbu zo spodnej a zadnej \u010dasti.<\/p>\n","protected":false},"featured_media":851,"template":"","meta":[],"product_cat":[59],"product_tag":[],"class_list":{"0":"post-821","1":"product","2":"type-product","3":"status-publish","4":"has-post-thumbnail","6":"product_cat-krbove-kachle-defro","8":"first","9":"instock","10":"shipping-taxable","11":"purchasable","12":"product-type-simple"},"_links":{"self":[{"href":"https:\/\/pecedubovec.sk\/eshop\/wp-json\/wp\/v2\/product\/821","targetHints":{"allow":["GET"]}}],"collection":[{"href":"https:\/\/pecedubovec.sk\/eshop\/wp-json\/wp\/v2\/product"}],"about":[{"href":"https:\/\/pecedubovec.sk\/eshop\/wp-json\/wp\/v2\/types\/product"}],"wp:featuredmedia":[{"embeddable":true,"href":"https:\/\/pecedubovec.sk\/eshop\/wp-json\/wp\/v2\/media\/851"}],"wp:attachment":[{"href":"https:\/\/pecedubovec.sk\/eshop\/wp-json\/wp\/v2\/media?parent=821"}],"wp:term":[{"taxonomy":"product_cat","embeddable":true,"href":"https:\/\/pecedubovec.sk\/eshop\/wp-json\/wp\/v2\/product_cat?post=821"},{"taxonomy":"product_tag","embeddable":true,"href":"https:\/\/pecedubovec.sk\/eshop\/wp-json\/wp\/v2\/product_tag?post=821"}],"curies":[{"name":"wp","href":"https:\/\/api.w.org\/{rel}","templated":true}]}}