{"id":825,"date":"2024-10-02T11:54:28","date_gmt":"2024-10-02T11:54:28","guid":{"rendered":"https:\/\/pecedubovec.sk\/eshop\/?post_type=product&#038;p=825"},"modified":"2025-02-11T12:34:59","modified_gmt":"2025-02-11T12:34:59","slug":"krbove-kachle-solum-na-nohe-ocel-cierna-boky-cierne-rovne-presklenie-cpv","status":"publish","type":"product","link":"https:\/\/pecedubovec.sk\/eshop\/produkt\/krbove-kachle-solum-na-nohe-ocel-cierna-boky-cierne-rovne-presklenie-cpv\/","title":{"rendered":"KRBOV\u00c9 KACHLE SOLUM NA NOHE, OCE\u013d \u010cIERNA \/ BOKY \u010cIERNE, ROVN\u00c9 PRESKLENIE, CPV"},"content":{"rendered":"<h4 class=\"section-title\"><strong>Technick\u00e9 \u00fadaje:<\/strong><\/h4>\n<div class=\"row parameters\">\n<div class=\"col-md-6\">\n<dl>\n<dt>Menovit\u00fd v\u00fdkon: 9 kW<\/dt>\n<\/dl>\n<dl>\n<dt>Vyhrievan\u00fd priestor: 130 m<sup>3<\/sup><\/dt>\n<\/dl>\n<dl>\n<dt>\u00da\u010dinnos\u0165: 75.5%<\/dt>\n<\/dl>\n<dl>\n<dt>V\u00fdvod dymovodu: zadn\u00fd<\/dt>\n<\/dl>\n<dl>\n<dt>Priemer dymovodu: 150 mm<\/dt>\n<\/dl>\n<\/div>\n<div class=\"col-md-6\">\n<dl>\n<dt>Palivo: drevo, dreven\u00e9 brikety<\/dt>\n<\/dl>\n<dl>\n<dt>Farebn\u00e9 vyhotovenie: \u010dierna<\/dt>\n<\/dl>\n<dl>\n<dt>Hmotnos\u0165: 161 kg<\/dt>\n<\/dl>\n<dl>\n<dt>\u0160\u00edrka: 599 mm<\/dt>\n<\/dl>\n<dl>\n<dt>V\u00fd\u0161ka: 1177 mm<\/dt>\n<\/dl>\n<dl>\n<dt>H\u013abka: 399 mm<\/dt>\n<\/dl>\n<\/div>\n<\/div>\n","protected":false},"excerpt":{"rendered":"<p>Vynikaj\u00faci\u00a0interi\u00e9rov\u00fd dizajnov\u00fd prvok a kvalitn\u00fd spotrebi\u010d v jednom. SOLUM zaujme svojou jednoduchos\u0165ou a jedine\u010dn\u00fdm \u0161t\u00fdlom. Modern\u00e9 sklo k oce\u013eov\u00e9mu telu vytv\u00e1ra kompaktn\u00fd, zaoblen\u00fd tvar. Origin\u00e1lny dizajn a technologick\u00e1 zdatnos\u0165 sk\u00fasen\u00e9ho\u00a0v\u00fdrobcu DEFRO obsiahnut\u00e9ho v jednom produkte. Kachle s\u00fa k dispoz\u00edcii v troch verzi\u00e1ch: SOLUM- v kompaktnom kryte, TOP- na nohe a z\u00e1kladn\u00e1\u00a0verzia LOG s boxom pre drevo. Mo\u017enos\u0165\u00a0pr\u00edvodu vzduchu do krbu zo spodnej a zadnej \u010dasti.<\/p>\n","protected":false},"featured_media":855,"template":"","meta":[],"product_cat":[59],"product_tag":[],"class_list":{"0":"post-825","1":"product","2":"type-product","3":"status-publish","4":"has-post-thumbnail","6":"product_cat-krbove-kachle-defro","8":"first","9":"instock","10":"shipping-taxable","11":"purchasable","12":"product-type-simple"},"_links":{"self":[{"href":"https:\/\/pecedubovec.sk\/eshop\/wp-json\/wp\/v2\/product\/825","targetHints":{"allow":["GET"]}}],"collection":[{"href":"https:\/\/pecedubovec.sk\/eshop\/wp-json\/wp\/v2\/product"}],"about":[{"href":"https:\/\/pecedubovec.sk\/eshop\/wp-json\/wp\/v2\/types\/product"}],"wp:featuredmedia":[{"embeddable":true,"href":"https:\/\/pecedubovec.sk\/eshop\/wp-json\/wp\/v2\/media\/855"}],"wp:attachment":[{"href":"https:\/\/pecedubovec.sk\/eshop\/wp-json\/wp\/v2\/media?parent=825"}],"wp:term":[{"taxonomy":"product_cat","embeddable":true,"href":"https:\/\/pecedubovec.sk\/eshop\/wp-json\/wp\/v2\/product_cat?post=825"},{"taxonomy":"product_tag","embeddable":true,"href":"https:\/\/pecedubovec.sk\/eshop\/wp-json\/wp\/v2\/product_tag?post=825"}],"curies":[{"name":"wp","href":"https:\/\/api.w.org\/{rel}","templated":true}]}}