{"id":826,"date":"2024-10-02T11:54:28","date_gmt":"2024-10-02T11:54:28","guid":{"rendered":"https:\/\/pecedubovec.sk\/eshop\/?post_type=product&#038;p=826"},"modified":"2025-02-13T20:01:05","modified_gmt":"2025-02-13T20:01:05","slug":"krbove-kachle-quadrom-ocel-cierna-rohove-presklenie-cpv","status":"publish","type":"product","link":"https:\/\/pecedubovec.sk\/eshop\/produkt\/krbove-kachle-quadrom-ocel-cierna-rohove-presklenie-cpv\/","title":{"rendered":"KRBOV\u00c9 KACHLE QUADROM, OCE\u013d \u010cIERNA, ROHOV\u00c9 PRESKLENIE, CPV"},"content":{"rendered":"<h4><\/h4>\n<h4 class=\"section-title\"><strong><b>Dostupnos\u0165: na objedn\u00e1vku &#8211; overte zavolan\u00edm na +421 904 174 196.<\/b><\/strong><\/h4>\n<h4 class=\"section-title\"><strong>Technick\u00e9 \u00fadaje:<\/strong><\/h4>\n<div class=\"row parameters\">\n<div class=\"col-md-6\">\n<dl>\n<dt>Menovit\u00fd v\u00fdkon: 9.6 kW<\/dt>\n<\/dl>\n<dl>\n<dt>Vyhrievan\u00fd priestor: 135 m<sup>3<\/sup><\/dt>\n<\/dl>\n<dl>\n<dt>\u00da\u010dinnos\u0165: 80.2%<\/dt>\n<\/dl>\n<dl>\n<dt>V\u00fdvod dymovodu: horn\u00fd, zadn\u00fd<\/dt>\n<\/dl>\n<dl>\n<dt>Priemer dymovodu: 150 mm<\/dt>\n<\/dl>\n<\/div>\n<div class=\"col-md-6\">\n<dl>\n<dt>Palivo: drevo, dreven\u00e9 brikety<\/dt>\n<\/dl>\n<dl>\n<dt>Farebn\u00e9 vyhotovenie: \u010dierna<\/dt>\n<\/dl>\n<dl>\n<dt>Hmotnos\u0165: 170 kg<\/dt>\n<\/dl>\n<dl>\n<dt>\u0160\u00edrka: 472 mm<\/dt>\n<\/dl>\n<dl>\n<dt>V\u00fd\u0161ka: 1400 mm<\/dt>\n<\/dl>\n<dl>\n<dt>H\u013abka: 472 mm<\/dt>\n<\/dl>\n<\/div>\n<\/div>\n","protected":false},"excerpt":{"rendered":"<p>Vo\u013eno stojace krbov\u00e9 kachle QUADROM z najnov\u0161ej kolekcie DEFRO Home s rohov\u00fdm sklom vytv\u00e1ra jedine\u010dn\u00fd dojem. Kompaktn\u00e1 a nad\u010dasov\u00e1 oce\u013eov\u00e1 kon\u0161trukcia kachl\u00ed je zameran\u00e1 na interi\u00e9ry s jedine\u010dnou \u0161tyliz\u00e1ciou. Hranat\u00fd tvar zaru\u010duje mo\u017enos\u0165 pripojenia spotrebi\u010da v miestnosti s nedostatkom vo\u013en\u00e9ho priestoru. Kachle QUADROOM s\u00fa k dispoz\u00edcii v \u0161iestich farebn\u00fdch prevedeniach: \u010dierna, biela, \u010derven\u00e1, zlat\u00e1, hned\u00e1, grafitov\u00e1. Mo\u017enos\u0165\u00a0pr\u00edvodu vzduchu do krbu zo spodnej a zadnej \u010dasti\u00a0spotrebi\u010da.<\/p>\n","protected":false},"featured_media":1789,"template":"","meta":[],"product_cat":[59],"product_tag":[],"class_list":{"0":"post-826","1":"product","2":"type-product","3":"status-publish","4":"has-post-thumbnail","6":"product_cat-krbove-kachle-defro","8":"first","9":"instock","10":"shipping-taxable","11":"purchasable","12":"product-type-simple"},"_links":{"self":[{"href":"https:\/\/pecedubovec.sk\/eshop\/wp-json\/wp\/v2\/product\/826","targetHints":{"allow":["GET"]}}],"collection":[{"href":"https:\/\/pecedubovec.sk\/eshop\/wp-json\/wp\/v2\/product"}],"about":[{"href":"https:\/\/pecedubovec.sk\/eshop\/wp-json\/wp\/v2\/types\/product"}],"wp:featuredmedia":[{"embeddable":true,"href":"https:\/\/pecedubovec.sk\/eshop\/wp-json\/wp\/v2\/media\/1789"}],"wp:attachment":[{"href":"https:\/\/pecedubovec.sk\/eshop\/wp-json\/wp\/v2\/media?parent=826"}],"wp:term":[{"taxonomy":"product_cat","embeddable":true,"href":"https:\/\/pecedubovec.sk\/eshop\/wp-json\/wp\/v2\/product_cat?post=826"},{"taxonomy":"product_tag","embeddable":true,"href":"https:\/\/pecedubovec.sk\/eshop\/wp-json\/wp\/v2\/product_tag?post=826"}],"curies":[{"name":"wp","href":"https:\/\/api.w.org\/{rel}","templated":true}]}}