{"id":837,"date":"2024-10-02T11:54:31","date_gmt":"2024-10-02T11:54:31","guid":{"rendered":"https:\/\/pecedubovec.sk\/eshop\/?post_type=product&#038;p=837"},"modified":"2024-10-02T11:54:41","modified_gmt":"2024-10-02T11:54:41","slug":"kv-portal-me-g-ocel-cierna-rovne-presklenie-vysuvne-dvierka-cpv","status":"publish","type":"product","link":"https:\/\/pecedubovec.sk\/eshop\/produkt\/kv-portal-me-g-ocel-cierna-rovne-presklenie-vysuvne-dvierka-cpv\/","title":{"rendered":"KV PORTAL ME G, OCE\u013d \u010cIERNA, ROVN\u00c9 PRESKLENIE, V\u00ddSUVN\u00c9 DVIERKA, CPV"},"content":{"rendered":"<h4 class=\"section-title\"><strong>Technick\u00e9 \u00fadaje:<\/strong><\/h4>\n<div class=\"row parameters\">\n<div class=\"col-md-6\">\n<dl>\n<dt>Minim\u00e1lny v\u00fdkon: 4.8 kW<\/dt>\n<\/dl>\n<dl>\n<dt>Maxim\u00e1lny v\u00fdkon: 14.4 kW<\/dt>\n<\/dl>\n<dl>\n<dt>Menovit\u00fd v\u00fdkon: 12 kW<\/dt>\n<\/dl>\n<dl>\n<dt>\u00da\u010dinnos\u0165: 80.5%<\/dt>\n<\/dl>\n<dl>\n<dt>V\u00fdvod dymovodu: horn\u00fd<\/dt>\n<\/dl>\n<dl>\n<dt>Priemer dymovodu: 200 mm<\/dt>\n<\/dl>\n<\/div>\n<div class=\"col-md-6\">\n<dl>\n<dt>Palivo: drevo, dreven\u00e9 brikety<\/dt>\n<\/dl>\n<dl>\n<dt>Farebn\u00e9 vyhotovenie: \u010dierna<\/dt>\n<\/dl>\n<dl>\n<dt>Hmotnos\u0165: 300 kg<\/dt>\n<\/dl>\n<dl>\n<dt>\u0160\u00edrka: 975 mm<\/dt>\n<\/dl>\n<dl>\n<dt>V\u00fd\u0161ka: 1354 mm<\/dt>\n<\/dl>\n<dl>\n<dt>H\u013abka: 636 mm<\/dt>\n<\/dl>\n<\/div>\n<\/div>\n","protected":false},"excerpt":{"rendered":"<p>Technick\u00e9 \u00fadaje: Minim\u00e1lny v\u00fdkon: 4.8 kW Maxim\u00e1lny v\u00fdkon: 14.4 kW Menovit\u00fd v\u00fdkon: 12 kW \u00da\u010dinnos\u0165: 80.5% V\u00fdvod dymovodu: horn\u00fd Priemer dymovodu: 200 mm Palivo: drevo, dreven\u00e9 brikety Farebn\u00e9 vyhotovenie: \u010dierna Hmotnos\u0165: 300 kg \u0160\u00edrka: 975 mm V\u00fd\u0161ka: 1354 mm H\u013abka: 636 mm<\/p>\n","protected":false},"featured_media":867,"template":"","meta":[],"product_cat":[],"product_tag":[],"class_list":{"0":"post-837","1":"product","2":"type-product","3":"status-publish","4":"has-post-thumbnail","7":"first","8":"instock","9":"shipping-taxable","10":"purchasable","11":"product-type-simple"},"_links":{"self":[{"href":"https:\/\/pecedubovec.sk\/eshop\/wp-json\/wp\/v2\/product\/837","targetHints":{"allow":["GET"]}}],"collection":[{"href":"https:\/\/pecedubovec.sk\/eshop\/wp-json\/wp\/v2\/product"}],"about":[{"href":"https:\/\/pecedubovec.sk\/eshop\/wp-json\/wp\/v2\/types\/product"}],"wp:featuredmedia":[{"embeddable":true,"href":"https:\/\/pecedubovec.sk\/eshop\/wp-json\/wp\/v2\/media\/867"}],"wp:attachment":[{"href":"https:\/\/pecedubovec.sk\/eshop\/wp-json\/wp\/v2\/media?parent=837"}],"wp:term":[{"taxonomy":"product_cat","embeddable":true,"href":"https:\/\/pecedubovec.sk\/eshop\/wp-json\/wp\/v2\/product_cat?post=837"},{"taxonomy":"product_tag","embeddable":true,"href":"https:\/\/pecedubovec.sk\/eshop\/wp-json\/wp\/v2\/product_tag?post=837"}],"curies":[{"name":"wp","href":"https:\/\/api.w.org\/{rel}","templated":true}]}}