{"id":840,"date":"2024-10-02T11:54:31","date_gmt":"2024-10-02T11:54:31","guid":{"rendered":"https:\/\/pecedubovec.sk\/eshop\/?post_type=product&#038;p=840"},"modified":"2024-10-02T11:54:42","modified_gmt":"2024-10-02T11:54:42","slug":"kv-intra-me-bl-slim-g-ocel-cierna-lave-rohove-presklenie-vysuvne-dvierka-cpv","status":"publish","type":"product","link":"https:\/\/pecedubovec.sk\/eshop\/produkt\/kv-intra-me-bl-slim-g-ocel-cierna-lave-rohove-presklenie-vysuvne-dvierka-cpv\/","title":{"rendered":"KV INTRA ME BL SLIM G, OCE\u013d \u010cIERNA, \u013dAV\u00c9 ROHOV\u00c9 PRESKLENIE, V\u00ddSUVN\u00c9 DVIERKA, CPV"},"content":{"rendered":"<h4 class=\"section-title\"><strong>Technick\u00e9 \u00fadaje:<\/strong><\/h4>\n<div class=\"row parameters\">\n<div class=\"col-md-6\">\n<dl>\n<dt>Menovit\u00fd v\u00fdkon: 8 kW<\/dt>\n<\/dl>\n<dl>\n<dt>Vyhrievan\u00fd priestor: 115 m<sup>3<\/sup><\/dt>\n<\/dl>\n<dl>\n<dt>\u00da\u010dinnos\u0165: 80.1%<\/dt>\n<\/dl>\n<dl>\n<dt>V\u00fdvod dymovodu: horn\u00fd<\/dt>\n<\/dl>\n<dl>\n<dt>Priemer dymovodu: 200 mm<\/dt>\n<\/dl>\n<\/div>\n<div class=\"col-md-6\">\n<dl>\n<dt>Palivo: drevo, dreven\u00e9 brikety<\/dt>\n<\/dl>\n<dl>\n<dt>Farebn\u00e9 vyhotovenie: \u010dierna<\/dt>\n<\/dl>\n<dl>\n<dt>Hmotnos\u0165: 250 kg<\/dt>\n<\/dl>\n<dl>\n<dt>\u0160\u00edrka: 959 mm<\/dt>\n<\/dl>\n<dl>\n<dt>V\u00fd\u0161ka: 1363 mm<\/dt>\n<\/dl>\n<dl>\n<dt>H\u013abka: 462 mm<\/dt>\n<\/dl>\n<\/div>\n<\/div>\n","protected":false},"excerpt":{"rendered":"<p>Technick\u00e9 \u00fadaje: Menovit\u00fd v\u00fdkon: 8 kW Vyhrievan\u00fd priestor: 115 m3 \u00da\u010dinnos\u0165: 80.1% V\u00fdvod dymovodu: horn\u00fd Priemer dymovodu: 200 mm Palivo: drevo, dreven\u00e9 brikety Farebn\u00e9 vyhotovenie: \u010dierna Hmotnos\u0165: 250 kg \u0160\u00edrka: 959 mm V\u00fd\u0161ka: 1363 mm H\u013abka: 462 mm<\/p>\n","protected":false},"featured_media":870,"template":"","meta":[],"product_cat":[],"product_tag":[],"class_list":{"0":"post-840","1":"product","2":"type-product","3":"status-publish","4":"has-post-thumbnail","7":"first","8":"instock","9":"shipping-taxable","10":"purchasable","11":"product-type-simple"},"_links":{"self":[{"href":"https:\/\/pecedubovec.sk\/eshop\/wp-json\/wp\/v2\/product\/840","targetHints":{"allow":["GET"]}}],"collection":[{"href":"https:\/\/pecedubovec.sk\/eshop\/wp-json\/wp\/v2\/product"}],"about":[{"href":"https:\/\/pecedubovec.sk\/eshop\/wp-json\/wp\/v2\/types\/product"}],"wp:featuredmedia":[{"embeddable":true,"href":"https:\/\/pecedubovec.sk\/eshop\/wp-json\/wp\/v2\/media\/870"}],"wp:attachment":[{"href":"https:\/\/pecedubovec.sk\/eshop\/wp-json\/wp\/v2\/media?parent=840"}],"wp:term":[{"taxonomy":"product_cat","embeddable":true,"href":"https:\/\/pecedubovec.sk\/eshop\/wp-json\/wp\/v2\/product_cat?post=840"},{"taxonomy":"product_tag","embeddable":true,"href":"https:\/\/pecedubovec.sk\/eshop\/wp-json\/wp\/v2\/product_tag?post=840"}],"curies":[{"name":"wp","href":"https:\/\/api.w.org\/{rel}","templated":true}]}}