{"id":890,"date":"2024-10-02T11:54:50","date_gmt":"2024-10-02T11:54:50","guid":{"rendered":"https:\/\/pecedubovec.sk\/eshop\/?post_type=product&#038;p=890"},"modified":"2024-10-02T11:54:59","modified_gmt":"2024-10-02T11:54:59","slug":"kv-intra-sm-slim-ocel-cierna-rovne-presklenie-cpv","status":"publish","type":"product","link":"https:\/\/pecedubovec.sk\/eshop\/produkt\/kv-intra-sm-slim-ocel-cierna-rovne-presklenie-cpv\/","title":{"rendered":"KV INTRA SM SLIM, OCE\u013d \u010cIERNA, ROVN\u00c9 PRESKLENIE, CPV"},"content":{"rendered":"<h4 class=\"section-title\"><strong>Technick\u00e9 \u00fadaje:<\/strong><\/h4>\n<div class=\"row parameters\">\n<div class=\"col-md-6\">\n<dl>\n<dt>Menovit\u00fd v\u00fdkon: 6 kW<\/dt>\n<\/dl>\n<dl>\n<dt>Vyhrievan\u00fd priestor: 85 m<sup>3<\/sup><\/dt>\n<\/dl>\n<dl>\n<dt>\u00da\u010dinnos\u0165: 78%<\/dt>\n<\/dl>\n<dl>\n<dt>V\u00fdvod dymovodu: horn\u00fd<\/dt>\n<\/dl>\n<dl>\n<dt>Priemer dymovodu: 200 mm<\/dt>\n<\/dl>\n<\/div>\n<div class=\"col-md-6\">\n<dl>\n<dt>Palivo: drevo, dreven\u00e9 brikety<\/dt>\n<\/dl>\n<dl>\n<dt>Farebn\u00e9 vyhotovenie: \u010dierna<\/dt>\n<\/dl>\n<dl>\n<dt>Hmotnos\u0165: 156 kg<\/dt>\n<\/dl>\n<dl>\n<dt>\u0160\u00edrka: 679 mm<\/dt>\n<\/dl>\n<dl>\n<dt>V\u00fd\u0161ka: 1210 mm<\/dt>\n<\/dl>\n<dl>\n<dt>H\u013abka: 366 mm<\/dt>\n<\/dl>\n<\/div>\n<\/div>\n","protected":false},"excerpt":{"rendered":"<p>Technick\u00e9 \u00fadaje: Menovit\u00fd v\u00fdkon: 6 kW Vyhrievan\u00fd priestor: 85 m3 \u00da\u010dinnos\u0165: 78% V\u00fdvod dymovodu: horn\u00fd Priemer dymovodu: 200 mm Palivo: drevo, dreven\u00e9 brikety Farebn\u00e9 vyhotovenie: \u010dierna Hmotnos\u0165: 156 kg \u0160\u00edrka: 679 mm V\u00fd\u0161ka: 1210 mm H\u013abka: 366 mm<\/p>\n","protected":false},"featured_media":920,"template":"","meta":[],"product_cat":[],"product_tag":[],"class_list":{"0":"post-890","1":"product","2":"type-product","3":"status-publish","4":"has-post-thumbnail","7":"first","8":"instock","9":"shipping-taxable","10":"purchasable","11":"product-type-simple"},"_links":{"self":[{"href":"https:\/\/pecedubovec.sk\/eshop\/wp-json\/wp\/v2\/product\/890","targetHints":{"allow":["GET"]}}],"collection":[{"href":"https:\/\/pecedubovec.sk\/eshop\/wp-json\/wp\/v2\/product"}],"about":[{"href":"https:\/\/pecedubovec.sk\/eshop\/wp-json\/wp\/v2\/types\/product"}],"wp:featuredmedia":[{"embeddable":true,"href":"https:\/\/pecedubovec.sk\/eshop\/wp-json\/wp\/v2\/media\/920"}],"wp:attachment":[{"href":"https:\/\/pecedubovec.sk\/eshop\/wp-json\/wp\/v2\/media?parent=890"}],"wp:term":[{"taxonomy":"product_cat","embeddable":true,"href":"https:\/\/pecedubovec.sk\/eshop\/wp-json\/wp\/v2\/product_cat?post=890"},{"taxonomy":"product_tag","embeddable":true,"href":"https:\/\/pecedubovec.sk\/eshop\/wp-json\/wp\/v2\/product_tag?post=890"}],"curies":[{"name":"wp","href":"https:\/\/api.w.org\/{rel}","templated":true}]}}