{"id":940,"date":"2024-10-02T11:55:17","date_gmt":"2024-10-02T11:55:17","guid":{"rendered":"https:\/\/pecedubovec.sk\/eshop\/?post_type=product&#038;p=940"},"modified":"2024-10-02T11:56:01","modified_gmt":"2024-10-02T11:56:01","slug":"ramkowy","status":"publish","type":"product","link":"https:\/\/pecedubovec.sk\/eshop\/produkt\/ramkowy\/","title":{"rendered":"Ramkowy"},"content":{"rendered":"<p>cena kachl\u00ed v z\u00e1kladn\u00fdch farb\u00e1ch:<br \/>\n* Leskl\u00e1 Biela<br \/>\n* Leskl\u00e1\u00a0Kr\u00e9mova<br \/>\n*\u00a0Leskl\u00e1 Marhu\u013eova<br \/>\n*\u00a0Leskl\u00e1 Ecru<br \/>\n*\u00a0Leskl\u00e1 Modra<br \/>\n*\u00a0Leskl\u00e1 Siva<br \/>\n*\u00a0Leskl\u00e1 Klav\u00edrna \u010dierna<\/p>\n<p><strong><a href=\"https:\/\/pecedubovec.sk\/?page_id=3033\"><button type=\"submit\">Farebn\u00e9 prevedenia TU!<\/button><\/a><\/strong><\/p>\n","protected":false},"excerpt":{"rendered":"<p>cena z\u00e1kladnej farby bez dver\u00ed s DPH<\/p>\n","protected":false},"featured_media":975,"template":"","meta":[],"product_cat":[50],"product_tag":[],"class_list":{"0":"post-940","1":"product","2":"type-product","3":"status-publish","4":"has-post-thumbnail","6":"product_cat-kachlove-pece-a-krby-kafel-kar","8":"first","9":"instock","10":"shipping-taxable","11":"purchasable","12":"product-type-simple"},"_links":{"self":[{"href":"https:\/\/pecedubovec.sk\/eshop\/wp-json\/wp\/v2\/product\/940","targetHints":{"allow":["GET"]}}],"collection":[{"href":"https:\/\/pecedubovec.sk\/eshop\/wp-json\/wp\/v2\/product"}],"about":[{"href":"https:\/\/pecedubovec.sk\/eshop\/wp-json\/wp\/v2\/types\/product"}],"wp:featuredmedia":[{"embeddable":true,"href":"https:\/\/pecedubovec.sk\/eshop\/wp-json\/wp\/v2\/media\/975"}],"wp:attachment":[{"href":"https:\/\/pecedubovec.sk\/eshop\/wp-json\/wp\/v2\/media?parent=940"}],"wp:term":[{"taxonomy":"product_cat","embeddable":true,"href":"https:\/\/pecedubovec.sk\/eshop\/wp-json\/wp\/v2\/product_cat?post=940"},{"taxonomy":"product_tag","embeddable":true,"href":"https:\/\/pecedubovec.sk\/eshop\/wp-json\/wp\/v2\/product_tag?post=940"}],"curies":[{"name":"wp","href":"https:\/\/api.w.org\/{rel}","templated":true}]}}