{"id":943,"date":"2024-10-02T11:55:18","date_gmt":"2024-10-02T11:55:18","guid":{"rendered":"https:\/\/pecedubovec.sk\/eshop\/?post_type=product&#038;p=943"},"modified":"2024-10-02T11:56:14","modified_gmt":"2024-10-02T11:56:14","slug":"kolekcia-origami","status":"publish","type":"product","link":"https:\/\/pecedubovec.sk\/eshop\/produkt\/kolekcia-origami\/","title":{"rendered":"Kolekcia origami"},"content":{"rendered":"<p><img loading=\"lazy\" decoding=\"async\" src=\"http:\/\/pecedubovec.sk\/wp-content\/uploads\/2023\/03\/Sn\u00edmka-obrazovky-2023-03-30-225347.jpg\" alt=\"\" width=\"1039\" height=\"672\" class=\"alignnone size-full wp-image-4086\" \/><img loading=\"lazy\" decoding=\"async\" src=\"http:\/\/pecedubovec.sk\/wp-content\/uploads\/2023\/03\/origami.jpg\" alt=\"\" width=\"1027\" height=\"733\" class=\"alignnone size-full wp-image-3934\" \/><\/p>\n<p><img loading=\"lazy\" decoding=\"async\" src=\"http:\/\/pecedubovec.sk\/wp-content\/uploads\/2023\/03\/65.jpg\" alt=\"\" width=\"911\" height=\"657\" class=\"alignnone size-full wp-image-4044\" \/><\/p>\n","protected":false},"excerpt":{"rendered":"<h3><span><strong>cena za 1 ks s DPH<\/strong><\/span><\/h3>\n<h3><span><u><em>Fantasy geometria<\/em><\/u><\/span><\/h3>\n<p><span>Jednoduchos\u0165 geometrie a jej dynamika stimuluje akciu.\u00a0Ide\u00e1lne na za\u010diatok d\u0148a v takomto interi\u00e9ri!\u00a0Kolekcia panelov v tvare diamantu zaujme odvahou skombinova\u0165 geometrick\u00fa postavu s mimoriadnou farbou.\u00a0Konk\u00e1vny tvar jednej keramiky kr\u00e1sne l\u00e1me a odr\u00e1\u017ea svetlo, \u010do d\u00e1va r\u00f4zne efekty v z\u00e1vislosti od uhla poh\u013eadu.\u00a0Obmedzenia zmizn\u00fa, predstavivos\u0165 sa uvo\u013en\u00ed: ak\u00e9 \u010fal\u0161ie konfigur\u00e1cie je mo\u017en\u00e9 vytvori\u0165 s t\u00fdmito \u0161t\u00fdlov\u00fdmi panelmi?\u00a0S\u00fa ako pozvanie tvori\u0165 v s\u00falade s va\u0161ou v\u00edziou.\u00a0Sn\u00edvanie o koso\u0161tvorci znamen\u00e1, \u017ee by ste v bl\u00edzkej bud\u00facnosti nemali ni\u010d min\u00fa\u0165.\u00a0Nechajte teda svoje sny nadobudn\u00fa\u0165 tvar koso\u0161tvorcov!<\/span><\/p>\n<div class=\"wymiary\">\n<div class=\"wymiary-icon\"><img loading=\"lazy\" decoding=\"async\" src=\"https:\/\/ceramicwall.pl\/storage\/photos\/shares\/Inne\/ID.svg\" width=\"25\" height=\"25\" \/><\/div>\n<div class=\"wymiary-name\"><span>Symbol:<\/span><\/div>\n<div class=\"wymiary-value\"><span>Alebo 44.01<\/span><\/div>\n<\/div>\n<div class=\"wymiary\">\n<div class=\"wymiary-icon\"><img decoding=\"async\" src=\"https:\/\/ceramicwall.pl\/storage\/photos\/shares\/reduce.svg\" \/><\/div>\n<div class=\"wymiary-name\"><span>Rozmery:<\/span><\/div>\n<div class=\"wymiary-value\"><span>440 x 254 x 26 mm<\/span><\/div>\n<\/div>\n<div class=\"wymiary\">\n<div class=\"wymiary-icon\"><img decoding=\"async\" src=\"https:\/\/ceramicwall.pl\/storage\/photos\/shares\/fabric%20(2).svg\" \/><\/div>\n<div class=\"wymiary-name\"><span>Materi\u00e1l:<\/span><\/div>\n<div class=\"wymiary-value\"><span>Keramika<\/span><\/div>\n<\/div>\n<div class=\"wymiary\">\n<div class=\"wymiary-icon\"><img loading=\"lazy\" decoding=\"async\" src=\"https:\/\/ceramicwall.pl\/storage\/photos\/shares\/Inne\/Waga2.png\" width=\"25\" height=\"25\" \/><\/div>\n<div class=\"wymiary-name\"><span>V\u00e1hy:<\/span><\/div>\n<div class=\"wymiary-value\"><span>1,62 kg<\/span><\/div>\n<\/div>\n<div><img decoding=\"async\" src=\"https:\/\/ceramicwall.pl\/storage\/photos\/shares\/KOLEKCJE\/Rhombus\/Origami%20Wymiary.webp\" alt=\"img\" \/><\/div>\n<div><strong><a href=\"http:\/\/pecedubovec.sk\/?page_id=3924\"><button type=\"submit\">Farebn\u00e9 prevedenia TU!<\/button><\/a><\/strong><\/div>\n","protected":false},"featured_media":983,"template":"","meta":[],"product_cat":[51],"product_tag":[],"class_list":{"0":"post-943","1":"product","2":"type-product","3":"status-publish","4":"has-post-thumbnail","6":"product_cat-keramicke-obklady-na-krby-a-pece","8":"first","9":"instock","10":"shipping-taxable","11":"purchasable","12":"product-type-simple"},"_links":{"self":[{"href":"https:\/\/pecedubovec.sk\/eshop\/wp-json\/wp\/v2\/product\/943","targetHints":{"allow":["GET"]}}],"collection":[{"href":"https:\/\/pecedubovec.sk\/eshop\/wp-json\/wp\/v2\/product"}],"about":[{"href":"https:\/\/pecedubovec.sk\/eshop\/wp-json\/wp\/v2\/types\/product"}],"wp:featuredmedia":[{"embeddable":true,"href":"https:\/\/pecedubovec.sk\/eshop\/wp-json\/wp\/v2\/media\/983"}],"wp:attachment":[{"href":"https:\/\/pecedubovec.sk\/eshop\/wp-json\/wp\/v2\/media?parent=943"}],"wp:term":[{"taxonomy":"product_cat","embeddable":true,"href":"https:\/\/pecedubovec.sk\/eshop\/wp-json\/wp\/v2\/product_cat?post=943"},{"taxonomy":"product_tag","embeddable":true,"href":"https:\/\/pecedubovec.sk\/eshop\/wp-json\/wp\/v2\/product_tag?post=943"}],"curies":[{"name":"wp","href":"https:\/\/api.w.org\/{rel}","templated":true}]}}