{"id":944,"date":"2024-10-02T11:55:18","date_gmt":"2024-10-02T11:55:18","guid":{"rendered":"https:\/\/pecedubovec.sk\/eshop\/?post_type=product&#038;p=944"},"modified":"2024-10-02T11:56:15","modified_gmt":"2024-10-02T11:56:15","slug":"marakes","status":"publish","type":"product","link":"https:\/\/pecedubovec.sk\/eshop\/produkt\/marakes\/","title":{"rendered":"Marak\u00e9\u0161"},"content":{"rendered":"<p><img loading=\"lazy\" decoding=\"async\" src=\"http:\/\/pecedubovec.sk\/wp-content\/uploads\/2023\/03\/marakes.jpg\" alt=\"\" width=\"1193\" height=\"725\" class=\"alignnone size-full wp-image-3936\" \/><\/p>\n<p><img loading=\"lazy\" decoding=\"async\" src=\"http:\/\/pecedubovec.sk\/wp-content\/uploads\/2023\/03\/90.jpg\" alt=\"\" width=\"1195\" height=\"296\" class=\"alignnone size-full wp-image-4052\" \/><\/p>\n","protected":false},"excerpt":{"rendered":"<h3><span><strong>cena za 1 ks s DPH<\/strong><\/span><\/h3>\n<h3><span><u><em>Stimul\u00e1cia zmyslov<\/em><\/u><\/span><\/h3>\n<p><span>Kto raz nav\u0161t\u00edvil Maroko, vie, \u017ee nemo\u017eno zabudn\u00fa\u0165 na jeho najzauj\u00edmavej\u0161ie mesto \u2013 Marak\u00e9\u0161.\u00a0Je to ak\u00fdsi mikrokozmos, ktor\u00fd v\u00e1s zavedie sp\u00e4\u0165 do minulosti, ohromuj\u00faci bohatstvom dojmov, ktor\u00e9 pon\u00faka.\u00a0Zlo\u017eit\u00fd vzor keramick\u00fdch panelov je ako cestovate\u013esk\u00e1 poh\u013eadnica, ktor\u00e1 do ka\u017edodenn\u00e9ho \u017eivota vn\u00e1\u0161a \u0161tipku m\u00e1gie, tajomstva a luxusu.\u00a0Keramika sa trbliece a leskne a zab\u00fada, \u010do je skromnos\u0165.\u00a0Panely s\u00fa najp\u00f4sobivej\u0161ie na celej stene, \u010do naplno demon\u0161truje ich prepracovanos\u0165.\u00a0S\u00fa vyroben\u00e9 ru\u010dne, tak\u017ee vzor nikdy nevyzer\u00e1 monot\u00f3nne &#8211; zost\u00e1va \u017eiv\u00fd a pln\u00fd prekvapen\u00ed!<\/span><\/p>\n<div class=\"wymiary\">\n<div class=\"wymiary-icon\"><img loading=\"lazy\" decoding=\"async\" src=\"https:\/\/ceramicwall.pl\/storage\/photos\/shares\/Inne\/ID.svg\" width=\"25\" height=\"25\" \/><\/div>\n<div class=\"wymiary-name\"><span>Symbol:<\/span><\/div>\n<div class=\"wymiary-value\"><span>M\u00e1j 40.01<\/span><\/div>\n<\/div>\n<div class=\"wymiary\">\n<div class=\"wymiary-icon\"><img decoding=\"async\" src=\"https:\/\/ceramicwall.pl\/storage\/photos\/shares\/reduce.svg\" \/><\/div>\n<div class=\"wymiary-name\"><span>Rozmery:<\/span><\/div>\n<div class=\"wymiary-value\"><span>400 x 400 x 20 mm<\/span><\/div>\n<\/div>\n<div class=\"wymiary\">\n<div class=\"wymiary-icon\"><img decoding=\"async\" src=\"https:\/\/ceramicwall.pl\/storage\/photos\/shares\/fabric%20(2).svg\" \/><\/div>\n<div class=\"wymiary-name\"><span>Materi\u00e1l:<\/span><\/div>\n<div class=\"wymiary-value\"><span>Keramika<\/span><\/div>\n<\/div>\n<div class=\"wymiary\">\n<div class=\"wymiary-icon\"><img loading=\"lazy\" decoding=\"async\" src=\"https:\/\/ceramicwall.pl\/storage\/photos\/shares\/Inne\/Waga2.png\" width=\"25\" height=\"25\" \/><\/div>\n<div class=\"wymiary-name\"><span>V\u00e1hy:<\/span><\/div>\n<div class=\"wymiary-value\"><span>4,36 kg\u00a0<\/span><\/div>\n<\/div>\n<p><img decoding=\"async\" src=\"https:\/\/ceramicwall.pl\/storage\/photos\/shares\/KOLEKCJE\/MOZAIKA\/Marrakesh%20wymiary.webp\" alt=\"img\" \/><\/p>\n<p><strong><a href=\"http:\/\/pecedubovec.sk\/?page_id=3924\"><button type=\"submit\">Farebn\u00e9 prevedenia TU!<\/button><\/a><\/strong><\/p>\n","protected":false},"featured_media":986,"template":"","meta":[],"product_cat":[51],"product_tag":[],"class_list":{"0":"post-944","1":"product","2":"type-product","3":"status-publish","4":"has-post-thumbnail","6":"product_cat-keramicke-obklady-na-krby-a-pece","8":"first","9":"instock","10":"shipping-taxable","11":"purchasable","12":"product-type-simple"},"_links":{"self":[{"href":"https:\/\/pecedubovec.sk\/eshop\/wp-json\/wp\/v2\/product\/944","targetHints":{"allow":["GET"]}}],"collection":[{"href":"https:\/\/pecedubovec.sk\/eshop\/wp-json\/wp\/v2\/product"}],"about":[{"href":"https:\/\/pecedubovec.sk\/eshop\/wp-json\/wp\/v2\/types\/product"}],"wp:featuredmedia":[{"embeddable":true,"href":"https:\/\/pecedubovec.sk\/eshop\/wp-json\/wp\/v2\/media\/986"}],"wp:attachment":[{"href":"https:\/\/pecedubovec.sk\/eshop\/wp-json\/wp\/v2\/media?parent=944"}],"wp:term":[{"taxonomy":"product_cat","embeddable":true,"href":"https:\/\/pecedubovec.sk\/eshop\/wp-json\/wp\/v2\/product_cat?post=944"},{"taxonomy":"product_tag","embeddable":true,"href":"https:\/\/pecedubovec.sk\/eshop\/wp-json\/wp\/v2\/product_tag?post=944"}],"curies":[{"name":"wp","href":"https:\/\/api.w.org\/{rel}","templated":true}]}}