{"id":945,"date":"2024-10-02T11:55:19","date_gmt":"2024-10-02T11:55:19","guid":{"rendered":"https:\/\/pecedubovec.sk\/eshop\/?post_type=product&#038;p=945"},"modified":"2024-10-02T11:56:17","modified_gmt":"2024-10-02T11:56:17","slug":"set-up-kolekcia","status":"publish","type":"product","link":"https:\/\/pecedubovec.sk\/eshop\/produkt\/set-up-kolekcia\/","title":{"rendered":"Set-up kolekcia"},"content":{"rendered":"<p><img loading=\"lazy\" decoding=\"async\" src=\"http:\/\/pecedubovec.sk\/wp-content\/uploads\/2023\/03\/setupkolekcia.jpg\" alt=\"\" width=\"1063\" height=\"724\" class=\"alignnone size-full wp-image-3939\" \/><\/p>\n<p><img loading=\"lazy\" decoding=\"async\" src=\"http:\/\/pecedubovec.sk\/wp-content\/uploads\/2023\/03\/905.jpg\" alt=\"\" width=\"1124\" height=\"279\" class=\"alignnone size-full wp-image-4065\" \/><\/p>\n","protected":false},"excerpt":{"rendered":"<h3><span><strong>cena za 1 ks s DPH<\/strong><\/span><\/h3>\n<h3><span><u><em>Vertikalizmus snov<\/em><\/u><\/span><\/h3>\n<p><span>Nedopus\u0165me, aby sme boli pri zemi a n\u00edzko letiace my\u0161lienky, vynesme ich na vrchol!\u00a0Rovnako ako panely z tejto kolekcie, ktor\u00e9 v\u00e1s nab\u00e1daj\u00fa siahnu\u0165 vy\u0161\u0161ie, odv\u00e1\u017enej\u0161ie sa pozera\u0165 na \u017eivot.\u00a0Ich jednoduchos\u0165 v sebe skr\u00fdva h\u013abku, nesamozrejmos\u0165 a nejednozna\u010dnos\u0165.\u00a0\u00dazke st\u013apy upokojuj\u00fa interi\u00e9r, vn\u00e1\u0161aj\u00fa do neho poriadok a harm\u00f3niu.\u00a0Usporiadanie priestoru a jeho vybavenie nie\u010d\u00edm konkr\u00e9tnym mu d\u00e1va ur\u010dit\u00fd charakter.\u00a0Tu sa \u013eah\u0161ie rozhoduje, rokuje a pl\u00e1nuje.\u00a0Panely s\u00fa ide\u00e1lne na oblo\u017eenie celej steny v kancel\u00e1rii, hoteli, re\u0161taur\u00e1cii.\u00a0Je to ve\u013emi mestsk\u00fd vzor, \u200b\u200bvhodn\u00fd do dynamick\u00e9ho mesta.<\/span><\/p>\n<div class=\"wymiary\">\n<div class=\"wymiary-icon\"><img loading=\"lazy\" decoding=\"async\" src=\"https:\/\/ceramicwall.pl\/storage\/photos\/shares\/Inne\/ID.svg\" width=\"25\" height=\"25\" \/><\/div>\n<div class=\"wymiary-name\"><span>Symbol:<\/span><\/div>\n<div class=\"wymiary-value\"><span>St44.01<\/span><\/div>\n<\/div>\n<div class=\"wymiary\">\n<div class=\"wymiary-icon\"><img decoding=\"async\" src=\"https:\/\/ceramicwall.pl\/storage\/photos\/shares\/reduce.svg\" \/><\/div>\n<div class=\"wymiary-name\"><span>Rozmery:<\/span><\/div>\n<div class=\"wymiary-value\"><span>440 x 220 x 32 mm<\/span><\/div>\n<\/div>\n<div class=\"wymiary\">\n<div class=\"wymiary-icon\"><img decoding=\"async\" src=\"https:\/\/ceramicwall.pl\/storage\/photos\/shares\/fabric%20(2).svg\" \/><\/div>\n<div class=\"wymiary-name\"><span>Materi\u00e1l:<\/span><\/div>\n<div class=\"wymiary-value\"><span>Keramika<\/span><\/div>\n<\/div>\n<div class=\"wymiary\">\n<div class=\"wymiary-icon\"><img loading=\"lazy\" decoding=\"async\" src=\"https:\/\/ceramicwall.pl\/storage\/photos\/shares\/Inne\/Waga2.png\" width=\"25\" height=\"25\" \/><\/div>\n<div class=\"wymiary-name\"><span>V\u00e1hy:<\/span><\/div>\n<div class=\"wymiary-value\"><span>3,35 kg<\/span><\/div>\n<div><img decoding=\"async\" src=\"https:\/\/ceramicwall.pl\/storage\/photos\/shares\/KOLEKCJE\/Set\/Set%20przekroje.webp\" \/><\/div>\n<div><img decoding=\"async\" src=\"https:\/\/ceramicwall.pl\/storage\/photos\/shares\/KOLEKCJE\/Set\/Set%20Wymiary.webp\" alt=\"img\" \/><\/div>\n<div><strong><a href=\"http:\/\/pecedubovec.sk\/?page_id=3924\"><button type=\"submit\">Farebn\u00e9 prevedenia TU!<\/button><\/a><\/strong><\/div>\n<\/div>\n","protected":false},"featured_media":987,"template":"","meta":[],"product_cat":[51],"product_tag":[],"class_list":{"0":"post-945","1":"product","2":"type-product","3":"status-publish","4":"has-post-thumbnail","6":"product_cat-keramicke-obklady-na-krby-a-pece","8":"first","9":"instock","10":"shipping-taxable","11":"product-type-simple"},"_links":{"self":[{"href":"https:\/\/pecedubovec.sk\/eshop\/wp-json\/wp\/v2\/product\/945","targetHints":{"allow":["GET"]}}],"collection":[{"href":"https:\/\/pecedubovec.sk\/eshop\/wp-json\/wp\/v2\/product"}],"about":[{"href":"https:\/\/pecedubovec.sk\/eshop\/wp-json\/wp\/v2\/types\/product"}],"wp:featuredmedia":[{"embeddable":true,"href":"https:\/\/pecedubovec.sk\/eshop\/wp-json\/wp\/v2\/media\/987"}],"wp:attachment":[{"href":"https:\/\/pecedubovec.sk\/eshop\/wp-json\/wp\/v2\/media?parent=945"}],"wp:term":[{"taxonomy":"product_cat","embeddable":true,"href":"https:\/\/pecedubovec.sk\/eshop\/wp-json\/wp\/v2\/product_cat?post=945"},{"taxonomy":"product_tag","embeddable":true,"href":"https:\/\/pecedubovec.sk\/eshop\/wp-json\/wp\/v2\/product_tag?post=945"}],"curies":[{"name":"wp","href":"https:\/\/api.w.org\/{rel}","templated":true}]}}