{"id":947,"date":"2024-10-02T11:55:19","date_gmt":"2024-10-02T11:55:19","guid":{"rendered":"https:\/\/pecedubovec.sk\/eshop\/?post_type=product&#038;p=947"},"modified":"2024-10-02T11:56:18","modified_gmt":"2024-10-02T11:56:18","slug":"krizova-kolekcia","status":"publish","type":"product","link":"https:\/\/pecedubovec.sk\/eshop\/produkt\/krizova-kolekcia\/","title":{"rendered":"Kr\u00ed\u017eov\u00e1 kolekcia"},"content":{"rendered":"<p><img loading=\"lazy\" decoding=\"async\" src=\"http:\/\/pecedubovec.sk\/wp-content\/uploads\/2023\/03\/kr\u00ed\u017eov\u00e1-kolekcia.jpg\" alt=\"\" width=\"1066\" height=\"730\" class=\"alignnone size-full wp-image-3951\" \/><\/p>\n<p><img loading=\"lazy\" decoding=\"async\" src=\"http:\/\/pecedubovec.sk\/wp-content\/uploads\/2023\/03\/100.jpg\" alt=\"\" width=\"1087\" height=\"260\" class=\"alignnone size-full wp-image-4053\" \/><\/p>\n","protected":false},"excerpt":{"rendered":"<h3><span><strong>cena za 1 ks s DPH<\/strong><\/span><\/h3>\n<h3><span><u><em>Labyrint v\u00fdznamov<\/em><\/u><\/span><\/h3>\n<p><span>Bez prekr\u00ed\u017eenia prstov \u00faprimne prizn\u00e1vame: je pre n\u00e1s \u0165a\u017ek\u00e9 odtrhn\u00fa\u0165 zrak od tohto panelu.\u00a0Vyzer\u00e1 to skromne a pln\u00e9 jednoduchosti.\u00a0Tlmen\u00fd vzor vyzer\u00e1 ako zv\u00e4\u010d\u0161en\u00e1 vzorka materi\u00e1lu sk\u00faman\u00e9ho pod mikroskopom, kde \u017eiv\u00e9 bunky tvoria zn\u00e1me bludisko.\u00a0Dekorat\u00edvna str\u00e1nka panelu je zd\u00f4raz\u0148ovan\u00e1 ka\u017ed\u00fdm metrom, \u010d\u00edm sa pribli\u017eujeme k stene oblo\u017eenej takouto nejednozna\u010dnou keramikou.\u00a0Prsty chc\u00fa sledova\u0165 k\u013eukat\u00e9 cesti\u010dky a priehlbiny stavby a myse\u013e, h\u013eadaj\u00faca cestu von z tejto kri\u017eovatky, za\u017e\u00edva stav \u013eahkej hypn\u00f3zy a pokoja.\u00a0Tento panel je n\u00e1vykov\u00fd!\u00a0Skvele sa bude hodi\u0165 na miestach, kde sa tr\u00e1vi ve\u013ea \u010dasu: kuchyne, \u010dak\u00e1rne, vlakov\u00e9 stanice, kancel\u00e1rie, polikliniky, re\u0161taur\u00e1cie s modernou kuchy\u0148ou alebo avantgardn\u00e9 hotely.<\/span><\/p>\n<div class=\"wymiary\">\n<div class=\"wymiary-icon\"><img loading=\"lazy\" decoding=\"async\" src=\"https:\/\/ceramicwall.pl\/storage\/photos\/shares\/Inne\/ID.svg\" width=\"25\" height=\"25\" \/><\/div>\n<div class=\"wymiary-name\"><span>Symbol:<\/span><\/div>\n<div class=\"wymiary-value\"><span>44,01 Cr<\/span><\/div>\n<\/div>\n<div class=\"wymiary\">\n<div class=\"wymiary-icon\"><img decoding=\"async\" src=\"https:\/\/ceramicwall.pl\/storage\/photos\/shares\/reduce.svg\" \/><\/div>\n<div class=\"wymiary-name\"><span>Rozmery:<\/span><\/div>\n<div class=\"wymiary-value\"><span>440 x 220 x 18 mm<\/span><\/div>\n<\/div>\n<div class=\"wymiary\">\n<div class=\"wymiary-icon\"><img decoding=\"async\" src=\"https:\/\/ceramicwall.pl\/storage\/photos\/shares\/fabric%20(2).svg\" \/><\/div>\n<div class=\"wymiary-name\"><span>Materi\u00e1l:<\/span><\/div>\n<div class=\"wymiary-value\"><span>Keramika<\/span><\/div>\n<\/div>\n<div class=\"wymiary\">\n<div class=\"wymiary-icon\"><img loading=\"lazy\" decoding=\"async\" src=\"https:\/\/ceramicwall.pl\/storage\/photos\/shares\/Inne\/Waga2.png\" width=\"25\" height=\"25\" \/><\/div>\n<div class=\"wymiary-name\"><span>V\u00e1hy:<\/span><\/div>\n<div class=\"wymiary-value\"><span>2,81 kg<\/span><\/div>\n<div><img decoding=\"async\" src=\"https:\/\/ceramicwall.pl\/storage\/photos\/shares\/KOLEKCJE\/Cross\/Cross%20Wymiary.webp\" alt=\"img\" \/><\/div>\n<div><img decoding=\"async\" src=\"https:\/\/ceramicwall.pl\/storage\/photos\/shares\/KOLEKCJE\/Cross\/Cross%20Przekroje.webp\" \/><\/div>\n<\/div>\n<p><strong><a href=\"http:\/\/pecedubovec.sk\/?page_id=3924\"><button type=\"submit\">Farebn\u00e9 prevedenia TU!<\/button><\/a><\/strong><\/p>\n","protected":false},"featured_media":992,"template":"","meta":[],"product_cat":[51],"product_tag":[],"class_list":{"0":"post-947","1":"product","2":"type-product","3":"status-publish","4":"has-post-thumbnail","6":"product_cat-keramicke-obklady-na-krby-a-pece","8":"first","9":"instock","10":"shipping-taxable","11":"purchasable","12":"product-type-simple"},"_links":{"self":[{"href":"https:\/\/pecedubovec.sk\/eshop\/wp-json\/wp\/v2\/product\/947","targetHints":{"allow":["GET"]}}],"collection":[{"href":"https:\/\/pecedubovec.sk\/eshop\/wp-json\/wp\/v2\/product"}],"about":[{"href":"https:\/\/pecedubovec.sk\/eshop\/wp-json\/wp\/v2\/types\/product"}],"wp:featuredmedia":[{"embeddable":true,"href":"https:\/\/pecedubovec.sk\/eshop\/wp-json\/wp\/v2\/media\/992"}],"wp:attachment":[{"href":"https:\/\/pecedubovec.sk\/eshop\/wp-json\/wp\/v2\/media?parent=947"}],"wp:term":[{"taxonomy":"product_cat","embeddable":true,"href":"https:\/\/pecedubovec.sk\/eshop\/wp-json\/wp\/v2\/product_cat?post=947"},{"taxonomy":"product_tag","embeddable":true,"href":"https:\/\/pecedubovec.sk\/eshop\/wp-json\/wp\/v2\/product_tag?post=947"}],"curies":[{"name":"wp","href":"https:\/\/api.w.org\/{rel}","templated":true}]}}