{"id":948,"date":"2024-10-02T11:55:19","date_gmt":"2024-10-02T11:55:19","guid":{"rendered":"https:\/\/pecedubovec.sk\/eshop\/?post_type=product&#038;p=948"},"modified":"2024-10-02T11:56:19","modified_gmt":"2024-10-02T11:56:19","slug":"kolekcia-echo","status":"publish","type":"product","link":"https:\/\/pecedubovec.sk\/eshop\/produkt\/kolekcia-echo\/","title":{"rendered":"Kolekcia Echo"},"content":{"rendered":"<p><img loading=\"lazy\" decoding=\"async\" src=\"http:\/\/pecedubovec.sk\/wp-content\/uploads\/2023\/03\/echo.jpg\" alt=\"\" width=\"1059\" height=\"692\" class=\"alignnone size-full wp-image-3954\" \/><\/p>\n<p style=\"text-align: center;\"><strong>Farebn\u00e9 prevedenia:<\/strong><\/p>\n<p><img loading=\"lazy\" decoding=\"async\" src=\"http:\/\/pecedubovec.sk\/wp-content\/uploads\/2023\/03\/06.jpg\" alt=\"\" width=\"1677\" height=\"340\" class=\"alignnone size-full wp-image-4030\" \/><\/p>\n","protected":false},"excerpt":{"rendered":"<h3><span><strong>cena za 1 ks s DPH<\/strong><\/span><\/h3>\n<h3><span><u><em>Mel\u00f3dia jemnosti<\/em><\/u><\/span><\/h3>\n<p><span>Rytmus, klasifik\u00e1cia, poradie.\u00a0A kruh ako dokonal\u00fd tvar.\u00a0Dekorat\u00edvny panel z tejto kolekcie je rozhoduj\u00faci, konkr\u00e9tny a ve\u013emi modern\u00fd.\u00a0Vn\u00e1\u0161a do interi\u00e9ru poriadok, \u0161t\u00fdl a prvok prekvapenia.\u00a0Do \u0161tvorcov\u00e9ho form\u00e1tu bol vlo\u017een\u00fd kruh, v ktorom je n\u00e1dhern\u00e1 hra konvexnosti a konk\u00e1vnosti.\u00a0Pri poh\u013eade do ka\u017ed\u00e9ho oka m\u00f4\u017eeme vidie\u0165 odraz n\u00e1s sam\u00fdch a sveta v oto\u010denej verzii.\u00a0Pridan\u00edm akejko\u013evek farby k nej z\u00edskame efekt, ktor\u00fd p\u00f4sob\u00ed skvel\u00fdm dojmom.\u00a0Geometriu tvarov zjem\u0148uj\u00fa ov\u00e1ly a konk\u00e1vnosti, na ktor\u00fdch hr\u00e1 svetlo.<\/span><\/p>\n<div class=\"wymiary\">\n<div class=\"wymiary-icon\"><img loading=\"lazy\" decoding=\"async\" src=\"https:\/\/ceramicwall.pl\/storage\/photos\/shares\/Inne\/ID.svg\" width=\"25\" height=\"25\" \/><\/div>\n<div class=\"wymiary-name\"><span>Symbol:<\/span><\/div>\n<div class=\"wymiary-value\"><span>Ec30.01<\/span><\/div>\n<\/div>\n<div class=\"wymiary\">\n<div class=\"wymiary-icon\"><img decoding=\"async\" src=\"https:\/\/ceramicwall.pl\/storage\/photos\/shares\/reduce.svg\" \/><\/div>\n<div class=\"wymiary-name\"><span>Rozmery:<\/span><\/div>\n<div class=\"wymiary-value\"><span>300 x 300 x 50 mm<\/span><\/div>\n<\/div>\n<div class=\"wymiary\">\n<div class=\"wymiary-icon\"><img decoding=\"async\" src=\"https:\/\/ceramicwall.pl\/storage\/photos\/shares\/fabric%20(2).svg\" \/><\/div>\n<div class=\"wymiary-name\"><span>Materi\u00e1l:<\/span><\/div>\n<div class=\"wymiary-value\"><span>Keramika<\/span><\/div>\n<\/div>\n<div class=\"wymiary\">\n<div class=\"wymiary-icon\"><img loading=\"lazy\" decoding=\"async\" src=\"https:\/\/ceramicwall.pl\/storage\/photos\/shares\/Inne\/Waga2.png\" width=\"25\" height=\"25\" \/><\/div>\n<div class=\"wymiary-name\"><span>V\u00e1hy:<\/span><\/div>\n<div class=\"wymiary-value\"><span>2,62 kg<\/span><\/div>\n<div><img decoding=\"async\" src=\"https:\/\/ceramicwall.pl\/storage\/photos\/shares\/KOLEKCJE\/Echo\/Echo%20Przekroje.webp\" \/><\/div>\n<\/div>\n<p><strong><a href=\"http:\/\/pecedubovec.sk\/?page_id=3924\"><button type=\"submit\">Farebn\u00e9 prevedenia TU!<\/button><\/a><\/strong><\/p>\n","protected":false},"featured_media":993,"template":"","meta":[],"product_cat":[51],"product_tag":[],"class_list":{"0":"post-948","1":"product","2":"type-product","3":"status-publish","4":"has-post-thumbnail","6":"product_cat-keramicke-obklady-na-krby-a-pece","8":"first","9":"instock","10":"shipping-taxable","11":"purchasable","12":"product-type-simple"},"_links":{"self":[{"href":"https:\/\/pecedubovec.sk\/eshop\/wp-json\/wp\/v2\/product\/948","targetHints":{"allow":["GET"]}}],"collection":[{"href":"https:\/\/pecedubovec.sk\/eshop\/wp-json\/wp\/v2\/product"}],"about":[{"href":"https:\/\/pecedubovec.sk\/eshop\/wp-json\/wp\/v2\/types\/product"}],"wp:featuredmedia":[{"embeddable":true,"href":"https:\/\/pecedubovec.sk\/eshop\/wp-json\/wp\/v2\/media\/993"}],"wp:attachment":[{"href":"https:\/\/pecedubovec.sk\/eshop\/wp-json\/wp\/v2\/media?parent=948"}],"wp:term":[{"taxonomy":"product_cat","embeddable":true,"href":"https:\/\/pecedubovec.sk\/eshop\/wp-json\/wp\/v2\/product_cat?post=948"},{"taxonomy":"product_tag","embeddable":true,"href":"https:\/\/pecedubovec.sk\/eshop\/wp-json\/wp\/v2\/product_tag?post=948"}],"curies":[{"name":"wp","href":"https:\/\/api.w.org\/{rel}","templated":true}]}}