{"id":949,"date":"2024-10-02T11:55:19","date_gmt":"2024-10-02T11:55:19","guid":{"rendered":"https:\/\/pecedubovec.sk\/eshop\/?post_type=product&#038;p=949"},"modified":"2024-10-02T11:56:19","modified_gmt":"2024-10-02T11:56:19","slug":"piano-kolekcia","status":"publish","type":"product","link":"https:\/\/pecedubovec.sk\/eshop\/produkt\/piano-kolekcia\/","title":{"rendered":"Piano kolekcia"},"content":{"rendered":"<p><img loading=\"lazy\" decoding=\"async\" src=\"http:\/\/pecedubovec.sk\/wp-content\/uploads\/2023\/03\/piano.jpg\" alt=\"\" width=\"1186\" height=\"722\" class=\"alignnone size-full wp-image-3956\" \/><\/p>\n<p><img loading=\"lazy\" decoding=\"async\" src=\"http:\/\/pecedubovec.sk\/wp-content\/uploads\/2023\/03\/701.jpg\" alt=\"\" width=\"1069\" height=\"250\" class=\"alignnone size-full wp-image-4062\" \/><\/p>\n","protected":false},"excerpt":{"rendered":"<h3><span><strong>cena za 1 ks s DPH<\/strong><\/span><\/h3>\n<h3><span><u><em>Dobre zahran\u00e1 klasika<\/em><\/u><\/span><\/h3>\n<p><span>Kolekcia, ktor\u00e1 dokonale zapadne do metropolitnej atmosf\u00e9ry modern\u00fdch interi\u00e9rov.\u00a0Je pr\u00edjemn\u00e9 relaxova\u0165 v elegantnom byte, kde fenomen\u00e1lna panelov\u00e1 stena pripom\u00edna najprest\u00ed\u017enej\u0161ie hudobn\u00e9 s\u00e1ly, umo\u017e\u0148uje vr\u00e1ti\u0165 sa so spomienkami na vynikaj\u00face vyst\u00fapenia a recit\u00e1ly.\u00a0Pravideln\u00ed kult\u00farnych sal\u00f3nov a in\u00fdch metropolitn\u00fdch p\u00f4\u017eitkov ocenia asoci\u00e1ciu, ktor\u00fa t\u00e1to dekorat\u00edvna n\u00e1stenn\u00e1 keramika prin\u00e1\u0161a do interi\u00e9ru.\u00a0Je pln\u00e1 triedy, pokoja a harm\u00f3nie.\u00a0Vyzer\u00e1 rovnako dobre v s\u00fakromnom byte, ako aj v hoteli, re\u0161taur\u00e1cii, kancel\u00e1rii.<\/span><\/p>\n<div class=\"wymiary\">\n<div class=\"wymiary-icon\"><img loading=\"lazy\" decoding=\"async\" src=\"https:\/\/ceramicwall.pl\/storage\/photos\/shares\/Inne\/ID.svg\" width=\"25\" height=\"25\" \/><\/div>\n<div class=\"wymiary-name\"><span>Symbol:<\/span><\/div>\n<div class=\"wymiary-value\"><span>Pia 11.01<\/span><\/div>\n<\/div>\n<div class=\"wymiary\">\n<div class=\"wymiary-icon\"><img decoding=\"async\" src=\"https:\/\/ceramicwall.pl\/storage\/photos\/shares\/reduce.svg\" \/><\/div>\n<div class=\"wymiary-name\"><span>Rozmery:<\/span><\/div>\n<div class=\"wymiary-value\"><span>440 x 110 x 35 mm<\/span><\/div>\n<\/div>\n<div class=\"wymiary\">\n<div class=\"wymiary-icon\"><img decoding=\"async\" src=\"https:\/\/ceramicwall.pl\/storage\/photos\/shares\/fabric%20(2).svg\" \/><\/div>\n<div class=\"wymiary-name\"><span>Materi\u00e1l:<\/span><\/div>\n<div class=\"wymiary-value\"><span>Keramika<\/span><\/div>\n<\/div>\n<div class=\"wymiary\">\n<div class=\"wymiary-icon\"><img loading=\"lazy\" decoding=\"async\" src=\"https:\/\/ceramicwall.pl\/storage\/photos\/shares\/Inne\/Waga2.png\" width=\"25\" height=\"25\" \/><\/div>\n<div class=\"wymiary-name\"><span>V\u00e1hy:<\/span><\/div>\n<div class=\"wymiary-value\"><span>1,55 kg<\/span><\/div>\n<div><img decoding=\"async\" src=\"https:\/\/ceramicwall.pl\/storage\/photos\/shares\/KOLEKCJE\/Piano\/Piano%20Przekroje.webp\" \/><\/div>\n<\/div>\n<p><strong><a href=\"http:\/\/pecedubovec.sk\/?page_id=3924\"><button type=\"submit\">Farebn\u00e9 prevedenia TU!<\/button><\/a><\/strong><\/p>\n","protected":false},"featured_media":995,"template":"","meta":[],"product_cat":[51],"product_tag":[],"class_list":{"0":"post-949","1":"product","2":"type-product","3":"status-publish","4":"has-post-thumbnail","6":"product_cat-keramicke-obklady-na-krby-a-pece","8":"first","9":"instock","10":"shipping-taxable","11":"purchasable","12":"product-type-simple"},"_links":{"self":[{"href":"https:\/\/pecedubovec.sk\/eshop\/wp-json\/wp\/v2\/product\/949","targetHints":{"allow":["GET"]}}],"collection":[{"href":"https:\/\/pecedubovec.sk\/eshop\/wp-json\/wp\/v2\/product"}],"about":[{"href":"https:\/\/pecedubovec.sk\/eshop\/wp-json\/wp\/v2\/types\/product"}],"wp:featuredmedia":[{"embeddable":true,"href":"https:\/\/pecedubovec.sk\/eshop\/wp-json\/wp\/v2\/media\/995"}],"wp:attachment":[{"href":"https:\/\/pecedubovec.sk\/eshop\/wp-json\/wp\/v2\/media?parent=949"}],"wp:term":[{"taxonomy":"product_cat","embeddable":true,"href":"https:\/\/pecedubovec.sk\/eshop\/wp-json\/wp\/v2\/product_cat?post=949"},{"taxonomy":"product_tag","embeddable":true,"href":"https:\/\/pecedubovec.sk\/eshop\/wp-json\/wp\/v2\/product_tag?post=949"}],"curies":[{"name":"wp","href":"https:\/\/api.w.org\/{rel}","templated":true}]}}