{"id":952,"date":"2024-10-02T11:55:20","date_gmt":"2024-10-02T11:55:20","guid":{"rendered":"https:\/\/pecedubovec.sk\/eshop\/?post_type=product&#038;p=952"},"modified":"2024-10-02T11:56:21","modified_gmt":"2024-10-02T11:56:21","slug":"orientalna-kolekcia","status":"publish","type":"product","link":"https:\/\/pecedubovec.sk\/eshop\/produkt\/orientalna-kolekcia\/","title":{"rendered":"Orient\u00e1lna kolekcia"},"content":{"rendered":"<p><img loading=\"lazy\" decoding=\"async\" src=\"http:\/\/pecedubovec.sk\/wp-content\/uploads\/2023\/03\/orient.jpg\" alt=\"\" width=\"1066\" height=\"667\" class=\"alignnone size-full wp-image-3961\" \/><\/p>\n<p><img loading=\"lazy\" decoding=\"async\" src=\"http:\/\/pecedubovec.sk\/wp-content\/uploads\/2023\/03\/605-1.jpg\" alt=\"\" width=\"1088\" height=\"280\" class=\"alignnone size-full wp-image-4060\" \/><\/p>\n","protected":false},"excerpt":{"rendered":"<h3><span><strong>cena za 1 ks s DPH<\/strong><\/span><\/h3>\n<h3><span><em><u>\u010ealek\u00fd v\u00fdchod<\/u><\/em><\/span><\/h3>\n<p><span>Kult\u00fara \u010ealek\u00e9ho v\u00fdchodu je dodnes nevy\u010derpate\u013en\u00fdm zdrojom in\u0161pir\u00e1cie pre s\u00fa\u010dasn\u00fdch dizajn\u00e9rov.\u00a0Eklektick\u00e9 interi\u00e9ry miluj\u00fa cit\u00e1ty prevzat\u00e9 z r\u00f4znych smerov.\u00a0Ani cel\u00e1 stena oblo\u017een\u00e1 panelmi z tejto kolekcie nebude v modern\u00fdch bytoch, hoteloch, re\u0161taur\u00e1ci\u00e1ch pr\u00edli\u0161 doslovn\u00e1.\u00a0Bude prejavom n\u00e1\u0161ho priklonenia k dokonalosti dizajnu, ktor\u00fd po st\u00e1ro\u010dia zdob\u00ed rozpr\u00e1vkov\u00e9 domy a pal\u00e1ce Orientu.\u00a0O jednoduchosti tu nem\u00f4\u017ee by\u0165 ani re\u010di, preto\u017ee l\u00ednie sa radi prepletaj\u00fa a vytv\u00e1raj\u00fa mimoriadne dekorat\u00edvne vzory.\u00a0Pri v\u00fdbere panelov z tejto kolekcie sa oplat\u00ed zobrazi\u0165 ich na neutr\u00e1lnom pozad\u00ed kv\u00f4li kontrastu.\u00a0V\u0161imnime si, ako tento dekorat\u00edvny vzor v\u010faka svojmu rytmu a opakovaniu p\u00f4sob\u00ed harmonicky a pokojne.\u00a0Je skvel\u00e9, \u017ee dnes m\u00f4\u017eeme vyu\u017e\u00edva\u0165 dedi\u010dstvo nielen na\u0161ej kult\u00fary, ale aj cel\u00e9ho sveta!<\/span><\/p>\n<div class=\"wymiary\">\n<div class=\"wymiary-icon\"><img loading=\"lazy\" decoding=\"async\" src=\"https:\/\/ceramicwall.pl\/storage\/photos\/shares\/Inne\/ID.svg\" width=\"25\" height=\"25\" \/><\/div>\n<div class=\"wymiary-name\"><span>Symbol:<\/span><\/div>\n<div class=\"wymiary-value\"><span>ot44.01<\/span><\/div>\n<\/div>\n<div class=\"wymiary\">\n<div class=\"wymiary-icon\"><img decoding=\"async\" src=\"https:\/\/ceramicwall.pl\/storage\/photos\/shares\/reduce.svg\" \/><\/div>\n<div class=\"wymiary-name\"><span>Rozmery:<\/span><\/div>\n<div class=\"wymiary-value\"><span>440 x 220 x 27 mm<\/span><\/div>\n<\/div>\n<div class=\"wymiary\">\n<div class=\"wymiary-icon\"><img decoding=\"async\" src=\"https:\/\/ceramicwall.pl\/storage\/photos\/shares\/fabric%20(2).svg\" \/><\/div>\n<div class=\"wymiary-name\"><span>Materi\u00e1l:<\/span><\/div>\n<div class=\"wymiary-value\"><span>Keramika<\/span><\/div>\n<\/div>\n<div class=\"wymiary\">\n<div class=\"wymiary-icon\"><img loading=\"lazy\" decoding=\"async\" src=\"https:\/\/ceramicwall.pl\/storage\/photos\/shares\/Inne\/Waga2.png\" width=\"25\" height=\"25\" \/><\/div>\n<div class=\"wymiary-name\"><span>V\u00e1hy:<\/span><\/div>\n<div class=\"wymiary-value\"><span>3,52 kg<\/span><\/div>\n<div><img decoding=\"async\" src=\"https:\/\/ceramicwall.pl\/storage\/photos\/shares\/KOLEKCJE\/Orient\/Orient%20Przekroje.webp\" \/><\/div>\n<\/div>\n<p><strong><a href=\"http:\/\/pecedubovec.sk\/?page_id=3924\"><button type=\"submit\">Farebn\u00e9 prevedenia TU!<\/button><\/a><\/strong><\/p>\n","protected":false},"featured_media":998,"template":"","meta":[],"product_cat":[51],"product_tag":[],"class_list":{"0":"post-952","1":"product","2":"type-product","3":"status-publish","4":"has-post-thumbnail","6":"product_cat-keramicke-obklady-na-krby-a-pece","8":"first","9":"instock","10":"shipping-taxable","11":"purchasable","12":"product-type-simple"},"_links":{"self":[{"href":"https:\/\/pecedubovec.sk\/eshop\/wp-json\/wp\/v2\/product\/952","targetHints":{"allow":["GET"]}}],"collection":[{"href":"https:\/\/pecedubovec.sk\/eshop\/wp-json\/wp\/v2\/product"}],"about":[{"href":"https:\/\/pecedubovec.sk\/eshop\/wp-json\/wp\/v2\/types\/product"}],"wp:featuredmedia":[{"embeddable":true,"href":"https:\/\/pecedubovec.sk\/eshop\/wp-json\/wp\/v2\/media\/998"}],"wp:attachment":[{"href":"https:\/\/pecedubovec.sk\/eshop\/wp-json\/wp\/v2\/media?parent=952"}],"wp:term":[{"taxonomy":"product_cat","embeddable":true,"href":"https:\/\/pecedubovec.sk\/eshop\/wp-json\/wp\/v2\/product_cat?post=952"},{"taxonomy":"product_tag","embeddable":true,"href":"https:\/\/pecedubovec.sk\/eshop\/wp-json\/wp\/v2\/product_tag?post=952"}],"curies":[{"name":"wp","href":"https:\/\/api.w.org\/{rel}","templated":true}]}}