{"id":953,"date":"2024-10-02T11:55:20","date_gmt":"2024-10-02T11:55:20","guid":{"rendered":"https:\/\/pecedubovec.sk\/eshop\/?post_type=product&#038;p=953"},"modified":"2024-10-02T11:56:22","modified_gmt":"2024-10-02T11:56:22","slug":"kolekcia-city","status":"publish","type":"product","link":"https:\/\/pecedubovec.sk\/eshop\/produkt\/kolekcia-city\/","title":{"rendered":"Kolekcia City"},"content":{"rendered":"<p><img loading=\"lazy\" decoding=\"async\" src=\"http:\/\/pecedubovec.sk\/wp-content\/uploads\/2023\/03\/mesto.jpg\" alt=\"\" width=\"1061\" height=\"731\" class=\"alignnone size-full wp-image-3964\" \/><\/p>\n","protected":false},"excerpt":{"rendered":"<p><span><strong>cena za 1 ks s DPH<\/strong><\/span><span>\u00a0<\/span><span>Kolekcia, ktorej najv\u00e4\u010d\u0161ou silou je jednoduchos\u0165.\u00a0<\/span><span>Tvar obd\u013a\u017enika a rytmus opakuj\u00facich sa panelov organizuj\u00fa interi\u00e9r, vn\u00e1\u0161aj\u00fa do neho poriadok a harm\u00f3niu.\u00a0<\/span><span>Pridali sme iba r\u00e1my, \u010do dodalo pekn\u00fd efekt ponorenia a trojrozmernosti.\u00a0<\/span><span>Panely vyzeraj\u00fa \u00fa\u017easne v kontrastnej kombin\u00e1cii so zaoblen\u00fdmi tvarmi, ktor\u00e9 sa m\u00f4\u017eu objavi\u0165 v podobe zrkadla, vane, um\u00fdvadla, stola, kresiel at\u010f. Tak\u00fdto interi\u00e9r je pln\u00fd tvoriv\u00e9ho nap\u00e4tia, prekvapuj\u00facej odvahy.\u00a0<\/span><span>St\u00e1le v\u0161ak hovor\u00edme o najjednoduch\u0161\u00edch tvaroch, ktor\u00e9 sa v architekt\u00fare naj\u010dastej\u0161ie pou\u017e\u00edvaj\u00fa \u2013 o obd\u013a\u017eniku.\u00a0<\/span><span>Neodol\u00e1me asoci\u00e1ci\u00e1m s \u010dokol\u00e1dov\u00fdmi ty\u010dinkami \u010di sadou elegantn\u00fdch bonboni\u00e9r, za ktor\u00e9 sa v\u00f4bec nehanb\u00edme!\u00a0\u00a0<\/span><\/p>\n<div class=\"wymiary\">\n<div class=\"wymiary-icon\"><img loading=\"lazy\" decoding=\"async\" src=\"https:\/\/ceramicwall.pl\/storage\/photos\/shares\/Inne\/ID.svg\" width=\"25\" height=\"25\" \/><\/div>\n<div class=\"wymiary-name\"><span>Symbol:<\/span><\/div>\n<div class=\"wymiary-value\"><span>ci44.01<\/span><\/div>\n<\/div>\n<div class=\"wymiary\">\n<div class=\"wymiary-icon\"><img decoding=\"async\" src=\"https:\/\/ceramicwall.pl\/storage\/photos\/shares\/reduce.svg\" \/><\/div>\n<div class=\"wymiary-name\"><span>Rozmery:<\/span><\/div>\n<div class=\"wymiary-value\"><span>440 x 220 x 20 mm<\/span><\/div>\n<\/div>\n<div class=\"wymiary\">\n<div class=\"wymiary-icon\"><img decoding=\"async\" src=\"https:\/\/ceramicwall.pl\/storage\/photos\/shares\/fabric%20(2).svg\" \/><\/div>\n<div class=\"wymiary-name\"><span>Materi\u00e1l:<\/span><\/div>\n<div class=\"wymiary-value\"><span>Keramika<\/span><\/div>\n<\/div>\n<div class=\"wymiary\">\n<div class=\"wymiary-icon\"><img loading=\"lazy\" decoding=\"async\" src=\"https:\/\/ceramicwall.pl\/storage\/photos\/shares\/Inne\/Waga2.png\" width=\"25\" height=\"25\" \/><\/div>\n<div class=\"wymiary-name\"><span>V\u00e1hy:<\/span><\/div>\n<div class=\"wymiary-value\"><span>2,77 kg<\/span><\/div>\n<\/div>\n<div><strong><a href=\"http:\/\/pecedubovec.sk\/?page_id=3924\"><button type=\"submit\">Farebn\u00e9 prevedenia TU!<\/button><\/a><\/strong><\/div>\n<div><\/div>\n<div><img loading=\"lazy\" decoding=\"async\" src=\"http:\/\/pecedubovec.sk\/wp-content\/uploads\/2023\/03\/35.jpg\" alt=\"\" width=\"1055\" height=\"253\" class=\"alignnone size-full wp-image-4038\" \/><\/div>\n","protected":false},"featured_media":1000,"template":"","meta":[],"product_cat":[51],"product_tag":[],"class_list":{"0":"post-953","1":"product","2":"type-product","3":"status-publish","4":"has-post-thumbnail","6":"product_cat-keramicke-obklady-na-krby-a-pece","8":"first","9":"instock","10":"shipping-taxable","11":"purchasable","12":"product-type-simple"},"_links":{"self":[{"href":"https:\/\/pecedubovec.sk\/eshop\/wp-json\/wp\/v2\/product\/953","targetHints":{"allow":["GET"]}}],"collection":[{"href":"https:\/\/pecedubovec.sk\/eshop\/wp-json\/wp\/v2\/product"}],"about":[{"href":"https:\/\/pecedubovec.sk\/eshop\/wp-json\/wp\/v2\/types\/product"}],"wp:featuredmedia":[{"embeddable":true,"href":"https:\/\/pecedubovec.sk\/eshop\/wp-json\/wp\/v2\/media\/1000"}],"wp:attachment":[{"href":"https:\/\/pecedubovec.sk\/eshop\/wp-json\/wp\/v2\/media?parent=953"}],"wp:term":[{"taxonomy":"product_cat","embeddable":true,"href":"https:\/\/pecedubovec.sk\/eshop\/wp-json\/wp\/v2\/product_cat?post=953"},{"taxonomy":"product_tag","embeddable":true,"href":"https:\/\/pecedubovec.sk\/eshop\/wp-json\/wp\/v2\/product_tag?post=953"}],"curies":[{"name":"wp","href":"https:\/\/api.w.org\/{rel}","templated":true}]}}