{"id":954,"date":"2024-10-02T11:55:20","date_gmt":"2024-10-02T11:55:20","guid":{"rendered":"https:\/\/pecedubovec.sk\/eshop\/?post_type=product&#038;p=954"},"modified":"2024-10-02T11:56:23","modified_gmt":"2024-10-02T11:56:23","slug":"kolekcia-elegancia","status":"publish","type":"product","link":"https:\/\/pecedubovec.sk\/eshop\/produkt\/kolekcia-elegancia\/","title":{"rendered":"Kolekcia Elegancia"},"content":{"rendered":"<p><img loading=\"lazy\" decoding=\"async\" src=\"http:\/\/pecedubovec.sk\/wp-content\/uploads\/2023\/03\/elegancia.jpg\" alt=\"\" width=\"1066\" height=\"735\" class=\"alignnone size-full wp-image-3984\" \/><\/p>\n","protected":false},"excerpt":{"rendered":"<h3><span><strong>cena za 1 ks s DPH<\/strong><\/span><\/h3>\n<h3><span><u><em>Jej veli\u010denstvo jemnos\u0165<\/em><\/u><\/span><\/h3>\n<p><span>Kolekcia pln\u00e1 p\u00f4vabu a jemnosti.\u00a0Jemn\u00e9 zvlnenie vytv\u00e1ra rebrovan\u00fa \u0161trukt\u00faru, ktor\u00e1 nestr\u00e1ca ni\u010d na svojej \u013eahkosti.\u00a0Panely sa hodia do v\u0161etk\u00fdch typov interi\u00e9rov a s\u00fa zauj\u00edmav\u00fdm doplnkom aran\u017em\u00e1nu.\u00a0Ich forma je nato\u013eko univerz\u00e1lna, \u017ee umo\u017e\u0148uje, aby sa dekorat\u00edvna keramika nach\u00e1dzala v r\u00f4znych nesamozrejm\u00fdch aplik\u00e1ci\u00e1ch.\u00a0V z\u00e1vislosti od \u0161t\u00fdlu interi\u00e9ru, v ktorom sa bude nach\u00e1dza\u0165, m\u00f4\u017ee dekor ladi\u0165 so zvy\u0161kom, namiesto toho, aby mu dominoval.\u00a0Je to pr\u00edjemnej\u0161\u00ed partner ako prv\u00e9 husle v orchestri.\u00a0Pln\u00fd jednoduchosti sa ner\u00e1d h\u00e1d\u017ee.\u00a0A preto ho milujeme!<\/span><\/p>\n<div class=\"wymiary\">\n<div class=\"wymiary-icon\"><img loading=\"lazy\" decoding=\"async\" src=\"https:\/\/ceramicwall.pl\/storage\/photos\/shares\/Inne\/ID.svg\" width=\"25\" height=\"25\" \/><\/div>\n<div class=\"wymiary-name\"><span>Symbol:<\/span><\/div>\n<div class=\"wymiary-value\"><span>Cc44,01<\/span><\/div>\n<\/div>\n<div class=\"wymiary\">\n<div class=\"wymiary-icon\"><img decoding=\"async\" src=\"https:\/\/ceramicwall.pl\/storage\/photos\/shares\/reduce.svg\" \/><\/div>\n<div class=\"wymiary-name\"><span>Rozmery:<\/span><\/div>\n<div class=\"wymiary-value\"><span>440 x 220 x 27 mm<\/span><\/div>\n<\/div>\n<div class=\"wymiary\">\n<div class=\"wymiary-icon\"><img decoding=\"async\" src=\"https:\/\/ceramicwall.pl\/storage\/photos\/shares\/fabric%20(2).svg\" \/><\/div>\n<div class=\"wymiary-name\"><span>Materi\u00e1l:<\/span><\/div>\n<div class=\"wymiary-value\"><span>Keramika<\/span><\/div>\n<\/div>\n<div class=\"wymiary\">\n<div class=\"wymiary-icon\"><img loading=\"lazy\" decoding=\"async\" src=\"https:\/\/ceramicwall.pl\/storage\/photos\/shares\/Inne\/Waga2.png\" width=\"25\" height=\"25\" \/><\/div>\n<div class=\"wymiary-name\"><span>V\u00e1hy:<\/span><\/div>\n<div class=\"wymiary-value\"><span>\u00a0kg<\/span><\/div>\n<\/div>\n<p><strong><a href=\"http:\/\/pecedubovec.sk\/?page_id=3924\"><button type=\"submit\">Farebn\u00e9 prevedenia TU!<\/button><\/a><\/strong><\/p>\n<p><strong>Farebn\u00e9 prevedenia:<\/strong><img loading=\"lazy\" decoding=\"async\" src=\"http:\/\/pecedubovec.sk\/wp-content\/uploads\/2023\/03\/14.jpg\" alt=\"\" width=\"951\" height=\"319\" class=\"alignnone size-full wp-image-4035\" \/><\/p>\n","protected":false},"featured_media":1002,"template":"","meta":[],"product_cat":[51],"product_tag":[],"class_list":{"0":"post-954","1":"product","2":"type-product","3":"status-publish","4":"has-post-thumbnail","6":"product_cat-keramicke-obklady-na-krby-a-pece","8":"first","9":"instock","10":"shipping-taxable","11":"product-type-simple"},"_links":{"self":[{"href":"https:\/\/pecedubovec.sk\/eshop\/wp-json\/wp\/v2\/product\/954","targetHints":{"allow":["GET"]}}],"collection":[{"href":"https:\/\/pecedubovec.sk\/eshop\/wp-json\/wp\/v2\/product"}],"about":[{"href":"https:\/\/pecedubovec.sk\/eshop\/wp-json\/wp\/v2\/types\/product"}],"wp:featuredmedia":[{"embeddable":true,"href":"https:\/\/pecedubovec.sk\/eshop\/wp-json\/wp\/v2\/media\/1002"}],"wp:attachment":[{"href":"https:\/\/pecedubovec.sk\/eshop\/wp-json\/wp\/v2\/media?parent=954"}],"wp:term":[{"taxonomy":"product_cat","embeddable":true,"href":"https:\/\/pecedubovec.sk\/eshop\/wp-json\/wp\/v2\/product_cat?post=954"},{"taxonomy":"product_tag","embeddable":true,"href":"https:\/\/pecedubovec.sk\/eshop\/wp-json\/wp\/v2\/product_tag?post=954"}],"curies":[{"name":"wp","href":"https:\/\/api.w.org\/{rel}","templated":true}]}}