{"id":955,"date":"2024-10-02T11:55:21","date_gmt":"2024-10-02T11:55:21","guid":{"rendered":"https:\/\/pecedubovec.sk\/eshop\/?post_type=product&#038;p=955"},"modified":"2024-10-02T11:56:24","modified_gmt":"2024-10-02T11:56:24","slug":"kolekcia-wings","status":"publish","type":"product","link":"https:\/\/pecedubovec.sk\/eshop\/produkt\/kolekcia-wings\/","title":{"rendered":"Kolekcia wings"},"content":{"rendered":"<p><img loading=\"lazy\" decoding=\"async\" src=\"http:\/\/pecedubovec.sk\/wp-content\/uploads\/2023\/03\/wings.jpg\" alt=\"\" width=\"1059\" height=\"673\" class=\"alignnone size-full wp-image-3982\" \/><\/p>\n","protected":false},"excerpt":{"rendered":"<h3><span><strong>cena za 1 ks s DPH<\/strong><\/span><\/h3>\n<h3><span><u><em>Odvaha ti d\u00e1va kr\u00eddla<\/em><\/u><\/span><\/h3>\n<p><span>Kolekcia rovnako prekvapiv\u00e1 ako rafinovan\u00e1 a pln\u00e1 elegancie.\u00a0Neprehliadnute\u013en\u00fd vzor pripom\u00ednaj\u00faci roztiahnut\u00e9 kr\u00eddla na let vn\u00e1\u0161a do interi\u00e9ru dynamiku a energiu.\u00a0Panel p\u00f4sob\u00ed, akoby bol o\u017eiven\u00fd vn\u00fatornou pevnos\u0165ou, \u010do aran\u017em\u00e1nu dod\u00e1va na n\u00e1paditosti.\u00a0Zbohom monot\u00f3nnos\u0165!\u00a0Odv\u00e1\u017ena kombin\u00e1cia kontrastn\u00fdch farieb umo\u017e\u0148uje e\u0161te viac vylep\u0161i\u0165 efekt, v\u010faka \u010domu je stena rozhoduj\u00facim prvkom priestoru a ur\u010duje t\u00f3n zvy\u0161ku.\u00a0Zaoblenie dla\u017ed\u00edc rob\u00ed priestor m\u00e4kk\u00fdm a \u00fatuln\u00fdm.<\/span><\/p>\n<h3><span>Z\u00e1kladn\u00fd prvok V\u013eavo<\/span><\/h3>\n<p><img decoding=\"async\" src=\"https:\/\/ceramicwall.pl\/storage\/photos\/shares\/KOLEKCJE\/Wings\/Wings%20Lewy%20M.webp\" \/><\/p>\n<div class=\"wymiary\">\n<div class=\"wymiary-icon\"><img loading=\"lazy\" decoding=\"async\" src=\"https:\/\/ceramicwall.pl\/storage\/photos\/shares\/ID.png\" width=\"25\" height=\"25\" \/><\/div>\n<div class=\"wymiary-name\"><span>Symbol:<\/span><\/div>\n<div class=\"wymiary-value\"><span>Wi44,01 L<\/span><\/div>\n<\/div>\n<div class=\"wymiary\">\n<div class=\"wymiary-icon\"><img decoding=\"async\" src=\"https:\/\/ceramicwall.pl\/storage\/photos\/shares\/reduce.svg\" \/><\/div>\n<div class=\"wymiary-name\"><span>Rozmery:<\/span><\/div>\n<div class=\"wymiary-value\"><span>440 x 254 x 35 mm<\/span><\/div>\n<\/div>\n<div class=\"wymiary\">\n<div class=\"wymiary-icon\"><img decoding=\"async\" src=\"https:\/\/ceramicwall.pl\/storage\/photos\/shares\/fabric%20(2).svg\" \/><\/div>\n<div class=\"wymiary-name\"><span>Materi\u00e1l:<\/span><\/div>\n<div class=\"wymiary-value\"><span>Keramika<\/span><\/div>\n<\/div>\n<div class=\"wymiary\">\n<div class=\"wymiary-icon\"><img loading=\"lazy\" decoding=\"async\" src=\"https:\/\/ceramicwall.pl\/storage\/photos\/shares\/Waga.png\" width=\"25\" height=\"25\" \/><\/div>\n<div class=\"wymiary-name\"><span>V\u00e1hy:<\/span><\/div>\n<div class=\"wymiary-value\"><span>1,64 kg<\/span><\/div>\n<\/div>\n<div>\n<h3><span>Z\u00e1kladn\u00fd prvok vpravo<\/span><\/h3>\n<div class=\"wymiary\">\n<div class=\"wymiary-icon\"><img loading=\"lazy\" decoding=\"async\" src=\"https:\/\/ceramicwall.pl\/storage\/photos\/shares\/ID.png\" width=\"25\" height=\"25\" \/><\/div>\n<div class=\"wymiary-name\"><span>Symbol:<\/span><\/div>\n<div class=\"wymiary-value\"><span>Wi44.01 P<\/span><\/div>\n<\/div>\n<div class=\"wymiary\">\n<div class=\"wymiary-icon\"><img decoding=\"async\" src=\"https:\/\/ceramicwall.pl\/storage\/photos\/shares\/reduce.svg\" \/><\/div>\n<div class=\"wymiary-name\"><span>Rozmery:<\/span><\/div>\n<div class=\"wymiary-value\"><span>440 x 254 x 35 mm<\/span><\/div>\n<\/div>\n<div class=\"wymiary\">\n<div class=\"wymiary-icon\"><img decoding=\"async\" src=\"https:\/\/ceramicwall.pl\/storage\/photos\/shares\/fabric%20(2).svg\" \/><\/div>\n<div class=\"wymiary-name\"><span>Materi\u00e1l:<\/span><\/div>\n<div class=\"wymiary-value\"><span>Keramika<\/span><\/div>\n<\/div>\n<div class=\"wymiary\">\n<div class=\"wymiary-icon\"><img loading=\"lazy\" decoding=\"async\" src=\"https:\/\/ceramicwall.pl\/storage\/photos\/shares\/Waga.png\" width=\"25\" height=\"25\" \/><\/div>\n<div class=\"wymiary-name\"><span>V\u00e1hy:<\/span><\/div>\n<div class=\"wymiary-value\"><span>1,64 kg<\/span><\/div>\n<\/div>\n<\/div>\n<div><img decoding=\"async\" src=\"https:\/\/ceramicwall.pl\/storage\/photos\/shares\/KOLEKCJE\/Wings\/Wings%20Prawy%20M.webp\" alt=\"img\" \/><\/div>\n<div class=\"wymiary\">\n<div class=\"wymiary-value\"><img decoding=\"async\" src=\"https:\/\/ceramicwall.pl\/storage\/photos\/shares\/KOLEKCJE\/Wings\/Wings%20Przekroje.webp\" \/><\/div>\n<\/div>\n<p><strong><a href=\"http:\/\/pecedubovec.sk\/?page_id=3924\"><button type=\"submit\">Farebn\u00e9 prevedenia TU!<\/button><\/a><\/strong><\/p>\n","protected":false},"featured_media":1004,"template":"","meta":[],"product_cat":[51],"product_tag":[],"class_list":{"0":"post-955","1":"product","2":"type-product","3":"status-publish","4":"has-post-thumbnail","6":"product_cat-keramicke-obklady-na-krby-a-pece","8":"first","9":"instock","10":"shipping-taxable","11":"purchasable","12":"product-type-simple"},"_links":{"self":[{"href":"https:\/\/pecedubovec.sk\/eshop\/wp-json\/wp\/v2\/product\/955","targetHints":{"allow":["GET"]}}],"collection":[{"href":"https:\/\/pecedubovec.sk\/eshop\/wp-json\/wp\/v2\/product"}],"about":[{"href":"https:\/\/pecedubovec.sk\/eshop\/wp-json\/wp\/v2\/types\/product"}],"wp:featuredmedia":[{"embeddable":true,"href":"https:\/\/pecedubovec.sk\/eshop\/wp-json\/wp\/v2\/media\/1004"}],"wp:attachment":[{"href":"https:\/\/pecedubovec.sk\/eshop\/wp-json\/wp\/v2\/media?parent=955"}],"wp:term":[{"taxonomy":"product_cat","embeddable":true,"href":"https:\/\/pecedubovec.sk\/eshop\/wp-json\/wp\/v2\/product_cat?post=955"},{"taxonomy":"product_tag","embeddable":true,"href":"https:\/\/pecedubovec.sk\/eshop\/wp-json\/wp\/v2\/product_tag?post=955"}],"curies":[{"name":"wp","href":"https:\/\/api.w.org\/{rel}","templated":true}]}}