{"id":956,"date":"2024-10-02T11:55:21","date_gmt":"2024-10-02T11:55:21","guid":{"rendered":"https:\/\/pecedubovec.sk\/eshop\/?post_type=product&#038;p=956"},"modified":"2024-10-02T11:56:25","modified_gmt":"2024-10-02T11:56:25","slug":"kolekcia-loft-1","status":"publish","type":"product","link":"https:\/\/pecedubovec.sk\/eshop\/produkt\/kolekcia-loft-1\/","title":{"rendered":"Kolekcia loft 1"},"content":{"rendered":"<p><img loading=\"lazy\" decoding=\"async\" src=\"http:\/\/pecedubovec.sk\/wp-content\/uploads\/2023\/03\/loft.jpg\" alt=\"\" width=\"1066\" height=\"724\" class=\"alignnone size-full wp-image-3980\" \/><\/p>\n","protected":false},"excerpt":{"rendered":"<p><span><strong>cena za 1 ks s DPH<\/strong><\/span><\/p>\n<p><span>V m\u00f3de industri\u00e1lnych interi\u00e9rov nemohli ch\u00fdba\u0165 na\u0161e panely.\u00a0<\/span><span>Kolekcia pon\u00faka charakteristick\u00e9 skrutkovan\u00e9 panely, ktor\u00e9 vn\u00e1\u0161aj\u00fa do priestoru industri\u00e1lny charakter.\u00a0<\/span><span>\u0160t\u00fdl oce\u013eov\u00fdch pl\u00e1tov s vidite\u013en\u00fdmi nitmi dod\u00e1va vizu\u00e1lnu surovos\u0165 a autentickos\u0165.\u00a0<\/span><span>Pr\u00e1vom prich\u00e1dzaj\u00fa do \u00favahy asoci\u00e1cie s lodenicami, oceliar\u0148ami a skladmi.\u00a0<\/span><span>O jemnosti a jemnosti tu nem\u00f4\u017ee by\u0165 ani re\u010di.\u00a0<\/span><span>Panel je bojovn\u00edk v \u0165a\u017ekej v\u00e1he, ktor\u00fd si profesion\u00e1lne pln\u00ed svoju \u00falohu.\u00a0<\/span><span>Ka\u017ed\u00fd povrch, ktor\u00fd pokr\u00fdva, p\u00fata pozornos\u0165 a vyvol\u00e1va re\u0161pekt.\u00a0<\/span><span>Tlmen\u00e1 farba a ve\u013ekos\u0165 tanierov dokonale lad\u00ed s postindustri\u00e1lnym jazykom.\u00a0<\/span><span>Loftov\u00e1 kolekcia vyzer\u00e1 najlep\u0161ie vo vysok\u00fdch a otvoren\u00fdch priestoroch.\u00a0<\/span><span>Pri v\u00fdbere loftov\u00e9ho panelu sa oplat\u00ed by\u0165 d\u00f4sledn\u00fd a zvoli\u0165 si \u010fal\u0161ie interi\u00e9rov\u00e9 \u200b\u200bprvky v industri\u00e1lnom \u0161t\u00fdle.\u00a0<\/span><span>M\u00e1me obrovsk\u00e9 pole, kde sa m\u00f4\u017eeme pochv\u00e1li\u0165!<\/span><\/p>\n<div class=\"wymiary\">\n<div class=\"wymiary-icon\"><img loading=\"lazy\" decoding=\"async\" src=\"https:\/\/ceramicwall.pl\/storage\/photos\/shares\/Inne\/ID.svg\" width=\"25\" height=\"25\" \/><\/div>\n<div class=\"wymiary-name\"><span>Symbol:<\/span><\/div>\n<div class=\"wymiary-value\"><span>Lo44.01<\/span><\/div>\n<\/div>\n<div class=\"wymiary\">\n<div class=\"wymiary-icon\"><img decoding=\"async\" src=\"https:\/\/ceramicwall.pl\/storage\/photos\/shares\/reduce.svg\" \/><\/div>\n<div class=\"wymiary-name\"><span>Rozmery:<\/span><\/div>\n<div class=\"wymiary-value\"><span>440 x 220 x 25 mm<\/span><\/div>\n<\/div>\n<div class=\"wymiary\">\n<div class=\"wymiary-icon\"><img decoding=\"async\" src=\"https:\/\/ceramicwall.pl\/storage\/photos\/shares\/fabric%20(2).svg\" \/><\/div>\n<div class=\"wymiary-name\"><span>Materi\u00e1l:<\/span><\/div>\n<div class=\"wymiary-value\"><span>Keramika<\/span><\/div>\n<\/div>\n<div class=\"wymiary\">\n<div class=\"wymiary-icon\"><img loading=\"lazy\" decoding=\"async\" src=\"https:\/\/ceramicwall.pl\/storage\/photos\/shares\/Inne\/Waga2.png\" width=\"25\" height=\"25\" \/><\/div>\n<div class=\"wymiary-name\"><span>V\u00e1hy:<\/span><\/div>\n<div class=\"wymiary-value\"><span>3,42 kg<\/span><\/div>\n<\/div>\n<p><strong><a href=\"http:\/\/pecedubovec.sk\/?page_id=3924\"><button type=\"submit\">Farebn\u00e9 prevedenia TU!<\/button><\/a><\/strong><\/p>\n","protected":false},"featured_media":1005,"template":"","meta":[],"product_cat":[51],"product_tag":[],"class_list":{"0":"post-956","1":"product","2":"type-product","3":"status-publish","4":"has-post-thumbnail","6":"product_cat-keramicke-obklady-na-krby-a-pece","8":"first","9":"instock","10":"shipping-taxable","11":"purchasable","12":"product-type-simple"},"_links":{"self":[{"href":"https:\/\/pecedubovec.sk\/eshop\/wp-json\/wp\/v2\/product\/956","targetHints":{"allow":["GET"]}}],"collection":[{"href":"https:\/\/pecedubovec.sk\/eshop\/wp-json\/wp\/v2\/product"}],"about":[{"href":"https:\/\/pecedubovec.sk\/eshop\/wp-json\/wp\/v2\/types\/product"}],"wp:featuredmedia":[{"embeddable":true,"href":"https:\/\/pecedubovec.sk\/eshop\/wp-json\/wp\/v2\/media\/1005"}],"wp:attachment":[{"href":"https:\/\/pecedubovec.sk\/eshop\/wp-json\/wp\/v2\/media?parent=956"}],"wp:term":[{"taxonomy":"product_cat","embeddable":true,"href":"https:\/\/pecedubovec.sk\/eshop\/wp-json\/wp\/v2\/product_cat?post=956"},{"taxonomy":"product_tag","embeddable":true,"href":"https:\/\/pecedubovec.sk\/eshop\/wp-json\/wp\/v2\/product_tag?post=956"}],"curies":[{"name":"wp","href":"https:\/\/api.w.org\/{rel}","templated":true}]}}