{"id":958,"date":"2024-10-02T11:55:21","date_gmt":"2024-10-02T11:55:21","guid":{"rendered":"https:\/\/pecedubovec.sk\/eshop\/?post_type=product&#038;p=958"},"modified":"2024-10-02T11:56:27","modified_gmt":"2024-10-02T11:56:27","slug":"kolekcia-rebel","status":"publish","type":"product","link":"https:\/\/pecedubovec.sk\/eshop\/produkt\/kolekcia-rebel\/","title":{"rendered":"Kolekcia rebel"},"content":{"rendered":"<p><img loading=\"lazy\" decoding=\"async\" src=\"http:\/\/pecedubovec.sk\/wp-content\/uploads\/2023\/03\/ebel.jpg\" alt=\"\" width=\"1070\" height=\"726\" class=\"alignnone size-full wp-image-3977\" \/><\/p>\n<p><img loading=\"lazy\" decoding=\"async\" src=\"http:\/\/pecedubovec.sk\/wp-content\/uploads\/2023\/03\/70.jpg\" alt=\"\" width=\"820\" height=\"201\" class=\"alignnone size-full wp-image-4048\" \/><\/p>\n","protected":false},"excerpt":{"rendered":"<p><span><strong>cena za 1 ks s DPH82<\/strong><\/span><\/p>\n<p><span>\u010c\u00edm dynamickej\u0161ie kombin\u00e1cie vo vn\u00fatri, t\u00fdm viac temperamentu z\u00edskava.\u00a0<\/span><span>Kontrast medzi ostr\u00fdmi hranami panelov a zaobleniami na ostatn\u00fdch prvkoch v\u00fdbavy dod\u00e1va elektrizuj\u00faci efekt!\u00a0<\/span><span>Svetlo je spojencom dekorat\u00edvnej n\u00e1stennej keramiky, preto\u017ee zv\u00fdraz\u0148uje jej siln\u00e9 str\u00e1nky a \u0161trukt\u00faru.\u00a0<\/span><span>Slne\u010dn\u00fd l\u00fa\u010d sa objavuje a mizne v priehlbin\u00e1ch a na ka\u017edom paneli predv\u00e1dza ak\u00fdsi sveteln\u00fd tanec.\u00a0<\/span><span>Nie je jedin\u00fd, kto interaguje s pr\u00edrodn\u00fdm materi\u00e1lom, ktor\u00fdm je keramika.\u00a0<\/span><span>Ruky hore, kto odol\u00e1 a nedotkne sa povrchu takto oblo\u017eenej steny.\u00a0<\/span><span>Za\u017eite nie\u010do nev\u00eddan\u00e9 a stimuluj\u00face zmysly &#8211; zaru\u010den\u00e9.<\/span><\/p>\n<div class=\"wymiary\">\n<div class=\"wymiary-icon\"><img loading=\"lazy\" decoding=\"async\" src=\"https:\/\/ceramicwall.pl\/storage\/photos\/shares\/Inne\/ID.svg\" width=\"25\" height=\"25\" \/><\/div>\n<div class=\"wymiary-name\"><span>Symbol:<\/span><\/div>\n<div class=\"wymiary-value\"><span>Re44.01<\/span><\/div>\n<\/div>\n<div class=\"wymiary\">\n<div class=\"wymiary-icon\"><img decoding=\"async\" src=\"https:\/\/ceramicwall.pl\/storage\/photos\/shares\/reduce.svg\" \/><\/div>\n<div class=\"wymiary-name\"><span>Rozmery:<\/span><\/div>\n<div class=\"wymiary-value\"><span>440 x 220 x 40 mm<\/span><\/div>\n<\/div>\n<div class=\"wymiary\">\n<div class=\"wymiary-icon\"><img decoding=\"async\" src=\"https:\/\/ceramicwall.pl\/storage\/photos\/shares\/fabric%20(2).svg\" \/><\/div>\n<div class=\"wymiary-name\"><span>Materi\u00e1l:<\/span><\/div>\n<div class=\"wymiary-value\"><span>Keramika<\/span><\/div>\n<\/div>\n<div class=\"wymiary\">\n<div class=\"wymiary-icon\"><img loading=\"lazy\" decoding=\"async\" src=\"https:\/\/ceramicwall.pl\/storage\/photos\/shares\/Inne\/Waga2.png\" width=\"25\" height=\"25\" \/><\/div>\n<div class=\"wymiary-name\"><span>V\u00e1hy:<\/span><\/div>\n<div class=\"wymiary-value\"><span>3,35 kg<\/span><\/div>\n<div><img decoding=\"async\" src=\"https:\/\/ceramicwall.pl\/storage\/photos\/shares\/KOLEKCJE\/Rebel\/Rebel%20Przekroje.webp\" \/><\/div>\n<\/div>\n<p><strong><a href=\"http:\/\/pecedubovec.sk\/?page_id=3924\"><button type=\"submit\">Farebn\u00e9 prevedenia TU!<\/button><\/a><\/strong><\/p>\n","protected":false},"featured_media":1011,"template":"","meta":[],"product_cat":[51],"product_tag":[],"class_list":{"0":"post-958","1":"product","2":"type-product","3":"status-publish","4":"has-post-thumbnail","6":"product_cat-keramicke-obklady-na-krby-a-pece","8":"first","9":"instock","10":"shipping-taxable","11":"purchasable","12":"product-type-simple"},"_links":{"self":[{"href":"https:\/\/pecedubovec.sk\/eshop\/wp-json\/wp\/v2\/product\/958","targetHints":{"allow":["GET"]}}],"collection":[{"href":"https:\/\/pecedubovec.sk\/eshop\/wp-json\/wp\/v2\/product"}],"about":[{"href":"https:\/\/pecedubovec.sk\/eshop\/wp-json\/wp\/v2\/types\/product"}],"wp:featuredmedia":[{"embeddable":true,"href":"https:\/\/pecedubovec.sk\/eshop\/wp-json\/wp\/v2\/media\/1011"}],"wp:attachment":[{"href":"https:\/\/pecedubovec.sk\/eshop\/wp-json\/wp\/v2\/media?parent=958"}],"wp:term":[{"taxonomy":"product_cat","embeddable":true,"href":"https:\/\/pecedubovec.sk\/eshop\/wp-json\/wp\/v2\/product_cat?post=958"},{"taxonomy":"product_tag","embeddable":true,"href":"https:\/\/pecedubovec.sk\/eshop\/wp-json\/wp\/v2\/product_tag?post=958"}],"curies":[{"name":"wp","href":"https:\/\/api.w.org\/{rel}","templated":true}]}}