{"id":959,"date":"2024-10-02T11:55:21","date_gmt":"2024-10-02T11:55:21","guid":{"rendered":"https:\/\/pecedubovec.sk\/eshop\/?post_type=product&#038;p=959"},"modified":"2024-10-02T11:56:29","modified_gmt":"2024-10-02T11:56:29","slug":"kolekcia-zen","status":"publish","type":"product","link":"https:\/\/pecedubovec.sk\/eshop\/produkt\/kolekcia-zen\/","title":{"rendered":"Kolekcia Zen"},"content":{"rendered":"<p><img loading=\"lazy\" decoding=\"async\" src=\"http:\/\/pecedubovec.sk\/wp-content\/uploads\/2023\/03\/zen.jpg\" alt=\"\" width=\"1065\" height=\"718\" class=\"alignnone size-full wp-image-3975\" \/><\/p>\n<p><img loading=\"lazy\" decoding=\"async\" src=\"http:\/\/pecedubovec.sk\/wp-content\/uploads\/2023\/03\/503.jpg\" alt=\"\" width=\"1095\" height=\"264\" class=\"alignnone size-full wp-image-4056\" \/><\/p>\n","protected":false},"excerpt":{"rendered":"<h3><span><strong>cena za 1 ks s DPH<\/strong><\/span><\/h3>\n<h3><span><u><em>Upokojuj\u00face a uvo\u013e\u0148uj\u00face<\/em><\/u><\/span><\/h3>\n<p><span>T\u00e1to kolekcia dokazuje, \u017ee menej m\u00f4\u017ee by\u0165 viac.\u00a0Minimalizmus v interi\u00e9roch p\u00f4sob\u00ed upokojuj\u00faco, upokojuje nervy.\u00a0Automaticky chceme st\u00ed\u0161i\u0165 hlas a uvo\u013eni\u0165 sa.\u00a0Nad\u0161enci zenov\u00e9ho \u0161t\u00fdlu upravuj\u00fa priestor okolo seba po vzore tibetsk\u00fdch chr\u00e1mov, ktor\u00e9 mali svojou jednoduchos\u0165ou pom\u00e1ha\u0165 mn\u00edchom meditova\u0165.\u00a0To je pr\u00e1ve smer, ku ktor\u00e9mu prid\u00e1vame n\u00e1\u0161 z\u00e1padn\u00fd poh\u013ead na interi\u00e9ry.\u00a0My\u0161lienka v\u0161ak zost\u00e1va rovnak\u00e1: starostlivo vyberajme prvky n\u00e1\u0161ho prostredia, aby sme nechali priestor pre vo\u013en\u00fd tok my\u0161lienok.\u00a0Keramick\u00e9 panely svojou vlnovos\u0165ou v n\u00e1s z\u00e1zra\u010dne uvo\u013e\u0148uj\u00fa nap\u00e4tie a vn\u00e1\u0161aj\u00fa do interi\u00e9ru harm\u00f3niu.\u00a0Ich rytmus a opakovanie prin\u00e1\u0161aj\u00fa pokoj a \u00fatechu.<\/span><\/p>\n<div class=\"wymiary\">\n<div class=\"wymiary-icon\"><img loading=\"lazy\" decoding=\"async\" src=\"https:\/\/ceramicwall.pl\/storage\/photos\/shares\/Inne\/ID.svg\" width=\"25\" height=\"25\" \/><\/div>\n<div class=\"wymiary-name\"><span>Symbol:<\/span><\/div>\n<div class=\"wymiary-value\"><span>Ze44.01<\/span><\/div>\n<\/div>\n<div class=\"wymiary\">\n<div class=\"wymiary-icon\"><img decoding=\"async\" src=\"https:\/\/ceramicwall.pl\/storage\/photos\/shares\/reduce.svg\" \/><\/div>\n<div class=\"wymiary-name\"><span>Rozmery:<\/span><\/div>\n<div class=\"wymiary-value\"><span>440 x 220 x 40 mm<\/span><\/div>\n<\/div>\n<div class=\"wymiary\">\n<div class=\"wymiary-icon\"><img decoding=\"async\" src=\"https:\/\/ceramicwall.pl\/storage\/photos\/shares\/fabric%20(2).svg\" \/><\/div>\n<div class=\"wymiary-name\"><span>Materi\u00e1l:<\/span><\/div>\n<div class=\"wymiary-value\"><span>Keramika<\/span><\/div>\n<\/div>\n<div class=\"wymiary\">\n<div class=\"wymiary-icon\"><img loading=\"lazy\" decoding=\"async\" src=\"https:\/\/ceramicwall.pl\/storage\/photos\/shares\/Inne\/Waga2.png\" width=\"25\" height=\"25\" \/><\/div>\n<div class=\"wymiary-name\"><span>V\u00e1hy:<\/span><\/div>\n<div class=\"wymiary-value\"><span>3,43 kg<\/span><\/div>\n<div><img decoding=\"async\" src=\"https:\/\/ceramicwall.pl\/storage\/photos\/shares\/KOLEKCJE\/Zen\/Zen%20Przekroje.webp\" \/><\/div>\n<\/div>\n<p><strong><a href=\"http:\/\/pecedubovec.sk\/?page_id=3924\"><button type=\"submit\">Farebn\u00e9 prevedenia TU!<\/button><\/a><\/strong><\/p>\n","protected":false},"featured_media":1012,"template":"","meta":[],"product_cat":[51],"product_tag":[],"class_list":{"0":"post-959","1":"product","2":"type-product","3":"status-publish","4":"has-post-thumbnail","6":"product_cat-keramicke-obklady-na-krby-a-pece","8":"first","9":"instock","10":"shipping-taxable","11":"purchasable","12":"product-type-simple"},"_links":{"self":[{"href":"https:\/\/pecedubovec.sk\/eshop\/wp-json\/wp\/v2\/product\/959","targetHints":{"allow":["GET"]}}],"collection":[{"href":"https:\/\/pecedubovec.sk\/eshop\/wp-json\/wp\/v2\/product"}],"about":[{"href":"https:\/\/pecedubovec.sk\/eshop\/wp-json\/wp\/v2\/types\/product"}],"wp:featuredmedia":[{"embeddable":true,"href":"https:\/\/pecedubovec.sk\/eshop\/wp-json\/wp\/v2\/media\/1012"}],"wp:attachment":[{"href":"https:\/\/pecedubovec.sk\/eshop\/wp-json\/wp\/v2\/media?parent=959"}],"wp:term":[{"taxonomy":"product_cat","embeddable":true,"href":"https:\/\/pecedubovec.sk\/eshop\/wp-json\/wp\/v2\/product_cat?post=959"},{"taxonomy":"product_tag","embeddable":true,"href":"https:\/\/pecedubovec.sk\/eshop\/wp-json\/wp\/v2\/product_tag?post=959"}],"curies":[{"name":"wp","href":"https:\/\/api.w.org\/{rel}","templated":true}]}}